{"id":8848,"date":"2023-10-31T19:04:48","date_gmt":"2023-10-31T19:04:48","guid":{"rendered":"https:\/\/osicsnetwork.com\/a-propos-osics\/consulting-fee-structure\/"},"modified":"2026-03-17T20:50:17","modified_gmt":"2026-03-17T20:50:17","slug":"structure-des-frais-de-consultance","status":"publish","type":"page","link":"https:\/\/osicsnetwork.com\/fr\/a-propos-osics\/structure-des-frais-de-consultance\/","title":{"rendered":"Structure des frais de consultance"},"content":{"rendered":"<div class=\"wpb-content-wrapper\"><p>[vc_row css=&#8221;.vc_custom_1697673798322{padding-top: 80px !important;padding-bottom: 80px !important;background-color: #ffffff !important;}&#8221;][vc_column][vc_custom_heading text=&#8221;Une structure d\u2019honoraires con\u00e7ue pour \u00eatre rentable, flexible et transparente.&#8221; font_container=&#8221;tag:h1|text_align:center|color:%23658a1d&#8221; use_theme_fonts=&#8221;yes&#8221; subtitle=&#8221;Honoraires-conseils, tarification fond\u00e9e sur la valeur&#8221;][stm_spacing lg_spacing=&#8221;30&#8243; md_spacing=&#8221;30&#8243; sm_spacing=&#8221;18&#8243; xs_spacing=&#8221;12&#8243;][vc_row_inner content_placement=&#8221;middle&#8221; gap=&#8221;20&#8243;][vc_column_inner width=&#8221;1\/2&#8243;][vc_column_text]<\/p>\n<p style=\"text-align: justify;\">Chez OSICS, notre structure d\u2019honoraires est con\u00e7ue pour offrir une valeur optimale \u00e0 nos clients, tout en assurant transparence et flexibilit\u00e9. Nous privil\u00e9gions une approche collaborative dans laquelle nous investissons du temps et des ressources afin de garantir \u00e0 nos clients les meilleurs services, adapt\u00e9s \u00e0 leurs besoins sp\u00e9cifiques, \u00e0 une fraction du co\u00fbt des grandes firmes de conseil.<\/p>\n<p style=\"text-align: justify;\">Honoraires-conseils et tarification fond\u00e9e sur la valeur&nbsp;: nous croyons en une structure d\u2019honoraires qui refl\u00e8te la v\u00e9ritable valeur des services que nous offrons. Notre tarification repose sur un mod\u00e8le fond\u00e9 sur la valeur, ce qui signifie que nos honoraires sont align\u00e9s sur l\u2019impact et la valeur que nous apportons aux projets de nos clients. Cela garantit \u00e0 nos clients une entente juste et \u00e9quitable, o\u00f9 le co\u00fbt de nos services correspond directement aux b\u00e9n\u00e9fices et aux r\u00e9sultats obtenus.<\/p>\n<p>[\/vc_column_text][\/vc_column_inner][vc_column_inner width=&#8221;1\/2&#8243;][vc_single_image image=&#8221;8116&#8243; img_size=&#8221;full&#8221; alignment=&#8221;center&#8221;][\/vc_column_inner][\/vc_row_inner][stm_spacing lg_spacing=&#8221;30&#8243; md_spacing=&#8221;30&#8243; sm_spacing=&#8221;18&#8243; xs_spacing=&#8221;12&#8243;][\/vc_column][\/vc_row][vc_row full_width=&#8221;stretch_row&#8221; el_class=&#8221;overlay_2 fixed_bg&#8221; css=&#8221;.vc_custom_1699056154145{padding-top: 40px !important;padding-bottom: 40px !important;background-color: #4a5e72 !important;background-position: center !important;background-repeat: no-repeat !important;background-size: cover !important;}&#8221;][vc_column][vc_custom_heading text=&#8221;Sans des ressources humaines ad\u00e9quates, form\u00e9es, mobilis\u00e9es et responsabilis\u00e9es pour livrer une transformation de la performance, la valeur et l\u2019impact \u00e0 moyen et long terme demeurent limit\u00e9s.<br \/>\n<mark>Cela constitue le fondement de tout succ\u00e8s durable.<\/mark>&#8221; font_container=&#8221;tag:div|font_size:22px|text_align:center|color:%23ffffff|line_height:34px&#8221; google_fonts=&#8221;font_family:Poppins%3A300%2Cregular%2C500%2C600%2C700|font_style:700%20bold%3A700%3Anormal&#8221;][\/vc_column][\/vc_row][vc_row css=&#8221;.vc_custom_1697673867348{padding-top: 100px !important;padding-bottom: 80px !important;background-color: #ffffff !important;}&#8221;][vc_column][vc_row_inner content_placement=&#8221;middle&#8221; gap=&#8221;20&#8243;][vc_column_inner width=&#8221;1\/2&#8243;][vc_column_text]<\/p>\n<p style=\"text-align: justify;\"><strong>Efficacit\u00e9 et gestion des co\u00fbts&nbsp;:<\/strong> Contrairement \u00e0 certaines grandes firmes de conseil, nous n\u2019avons pas d\u2019importants frais g\u00e9n\u00e9raux ni d\u2019actifs fixes lourds \u00e0 maintenir. Cela nous permet d\u2019op\u00e9rer avec une structure plus l\u00e9g\u00e8re et de faire profiter nos clients ainsi que nos consultants ind\u00e9pendants des \u00e9conomies r\u00e9alis\u00e9es. En cons\u00e9quence, notre structure d\u2019honoraires demeure concurrentielle tout en maintenant le plus haut niveau de qualit\u00e9 de service.<\/p>\n<p>[\/vc_column_text][vc_separator][vc_column_text]<\/p>\n<blockquote>\n<p style=\"text-align: justify;\"><strong>Transparence et flexibilit\u00e9&nbsp;:<\/strong> La transparence est au c\u0153ur de notre structure d\u2019honoraires. Nous croyons en une communication ouverte et en des modalit\u00e9s financi\u00e8res claires. Les clients peuvent s\u2019attendre \u00e0 une divulgation compl\u00e8te des co\u00fbts, afin d\u2019avoir une compr\u00e9hension totale de l\u2019investissement requis pour leur mandat de conseil.<\/p>\n<\/blockquote>\n<p>[\/vc_column_text][\/vc_column_inner][vc_column_inner width=&#8221;1\/2&#8243; css=&#8221;.vc_custom_1698778992316{padding-top: 50px !important;padding-right: 50px !important;padding-bottom: 50px !important;padding-left: 50px !important;background-color: #f9f9f9 !important;}&#8221;][vc_column_text]<\/p>\n<h5 style=\"text-align: justify;\">Notre mod\u00e8le d\u2019honoraires est hautement adaptable afin de r\u00e9pondre \u00e0 la diversit\u00e9 des besoins de nos clients<\/h5>\n<p style=\"text-align: justify;\"><strong>Tarification \u00e0 l\u2019usage&nbsp;:<\/strong> Pour les clients qui ont besoin de services ponctuels ou cibl\u00e9s, nous offrons un mod\u00e8le de tarification \u00e0 l\u2019usage. Cela permet une grande flexibilit\u00e9 pour retenir nos services selon les besoins, au moment opportun.<\/p>\n<p style=\"text-align: justify;\"><strong>R\u00e9mun\u00e9ration au r\u00e9sultat&nbsp;:<\/strong> Dans certains cas, nous proposons une structure d\u2019honoraires fond\u00e9e sur la performance. Cela aligne notre r\u00e9mun\u00e9ration sur les r\u00e9sultats et les r\u00e9alisations concr\u00e8tes du projet, d\u00e9montrant ainsi notre engagement \u00e0 livrer des r\u00e9sultats tangibles.<\/p>\n<p style=\"text-align: justify;\"><strong>Honoraires forfaitaires&nbsp;:<\/strong> Pour les projets dont la port\u00e9e et l\u2019\u00e9ch\u00e9ancier sont bien d\u00e9finis, nous offrons une structure \u00e0 honoraires fixes. Cela apporte pr\u00e9visibilit\u00e9 et clart\u00e9 quant aux co\u00fbts, en \u00e9vitant toute surprise en cours de route.<\/p>\n<p>[\/vc_column_text][\/vc_column_inner][\/vc_row_inner][stm_spacing lg_spacing=&#8221;30&#8243; md_spacing=&#8221;30&#8243; sm_spacing=&#8221;18&#8243; xs_spacing=&#8221;12&#8243;][\/vc_column][\/vc_row][vc_row full_width=&#8221;stretch_row&#8221; equal_height=&#8221;yes&#8221; css=&#8221;.vc_custom_1697673685291{background-color: #f4f4f4 !important;}&#8221;][vc_column width=&#8221;1\/2&#8243; css=&#8221;.vc_custom_1553422640194{padding-right: 15px !important;}&#8221;][stm_spacing lg_spacing=&#8221;85&#8243; md_spacing=&#8221;85&#8243; sm_spacing=&#8221;70&#8243; xs_spacing=&#8221;70&#8243;][vc_custom_heading stripe_pos=&#8221;hide&#8221; text=&#8221;\u00c0 la recherche d\u2019une<br \/>\nsolution adapt\u00e9e \u00e0 vos besoins ?&#8221; font_container=&#8221;tag:h2|text_align:left|color:%23658a1d&#8221; use_theme_fonts=&#8221;yes&#8221;][stm_spacing lg_spacing=&#8221;6&#8243; md_spacing=&#8221;6&#8243; sm_spacing=&#8221;6&#8243; xs_spacing=&#8221;6&#8243;][vc_column_text css=&#8221;.vc_custom_1722095157288{padding-right: 20px !important;padding-left: 0px !important;}&#8221;]Chez OSICS, notre \u00e9quipe de consultants se sp\u00e9cialise dans la prestation de services-conseils exceptionnels aux clients des secteurs de l\u2019industrie pharmaceutique et de la biotechnologie.[\/vc_column_text][vc_column_text]<\/p>\n<ul>\n<li><a href=\"https:\/\/osicsnetwork.com\/fr\/contextes-et-defis\/\">D\u00e9fis d\u2019affaires<\/a><\/li>\n<li><a href=\"https:\/\/osicsnetwork.com\/fr\/objectifs-projets\/\">Objectifs et priorit\u00e9s organisationnelles<\/a><\/li>\n<li><a href=\"https:\/\/osicsnetwork.com\/fr\/ressources\/\">Experts ind\u00e9pendants et consultants<\/a><\/li>\n<li><a href=\"https:\/\/osicsnetwork.com\/fr\/services\/\">Services OSICS<\/a><\/li>\n<\/ul>\n<p>[\/vc_column_text][stm_spacing lg_spacing=&#8221;80&#8243; md_spacing=&#8221;80&#8243; sm_spacing=&#8221;60&#8243; xs_spacing=&#8221;60&#8243;][\/vc_column][vc_column stretch=&#8221;right&#8221; width=&#8221;1\/2&#8243; css=&#8221;.vc_custom_1699056204694{background-image: url(https:\/\/osicsnetwork.com\/wp-content\/uploads\/2023\/11\/shutterstock_313766822BIS.jpg?id=8012) !important;background-position: center !important;background-repeat: no-repeat !important;background-size: cover !important;}&#8221; offset=&#8221;vc_hidden-xs&#8221;][\/vc_column][\/vc_row][vc_row css=&#8221;.vc_custom_1698507176982{padding-top: 120px !important;padding-bottom: 60px !important;background-color: #ffffff !important;}&#8221;][vc_column][stm_spacing lg_spacing=&#8221;30&#8243; md_spacing=&#8221;30&#8243; sm_spacing=&#8221;18&#8243; xs_spacing=&#8221;12&#8243;][vc_row_inner content_placement=&#8221;middle&#8221; gap=&#8221;20&#8243;][vc_column_inner width=&#8221;1\/2&#8243;][vc_single_image image=&#8221;7479&#8243; img_size=&#8221;full&#8221; alignment=&#8221;center&#8221;][\/vc_column_inner][vc_column_inner width=&#8221;1\/2&#8243;][vc_column_text]<\/p>\n<p style=\"text-align: justify;\">En d\u00e9finitive, notre structure d\u2019honoraires est con\u00e7ue pour refl\u00e9ter notre engagement \u00e0 offrir des services-conseils personnalis\u00e9s et de grande qualit\u00e9. Nous visons \u00e0 livrer une valeur exceptionnelle tout en veillant \u00e0 ce que nos clients aient une compr\u00e9hension claire de l\u2019investissement requis pour leur projet sp\u00e9cifique.<\/p>\n<p style=\"text-align: justify;\">Gr\u00e2ce \u00e0 cette approche, nous favorisons un partenariat solide et collaboratif avec nos clients, centr\u00e9 sur l\u2019atteinte de leurs objectifs strat\u00e9giques dans les industries pharmaceutique et biotechnologique.<\/p>\n<p>[\/vc_column_text][vc_btn title=&#8221;Demande de rendez-vous&#8221; style=&#8221;custom&#8221; custom_background=&#8221;#658c1c&#8221; custom_text=&#8221;#ffffff&#8221; shape=&#8221;square&#8221; size=&#8221;sm&#8221; link=&#8221;url:https%3A%2F%2Fosicsnetwork.com%2Ffr%2Fcontact%2F|&#8221;][\/vc_column_inner][\/vc_row_inner][stm_spacing lg_spacing=&#8221;30&#8243; md_spacing=&#8221;30&#8243; sm_spacing=&#8221;18&#8243; xs_spacing=&#8221;12&#8243;][\/vc_column][\/vc_row]<\/p>\n<\/div>","protected":false},"excerpt":{"rendered":"<p>[vc_row css=&#8221;.vc_custom_1697673798322{padding-top: 80px !important;padding-bottom: 80px !important;background-color: #ffffff !important;}&#8221;][vc_column][vc_custom_heading text=&#8221;Une structure d\u2019honoraires con\u00e7ue pour \u00eatre rentable, flexible et transparente.&#8221; font_container=&#8221;tag:h1|text_align:center|color:%23658a1d&#8221; use_theme_fonts=&#8221;yes&#8221; subtitle=&#8221;Honoraires-conseils, tarification fond\u00e9e sur la valeur&#8221;][stm_spacing lg_spacing=&#8221;30&#8243; md_spacing=&#8221;30&#8243; sm_spacing=&#8221;18&#8243; xs_spacing=&#8221;12&#8243;][vc_row_inner content_placement=&#8221;middle&#8221; gap=&#8221;20&#8243;][vc_column_inner width=&#8221;1\/2&#8243;][vc_column_text] Chez OSICS, notre structure d\u2019honoraires est con\u00e7ue pour offrir une valeur optimale \u00e0 nos clients, tout en assurant transparence et flexibilit\u00e9. Nous<\/p>\n","protected":false},"author":1,"featured_media":8225,"parent":8828,"menu_order":0,"comment_status":"closed","ping_status":"closed","template":"","meta":{"footnotes":""},"class_list":["post-8848","page","type-page","status-publish","has-post-thumbnail","hentry"],"yoast_head":"<!-- This site is optimized with the Yoast SEO plugin v27.1.1 - https:\/\/yoast.com\/product\/yoast-seo-wordpress\/ -->\n<title>Tarification bas\u00e9e sur la valeur de la consultance | Structure des frais OSICS<\/title>\n<meta name=\"description\" content=\"OSICS propose une tarification transparente et bas\u00e9e sur la valeur pour la consultance. Investissez dans des services qui correspondent \u00e0 l&#039;impact et \u00e0 la valeur de votre projet.\" \/>\n<meta name=\"robots\" content=\"index, follow, max-snippet:-1, max-image-preview:large, max-video-preview:-1\" \/>\n<link rel=\"canonical\" href=\"https:\/\/osicsnetwork.com\/fr\/a-propos-osics\/structure-des-frais-de-consultance\/\" \/>\n<meta property=\"og:locale\" content=\"fr_FR\" \/>\n<meta property=\"og:type\" content=\"article\" \/>\n<meta property=\"og:title\" content=\"Tarification bas\u00e9e sur la valeur de la consultance | Structure des frais OSICS\" \/>\n<meta property=\"og:description\" content=\"OSICS propose une tarification transparente et bas\u00e9e sur la valeur pour la consultance. Investissez dans des services qui correspondent \u00e0 l&#039;impact et \u00e0 la valeur de votre projet.\" \/>\n<meta property=\"og:url\" content=\"https:\/\/osicsnetwork.com\/fr\/a-propos-osics\/structure-des-frais-de-consultance\/\" \/>\n<meta property=\"og:site_name\" content=\"Osicsnetwork.com\" \/>\n<meta property=\"article:modified_time\" content=\"2026-03-17T20:50:17+00:00\" \/>\n<meta property=\"og:image\" content=\"https:\/\/osicsnetwork.com\/wp-content\/uploads\/2023\/11\/shutterstock_2190096895.jpg\" \/>\n\t<meta property=\"og:image:width\" content=\"1000\" \/>\n\t<meta property=\"og:image:height\" content=\"667\" \/>\n\t<meta property=\"og:image:type\" content=\"image\/jpeg\" \/>\n<meta name=\"twitter:card\" content=\"summary_large_image\" \/>\n<meta name=\"twitter:label1\" content=\"Dur\u00e9e de lecture estim\u00e9e\" \/>\n\t<meta name=\"twitter:data1\" content=\"4 minutes\" \/>\n<!-- \/ Yoast SEO plugin. -->","yoast_head_json":{"title":"Tarification bas\u00e9e sur la valeur de la consultance | Structure des frais OSICS","description":"OSICS propose une tarification transparente et bas\u00e9e sur la valeur pour la consultance. Investissez dans des services qui correspondent \u00e0 l'impact et \u00e0 la valeur de votre projet.","robots":{"index":"index","follow":"follow","max-snippet":"max-snippet:-1","max-image-preview":"max-image-preview:large","max-video-preview":"max-video-preview:-1"},"canonical":"https:\/\/osicsnetwork.com\/fr\/a-propos-osics\/structure-des-frais-de-consultance\/","og_locale":"fr_FR","og_type":"article","og_title":"Tarification bas\u00e9e sur la valeur de la consultance | Structure des frais OSICS","og_description":"OSICS propose une tarification transparente et bas\u00e9e sur la valeur pour la consultance. Investissez dans des services qui correspondent \u00e0 l'impact et \u00e0 la valeur de votre projet.","og_url":"https:\/\/osicsnetwork.com\/fr\/a-propos-osics\/structure-des-frais-de-consultance\/","og_site_name":"Osicsnetwork.com","article_modified_time":"2026-03-17T20:50:17+00:00","og_image":[{"width":1000,"height":667,"url":"https:\/\/osicsnetwork.com\/wp-content\/uploads\/2023\/11\/shutterstock_2190096895.jpg","type":"image\/jpeg"}],"twitter_card":"summary_large_image","twitter_misc":{"Dur\u00e9e de lecture estim\u00e9e":"4 minutes"},"schema":{"@context":"https:\/\/schema.org","@graph":[{"@type":"WebPage","@id":"https:\/\/osicsnetwork.com\/fr\/a-propos-osics\/structure-des-frais-de-consultance\/","url":"https:\/\/osicsnetwork.com\/fr\/a-propos-osics\/structure-des-frais-de-consultance\/","name":"Tarification bas\u00e9e sur la valeur de la consultance | Structure des frais OSICS","isPartOf":{"@id":"https:\/\/osicsnetwork.com\/fr\/#website"},"primaryImageOfPage":{"@id":"https:\/\/osicsnetwork.com\/fr\/a-propos-osics\/structure-des-frais-de-consultance\/#primaryimage"},"image":{"@id":"https:\/\/osicsnetwork.com\/fr\/a-propos-osics\/structure-des-frais-de-consultance\/#primaryimage"},"thumbnailUrl":"https:\/\/osicsnetwork.com\/wp-content\/uploads\/2023\/11\/shutterstock_2190096895.jpg","datePublished":"2023-10-31T19:04:48+00:00","dateModified":"2026-03-17T20:50:17+00:00","description":"OSICS propose une tarification transparente et bas\u00e9e sur la valeur pour la consultance. Investissez dans des services qui correspondent \u00e0 l'impact et \u00e0 la valeur de votre projet.","breadcrumb":{"@id":"https:\/\/osicsnetwork.com\/fr\/a-propos-osics\/structure-des-frais-de-consultance\/#breadcrumb"},"inLanguage":"fr-FR","potentialAction":[{"@type":"ReadAction","target":["https:\/\/osicsnetwork.com\/fr\/a-propos-osics\/structure-des-frais-de-consultance\/"]}]},{"@type":"ImageObject","inLanguage":"fr-FR","@id":"https:\/\/osicsnetwork.com\/fr\/a-propos-osics\/structure-des-frais-de-consultance\/#primaryimage","url":"https:\/\/osicsnetwork.com\/wp-content\/uploads\/2023\/11\/shutterstock_2190096895.jpg","contentUrl":"https:\/\/osicsnetwork.com\/wp-content\/uploads\/2023\/11\/shutterstock_2190096895.jpg","width":1000,"height":667},{"@type":"BreadcrumbList","@id":"https:\/\/osicsnetwork.com\/fr\/a-propos-osics\/structure-des-frais-de-consultance\/#breadcrumb","itemListElement":[{"@type":"ListItem","position":1,"name":"Home","item":"https:\/\/osicsnetwork.com\/fr\/"},{"@type":"ListItem","position":2,"name":"\u00c0 propos d&#8217;OSICS","item":"https:\/\/osicsnetwork.com\/fr\/a-propos-osics\/"},{"@type":"ListItem","position":3,"name":"Structure des frais de consultance"}]},{"@type":"WebSite","@id":"https:\/\/osicsnetwork.com\/fr\/#website","url":"https:\/\/osicsnetwork.com\/fr\/","name":"Osicsnetwork.com","description":"Consulting firm","publisher":{"@id":"https:\/\/osicsnetwork.com\/fr\/#organization"},"alternateName":"Osics Network","potentialAction":[{"@type":"SearchAction","target":{"@type":"EntryPoint","urlTemplate":"https:\/\/osicsnetwork.com\/fr\/?s={search_term_string}"},"query-input":{"@type":"PropertyValueSpecification","valueRequired":true,"valueName":"search_term_string"}}],"inLanguage":"fr-FR"},{"@type":"Organization","@id":"https:\/\/osicsnetwork.com\/fr\/#organization","name":"Osics Network","alternateName":"Osics consulting firm","url":"https:\/\/osicsnetwork.com\/fr\/","logo":{"@type":"ImageObject","inLanguage":"fr-FR","@id":"https:\/\/osicsnetwork.com\/fr\/#\/schema\/logo\/image\/","url":"https:\/\/osicsnetwork.com\/wp-content\/uploads\/2023\/09\/IMG_E0240-1.jpg","contentUrl":"https:\/\/osicsnetwork.com\/wp-content\/uploads\/2023\/09\/IMG_E0240-1.jpg","width":1040,"height":532,"caption":"Osics Network"},"image":{"@id":"https:\/\/osicsnetwork.com\/fr\/#\/schema\/logo\/image\/"}}]}},"_links":{"self":[{"href":"https:\/\/osicsnetwork.com\/fr\/wp-json\/wp\/v2\/pages\/8848","targetHints":{"allow":["GET"]}}],"collection":[{"href":"https:\/\/osicsnetwork.com\/fr\/wp-json\/wp\/v2\/pages"}],"about":[{"href":"https:\/\/osicsnetwork.com\/fr\/wp-json\/wp\/v2\/types\/page"}],"author":[{"embeddable":true,"href":"https:\/\/osicsnetwork.com\/fr\/wp-json\/wp\/v2\/users\/1"}],"replies":[{"embeddable":true,"href":"https:\/\/osicsnetwork.com\/fr\/wp-json\/wp\/v2\/comments?post=8848"}],"version-history":[{"count":0,"href":"https:\/\/osicsnetwork.com\/fr\/wp-json\/wp\/v2\/pages\/8848\/revisions"}],"up":[{"embeddable":true,"href":"https:\/\/osicsnetwork.com\/fr\/wp-json\/wp\/v2\/pages\/8828"}],"wp:featuredmedia":[{"embeddable":true,"href":"https:\/\/osicsnetwork.com\/fr\/wp-json\/wp\/v2\/media\/8225"}],"wp:attachment":[{"href":"https:\/\/osicsnetwork.com\/fr\/wp-json\/wp\/v2\/media?parent=8848"}],"curies":[{"name":"wp","href":"https:\/\/api.w.org\/{rel}","templated":true}]}}