{"id":8808,"date":"2023-10-27T20:19:45","date_gmt":"2023-10-27T20:19:45","guid":{"rendered":"https:\/\/osicsnetwork.com\/resources\/"},"modified":"2026-03-17T21:24:28","modified_gmt":"2026-03-17T21:24:28","slug":"ressources","status":"publish","type":"page","link":"https:\/\/osicsnetwork.com\/fr\/ressources\/","title":{"rendered":"Ressources"},"content":{"rendered":"<div class=\"wpb-content-wrapper\"><p>[vc_row css=&#8221;.vc_custom_1697673798322{padding-top: 80px !important;padding-bottom: 80px !important;background-color: #ffffff !important;}&#8221;][vc_column][vc_custom_heading text=&#8221;Travailler avec nos consultants : comment cela fonctionne ?&#8221; font_container=&#8221;tag:h1|text_align:center|color:%23658a1d&#8221; use_theme_fonts=&#8221;yes&#8221; subtitle=&#8221;Organisation sana in corporation sano&#8221;][stm_spacing lg_spacing=&#8221;30&#8243; md_spacing=&#8221;30&#8243; sm_spacing=&#8221;18&#8243; xs_spacing=&#8221;12&#8243;][vc_row_inner content_placement=&#8221;middle&#8221; gap=&#8221;20&#8243;][vc_column_inner width=&#8221;1\/2&#8243;][vc_column_text]<\/p>\n<p style=\"text-align: justify;\">Le r\u00e9seau OSICS est un regroupement de consultants ind\u00e9pendants passionn\u00e9s par l\u2019accompagnement des industries hautement r\u00e9glement\u00e9es (biotechnologie, pharmaceutique) vers des niveaux sup\u00e9rieurs de performance durable, reposant sur une sant\u00e9 organisationnelle solide (d\u00e9veloppement, engagement et responsabilisation des ressources humaines).<\/p>\n<p>[\/vc_column_text][\/vc_column_inner][vc_column_inner width=&#8221;1\/2&#8243;][vc_single_image image=&#8221;8220&#8243; img_size=&#8221;full&#8221; alignment=&#8221;center&#8221;][\/vc_column_inner][\/vc_row_inner][stm_spacing lg_spacing=&#8221;30&#8243; md_spacing=&#8221;30&#8243; sm_spacing=&#8221;18&#8243; xs_spacing=&#8221;12&#8243;][\/vc_column][\/vc_row][vc_row full_width=&#8221;stretch_row&#8221; parallax=&#8221;content-moving&#8221; parallax_image=&#8221;8349&#8243; css=&#8221;.vc_custom_1699052707132{background-position: center;background-repeat: no-repeat !important;background-size: cover !important;}&#8221; el_class=&#8221;overlay_4 fixed_bg&#8221;][vc_column][stm_spacing lg_spacing=&#8221;75&#8243; md_spacing=&#8221;75&#8243; sm_spacing=&#8221;60&#8243; xs_spacing=&#8221;60&#8243;][vc_custom_heading stripe_pos=&#8221;hide&#8221; text=&#8221;LE R\u00c9SEAU OSICS&#8221; font_container=&#8221;tag:h2|text_align:center|color:%23ffffff|line_height:64px&#8221; use_theme_fonts=&#8221;yes&#8221; subtitle=&#8221;LES EXPERTS DE LA TRANSFORMATION DE LA PERFORMANCE OP\u00c9RATIONNELLE.&#8221; stripe_hide=&#8221;yes&#8221; subtitle_color=&#8221;#ffffff&#8221;][stm_spacing lg_spacing=&#8221;67&#8243; md_spacing=&#8221;67&#8243; sm_spacing=&#8221;60&#8243; xs_spacing=&#8221;60&#8243;][\/vc_column][\/vc_row][vc_row full_width=&#8221;stretch_row&#8221; css=&#8221;.vc_custom_1697983758583{padding-top: 100px !important;padding-bottom: 80px !important;background-color: #f9f9f9 !important;}&#8221;][vc_column][vc_row_inner content_placement=&#8221;middle&#8221; gap=&#8221;30&#8243;][vc_column_inner width=&#8221;2\/3&#8243; css=&#8221;.vc_custom_1698437346660{padding-top: 40px !important;padding-right: 40px !important;padding-bottom: 40px !important;padding-left: 40px !important;background-color: #ffffff !important;}&#8221;][vc_custom_heading text=&#8221;\u00c0 propos des consultants et experts du r\u00e9seau OSICS&#8221; use_theme_fonts=&#8221;yes&#8221; subtitle=&#8221;Nos consultants&#8221;][stm_spacing lg_spacing=&#8221;30&#8243; md_spacing=&#8221;30&#8243; sm_spacing=&#8221;18&#8243; xs_spacing=&#8221;12&#8243;][vc_column_text]<\/p>\n<ul>\n<li><em>Ils sont tous d\u2019anciens cadres sup\u00e9rieurs ou directeurs du secteur pharmaceutique, experts en transformation vers l\u2019excellence, certifi\u00e9s Lean et Six Sigma Green ou Black Belt, ou \u00e9quivalent.<\/em><\/li>\n<li><em>Ils constituent un r\u00e9seau d\u2019experts hautement fiable, offrant une multiplicit\u00e9 de perspectives pour r\u00e9pondre aux principaux d\u00e9fis de l\u2019industrie.<\/em><\/li>\n<li><em>Ils cumulent en moyenne 20 ans d\u2019exp\u00e9rience dans leur industrie. Ce sont tous des experts seniors que nous connaissons et qualifions directement (premier ou deuxi\u00e8me cercle) afin de garantir la qualit\u00e9 du service (aucun inconnu, aucun junior).<\/em><\/li>\n<li><em>Ils \u00e9voluent dans un r\u00e9seau d\u2019ind\u00e9pendants bas\u00e9 sur une logique gagnant-gagnant.<\/em><\/li>\n<li><em>Ils collaborent afin de d\u00e9velopper de nouvelles connaissances et approfondir leur expertise.<\/em><\/li>\n<\/ul>\n<p>[\/vc_column_text][\/vc_column_inner][vc_column_inner width=&#8221;1\/3&#8243;][vc_column_text]<\/p>\n<p style=\"text-align: justify;\">Travailler sous une m\u00eame banni\u00e8re OSICS permet \u00e0 tous les consultants d\u2019\u00eatre plus performants et plus solides. Aucun cabinet de conseil ne regroupe les meilleurs experts sous un m\u00eame toit. Seul, il est difficile d\u2019\u00eatre cr\u00e9dible face aux plus grands d\u00e9fis.<\/p>\n<p style=\"text-align: justify;\"><strong>Notre plus grande force r\u00e9side dans notre capacit\u00e9 \u00e0 mobiliser la richesse de connaissances et d\u2019exp\u00e9riences de nos consultants.<\/strong><\/p>\n<p style=\"text-align: justify;\">Nous disposons de plusieurs consultants seniors cr\u00e9dibles capables de couvrir l\u2019ensemble des domaines des op\u00e9rations pharmaceutiques, biotechnologiques et alimentaires. Nos consultants seniors sont habitu\u00e9s \u00e0 intervenir sur le terrain, sous pression, avec une vision strat\u00e9gique de niveau ex\u00e9cutif. Ils sont efficaces et orient\u00e9s vers des solutions concr\u00e8tes. L\u2019approche terrain est au c\u0153ur de notre ADN, ce qui renforce la qualit\u00e9 et l\u2019impact de nos interventions.<\/p>\n<p>[\/vc_column_text][\/vc_column_inner][\/vc_row_inner][stm_spacing lg_spacing=&#8221;30&#8243; md_spacing=&#8221;30&#8243; sm_spacing=&#8221;18&#8243; xs_spacing=&#8221;12&#8243;][\/vc_column][\/vc_row][vc_row full_width=&#8221;stretch_row&#8221; el_class=&#8221;overlay_2 fixed_bg&#8221; css=&#8221;.vc_custom_1699052728875{padding-top: 40px !important;padding-bottom: 40px !important;background-color: #4a5e72 !important;background-position: center !important;background-repeat: no-repeat !important;background-size: cover !important;}&#8221;][vc_column][vc_custom_heading text=&#8221;Sans les bonnes ressources humaines d\u00e9velopp\u00e9es, mobilis\u00e9es et responsabilis\u00e9es pour livrer la transformation de la performance, la valeur et l\u2019impact demeurent limit\u00e9s \u00e0 moyen et \u00e0 long terme.<br \/>\n<mark>C\u2019est au c\u0153ur de tous les succ\u00e8s durables.<\/mark>&#8221; font_container=&#8221;tag:div|font_size:22px|text_align:center|color:%23ffffff|line_height:34px&#8221; google_fonts=&#8221;font_family:Poppins%3A300%2Cregular%2C500%2C600%2C700|font_style:700%20bold%3A700%3Anormal&#8221;][\/vc_column][\/vc_row][vc_row css=&#8221;.vc_custom_1697673867348{padding-top: 100px !important;padding-bottom: 80px !important;background-color: #ffffff !important;}&#8221;][vc_column][vc_custom_heading text=&#8221;L\u2019expertise dont vous avez besoin, disponible rapidement \u00e0 la demande pour tous vos enjeux op\u00e9rationnels&#8221; font_container=&#8221;tag:h2|text_align:center&#8221; use_theme_fonts=&#8221;yes&#8221;][vc_row_inner content_placement=&#8221;middle&#8221; gap=&#8221;20&#8243;][vc_column_inner width=&#8221;1\/2&#8243;][vc_column_text]<\/p>\n<h5 style=\"text-align: justify;\">Chez OSICS, nous sommes fiers de vous connecter \u00e0 un r\u00e9seau de consultants exp\u00e9riment\u00e9s et hautement qualifi\u00e9s, sp\u00e9cialis\u00e9s dans les d\u00e9fis des op\u00e9rations pharmaceutiques, biotechnologiques et alimentaires. Nos consultants apportent une expertise approfondie pour soutenir la croissance de votre entreprise.<\/h5>\n<p style=\"text-align: justify;\"><strong>D\u00e9couvrez nos consultants d\u2019exception :<\/strong> Notre plateforme met en valeur une diversit\u00e9 de profils, chacun avec ses comp\u00e9tences et exp\u00e9riences uniques. Des affaires r\u00e9glementaires au contr\u00f4le qualit\u00e9, en passant par la fabrication et la maintenance, nos consultants couvrent un large \u00e9ventail de sp\u00e9cialit\u00e9s.<\/p>\n<p>[\/vc_column_text][vc_column_text]<\/p>\n<p style=\"text-align: justify;\"><strong>Des comp\u00e9tences in\u00e9gal\u00e9es pour votre r\u00e9ussite :<\/strong> Nous savons que le choix du bon consultant est d\u00e9terminant pour le succ\u00e8s de vos projets. C\u2019est pourquoi chaque consultant du r\u00e9seau est rigoureusement \u00e9valu\u00e9 afin de garantir les comp\u00e9tences et qualifications requises. En collaborant avec OSICS, vous travaillez avec des experts de premier plan.<\/p>\n<p>[\/vc_column_text][\/vc_column_inner][vc_column_inner width=&#8221;1\/2&#8243;][vc_column_text]<\/p>\n<p style=\"text-align: justify;\"><strong>Un engagement fond\u00e9 sur des valeurs communes :<\/strong> Int\u00e9grit\u00e9, excellence et collaboration sont au c\u0153ur de notre approche. Nos consultants ne se distinguent pas seulement par leur expertise, mais aussi par leur adh\u00e9sion \u00e0 ces principes. En choisissant OSICS, vous b\u00e9n\u00e9ficiez d\u2019un accompagnement professionnel et engag\u00e9.<\/p>\n<p style=\"text-align: justify;\"><strong>Acc\u00e9dez \u00e0 notre r\u00e9seau international :<\/strong> La force de notre r\u00e9seau repose sur sa port\u00e9e mondiale. Nous avons \u00e9tabli des connexions avec des consultants partout dans le monde, vous donnant acc\u00e8s \u00e0 un vaste bassin de ressources. Peu importe o\u00f9 se situe votre projet, nous pouvons vous connecter avec un expert ma\u00eetrisant les r\u00e9alit\u00e9s locales, les march\u00e9s et les r\u00e9glementations.<\/p>\n<p>[\/vc_column_text][vc_column_text]<\/p>\n<blockquote>\n<p style=\"text-align: justify;\"><strong>D\u00e9couvrez l\u2019impact de travailler avec des consultants de haut niveau en pharmaceutique, biotechnologie et industrie alimentaire. Joignez-vous \u00e0 OSICS d\u00e8s aujourd\u2019hui.<\/strong><\/p>\n<\/blockquote>\n<p>[\/vc_column_text][\/vc_column_inner][\/vc_row_inner][stm_spacing lg_spacing=&#8221;30&#8243; md_spacing=&#8221;30&#8243; sm_spacing=&#8221;18&#8243; xs_spacing=&#8221;12&#8243;][\/vc_column][\/vc_row][vc_row full_width=&#8221;stretch_row&#8221; equal_height=&#8221;yes&#8221; css=&#8221;.vc_custom_1697673685291{background-color: #f4f4f4 !important;}&#8221;][vc_column width=&#8221;1\/2&#8243; css=&#8221;.vc_custom_1553422640194{padding-right: 15px !important;}&#8221;][stm_spacing lg_spacing=&#8221;85&#8243; md_spacing=&#8221;85&#8243; sm_spacing=&#8221;70&#8243; xs_spacing=&#8221;70&#8243;][vc_custom_heading stripe_pos=&#8221;hide&#8221; text=&#8221;Vous cherchez une solution adapt\u00e9e \u00e0 vos besoins ?&#8221; font_container=&#8221;tag:h2|text_align:left|color:%23658a1d&#8221; use_theme_fonts=&#8221;yes&#8221;][stm_spacing lg_spacing=&#8221;6&#8243; md_spacing=&#8221;6&#8243; sm_spacing=&#8221;6&#8243; xs_spacing=&#8221;6&#8243;][vc_column_text css=&#8221;.vc_custom_1697915085477{padding-right: 20px !important;padding-left: 0px !important;}&#8221;]Chez OSICS, notre \u00e9quipe de consultants se sp\u00e9cialise dans l\u2019offre de services-conseils d\u2019exception aux clients des secteurs pharmaceutique, biotechnologique et alimentaire.[\/vc_column_text][vc_column_text]<\/p>\n<ul>\n<li><a href=\"https:\/\/osicsnetwork.com\/fr\/contextes-et-defis\/\">D\u00e9fis d\u2019affaires<\/a><\/li>\n<li><a href=\"https:\/\/osicsnetwork.com\/fr\/objectifs-projets\/\">Buts et objectifs d\u2019entreprise<\/a><\/li>\n<li><a href=\"https:\/\/osicsnetwork.com\/fr\/ressources\/\">Experts et consultants ind\u00e9pendants<\/a><\/li>\n<li><a href=\"https:\/\/osicsnetwork.com\/fr\/services\/\">Services OSICS<\/a><\/li>\n<\/ul>\n<p>[\/vc_column_text][vc_btn title=&#8221;Contact&#8221; style=&#8221;custom&#8221; custom_background=&#8221;#658c1c&#8221; custom_text=&#8221;#ffffff&#8221; shape=&#8221;square&#8221; size=&#8221;sm&#8221; link=&#8221;url:https%3A%2F%2Fosicsnetwork.com%2Ffr%2Fcontact%2F|&#8221;][stm_spacing lg_spacing=&#8221;80&#8243; md_spacing=&#8221;80&#8243; sm_spacing=&#8221;60&#8243; xs_spacing=&#8221;60&#8243;][\/vc_column][vc_column stretch=&#8221;right&#8221; width=&#8221;1\/2&#8243; css=&#8221;.vc_custom_1699052743585{background-image: url(https:\/\/osicsnetwork.com\/wp-content\/uploads\/2023\/11\/shutterstock_313766822BIS.jpg?id=8012) !important;background-position: center !important;background-repeat: no-repeat !important;background-size: cover !important;}&#8221; offset=&#8221;vc_hidden-xs&#8221;][\/vc_column][\/vc_row][vc_row gap=&#8221;30&#8243; content_placement=&#8221;top&#8221; css=&#8221;.vc_custom_1697984313862{padding-top: 100px !important;}&#8221;][vc_column width=&#8221;1\/3&#8243; el_class=&#8221;secondary_bg_color br-bot-right&#8221; css=&#8221;.vc_custom_1697916188117{padding-top: 25px !important;padding-right: 40px !important;padding-bottom: 25px !important;padding-left: 40px !important;}&#8221;][vc_column_text]<\/p>\n<h3><span style=\"color: #ffffff;\">\u00c0 propos d\u2019OSICS<\/span><\/h3>\n<p><span style=\"color: #ffffff;\">Le r\u00e9seau OSICS est un regroupement de consultants ind\u00e9pendants passionn\u00e9s par l\u2019accompagnement des industries hautement r\u00e9glement\u00e9es vers des niveaux sup\u00e9rieurs de performance durable reposant sur une organisation saine.<\/span>[\/vc_column_text][vc_btn title=&#8221;En savoir plus&#8221; style=&#8221;custom&#8221; custom_background=&#8221;&#8221; custom_text=&#8221;#ffffff&#8221; i_align=&#8221;right&#8221; i_icon_fontawesome=&#8221;stm-delhi-chevron-right&#8221; add_icon=&#8221;true&#8221; link=&#8221;url:https%3A%2F%2Fosicsnetwork.com%2Ffr%2Fa-propos-osics%2F|&#8221; el_class=&#8221;white_btn&#8221;][\/vc_column][vc_column width=&#8221;2\/3&#8243;][stm_animation_block animation=&#8221;fadeInUp&#8221; animation_duration=&#8221;1&#8243; animation_delay=&#8221;0.1&#8243;][stm_info_box title=&#8221;Comp\u00e9tences des consultants&#8221; link=&#8221;url:https%3A%2F%2Fosicsnetwork.com%2Fresources%2Fconsultants-skills%2F|title:read%20more&#8221;]<\/p>\n<p style=\"text-align: justify;\"><strong>Les comp\u00e9tences des consultants<\/strong> regroupent l\u2019ensemble des capacit\u00e9s, expertises et savoir-faire que poss\u00e8dent les professionnels du r\u00e9seau OSICS. Elles permettent d\u2019analyser des probl\u00e9matiques complexes en pharmaceutique, biotechnologie et industrie alimentaire, de d\u00e9velopper des strat\u00e9gies efficaces et d\u2019apporter une valeur concr\u00e8te aux clients. Parmi ces comp\u00e9tences : expertise r\u00e9glementaire et clinique, planification strat\u00e9gique, lancement de produits et industrialisation, assurance qualit\u00e9 et conformit\u00e9, analyse de donn\u00e9es, gestion des risques, gestion de projet, expertise scientifique et technique, fabrication et maintenance \/ ing\u00e9nierie, etc.<\/p>\n<p>[\/stm_info_box][\/stm_animation_block][\/vc_column][\/vc_row][vc_row gap=&#8221;30&#8243; content_placement=&#8221;top&#8221; css=&#8221;.vc_custom_1697984643725{padding-top: 30px !important;padding-bottom: 60px !important;}&#8221;][vc_column width=&#8221;1\/3&#8243;][stm_animation_block animation=&#8221;fadeInUp&#8221; animation_duration=&#8221;1&#8243; animation_delay=&#8221;0.1&#8243;][stm_info_box title=&#8221;Profils de consultants&#8221; image=&#8221;8263&#8243; link=&#8221;url:https%3A%2F%2Fosicsnetwork.com%2Fresources%2Fconsultant-profiles%2F|title:read%20more&#8221;]<\/p>\n<p style=\"text-align: justify;\"><strong>Les profils de consultants<\/strong> regroupent les parcours, expertises, qualifications et exp\u00e9riences des professionnels du r\u00e9seau OSICS. Ces consultants poss\u00e8dent des connaissances sp\u00e9cialis\u00e9es dans diff\u00e9rents domaines de l\u2019industrie pharmaceutique : diversit\u00e9 des parcours, formations acad\u00e9miques, expertises sp\u00e9cialis\u00e9es, exp\u00e9riences professionnelles et capacit\u00e9s de r\u00e9solution de probl\u00e8mes contribuent \u00e0 la richesse et \u00e0 la solidit\u00e9 des profils.<\/p>\n<p>[\/stm_info_box][\/stm_animation_block][\/vc_column][vc_column width=&#8221;1\/3&#8243;][stm_animation_block animation=&#8221;fadeInUp&#8221; animation_duration=&#8221;1&#8243; animation_delay=&#8221;0.05&#8243;][stm_info_box title=&#8221;Valeurs&#8221; image=&#8221;8057&#8243; link=&#8221;url:https%3A%2F%2Fosicsnetwork.com%2Fresources%2Fvalues-commitment-of-consultants%2F|title:read%20more&#8221;]<\/p>\n<p style=\"text-align: justify;\"><strong>Les valeurs<\/strong> repr\u00e9sentent les principes directeurs, les croyances et les standards \u00e9thiques qui orientent les comportements, les d\u00e9cisions et les interactions des consultants.<\/p>\n<p style=\"text-align: justify;\">Elles constituent un cadre de r\u00e9f\u00e9rence qui influence la mani\u00e8re dont les consultants travaillent, collaborent avec leurs clients et contribuent \u00e0 l\u2019\u00e9volution de l\u2019industrie.<\/p>\n<p>[\/stm_info_box][\/stm_animation_block][\/vc_column][vc_column width=&#8221;1\/3&#8243;][stm_animation_block animation=&#8221;fadeInUp&#8221; animation_duration=&#8221;1&#8243; animation_delay=&#8221;0.05&#8243;][stm_info_box title=&#8221;R\u00e9seau international&#8221; image=&#8221;8375&#8243; link=&#8221;url:https%3A%2F%2Fosicsnetwork.com%2Fresources%2Fosics-a-global-network-of-consultants%2F|title:read%20more&#8221;]<\/p>\n<p style=\"text-align: justify;\"><strong>Le r\u00e9seau international (ressource)<\/strong> d\u00e9signe un ensemble diversifi\u00e9 et interconnect\u00e9 de professionnels, d\u2019experts et d\u2019acteurs issus du monde entier, qui collaborent, partagent leurs connaissances et mettent en commun leur expertise pour r\u00e9pondre aux d\u00e9fis et opportunit\u00e9s de l\u2019industrie. Ce r\u00e9seau constitue une ressource strat\u00e9gique pour les consultants, leur offrant une perspective globale et renfor\u00e7ant leur capacit\u00e9 \u00e0 fournir des recommandations pertinentes et \u00e9clair\u00e9es aux clients.<\/p>\n<p>[\/stm_info_box][\/stm_animation_block][\/vc_column][\/vc_row]<\/p>\n<\/div>","protected":false},"excerpt":{"rendered":"<p>[vc_row css=&#8221;.vc_custom_1697673798322{padding-top: 80px !important;padding-bottom: 80px !important;background-color: #ffffff !important;}&#8221;][vc_column][vc_custom_heading text=&#8221;Travailler avec nos consultants : comment cela fonctionne ?&#8221; font_container=&#8221;tag:h1|text_align:center|color:%23658a1d&#8221; use_theme_fonts=&#8221;yes&#8221; subtitle=&#8221;Organisation sana in corporation sano&#8221;][stm_spacing lg_spacing=&#8221;30&#8243; md_spacing=&#8221;30&#8243; sm_spacing=&#8221;18&#8243; xs_spacing=&#8221;12&#8243;][vc_row_inner content_placement=&#8221;middle&#8221; gap=&#8221;20&#8243;][vc_column_inner width=&#8221;1\/2&#8243;][vc_column_text] Le r\u00e9seau OSICS est un regroupement de consultants ind\u00e9pendants passionn\u00e9s par l\u2019accompagnement des industries hautement r\u00e9glement\u00e9es (biotechnologie, pharmaceutique) vers des niveaux sup\u00e9rieurs de performance<\/p>\n","protected":false},"author":1,"featured_media":8377,"parent":0,"menu_order":0,"comment_status":"closed","ping_status":"closed","template":"","meta":{"footnotes":""},"class_list":["post-8808","page","type-page","status-publish","has-post-thumbnail","hentry"],"yoast_head":"<!-- This site is optimized with the Yoast SEO plugin v27.1.1 - https:\/\/yoast.com\/product\/yoast-seo-wordpress\/ -->\n<title>Consultance experte en pharmacie et biotechnologie | Ressources OSICS<\/title>\n<meta name=\"description\" content=\"Acc\u00e9dez \u00e0 une vaste gamme de ressources et d&#039;expertises en pharmacie et biotechnologie offertes par OSICS Network. Solutions pratiques et vision ex\u00e9cutive pour relever vos d\u00e9fis op\u00e9rationnels.\" \/>\n<meta name=\"robots\" content=\"index, follow, max-snippet:-1, max-image-preview:large, max-video-preview:-1\" \/>\n<link rel=\"canonical\" href=\"https:\/\/osicsnetwork.com\/fr\/ressources\/\" \/>\n<meta property=\"og:locale\" content=\"fr_FR\" \/>\n<meta property=\"og:type\" content=\"article\" \/>\n<meta property=\"og:title\" content=\"Consultance experte en pharmacie et biotechnologie | Ressources OSICS\" \/>\n<meta property=\"og:description\" content=\"Acc\u00e9dez \u00e0 une vaste gamme de ressources et d&#039;expertises en pharmacie et biotechnologie offertes par OSICS Network. Solutions pratiques et vision ex\u00e9cutive pour relever vos d\u00e9fis op\u00e9rationnels.\" \/>\n<meta property=\"og:url\" content=\"https:\/\/osicsnetwork.com\/fr\/ressources\/\" \/>\n<meta property=\"og:site_name\" content=\"Osicsnetwork.com\" \/>\n<meta property=\"article:modified_time\" content=\"2026-03-17T21:24:28+00:00\" \/>\n<meta property=\"og:image\" content=\"https:\/\/osicsnetwork.com\/wp-content\/uploads\/2023\/11\/shutterstock_258628124.jpg\" \/>\n\t<meta property=\"og:image:width\" content=\"1000\" \/>\n\t<meta property=\"og:image:height\" content=\"654\" \/>\n\t<meta property=\"og:image:type\" content=\"image\/jpeg\" \/>\n<meta name=\"twitter:card\" content=\"summary_large_image\" \/>\n<meta name=\"twitter:label1\" content=\"Dur\u00e9e de lecture estim\u00e9e\" \/>\n\t<meta name=\"twitter:data1\" content=\"6 minutes\" \/>\n<!-- \/ Yoast SEO plugin. -->","yoast_head_json":{"title":"Consultance experte en pharmacie et biotechnologie | Ressources OSICS","description":"Acc\u00e9dez \u00e0 une vaste gamme de ressources et d'expertises en pharmacie et biotechnologie offertes par OSICS Network. Solutions pratiques et vision ex\u00e9cutive pour relever vos d\u00e9fis op\u00e9rationnels.","robots":{"index":"index","follow":"follow","max-snippet":"max-snippet:-1","max-image-preview":"max-image-preview:large","max-video-preview":"max-video-preview:-1"},"canonical":"https:\/\/osicsnetwork.com\/fr\/ressources\/","og_locale":"fr_FR","og_type":"article","og_title":"Consultance experte en pharmacie et biotechnologie | Ressources OSICS","og_description":"Acc\u00e9dez \u00e0 une vaste gamme de ressources et d'expertises en pharmacie et biotechnologie offertes par OSICS Network. Solutions pratiques et vision ex\u00e9cutive pour relever vos d\u00e9fis op\u00e9rationnels.","og_url":"https:\/\/osicsnetwork.com\/fr\/ressources\/","og_site_name":"Osicsnetwork.com","article_modified_time":"2026-03-17T21:24:28+00:00","og_image":[{"width":1000,"height":654,"url":"https:\/\/osicsnetwork.com\/wp-content\/uploads\/2023\/11\/shutterstock_258628124.jpg","type":"image\/jpeg"}],"twitter_card":"summary_large_image","twitter_misc":{"Dur\u00e9e de lecture estim\u00e9e":"6 minutes"},"schema":{"@context":"https:\/\/schema.org","@graph":[{"@type":"WebPage","@id":"https:\/\/osicsnetwork.com\/fr\/ressources\/","url":"https:\/\/osicsnetwork.com\/fr\/ressources\/","name":"Consultance experte en pharmacie et biotechnologie | Ressources OSICS","isPartOf":{"@id":"https:\/\/osicsnetwork.com\/fr\/#website"},"primaryImageOfPage":{"@id":"https:\/\/osicsnetwork.com\/fr\/ressources\/#primaryimage"},"image":{"@id":"https:\/\/osicsnetwork.com\/fr\/ressources\/#primaryimage"},"thumbnailUrl":"https:\/\/osicsnetwork.com\/wp-content\/uploads\/2023\/11\/shutterstock_258628124.jpg","datePublished":"2023-10-27T20:19:45+00:00","dateModified":"2026-03-17T21:24:28+00:00","description":"Acc\u00e9dez \u00e0 une vaste gamme de ressources et d'expertises en pharmacie et biotechnologie offertes par OSICS Network. Solutions pratiques et vision ex\u00e9cutive pour relever vos d\u00e9fis op\u00e9rationnels.","breadcrumb":{"@id":"https:\/\/osicsnetwork.com\/fr\/ressources\/#breadcrumb"},"inLanguage":"fr-FR","potentialAction":[{"@type":"ReadAction","target":["https:\/\/osicsnetwork.com\/fr\/ressources\/"]}]},{"@type":"ImageObject","inLanguage":"fr-FR","@id":"https:\/\/osicsnetwork.com\/fr\/ressources\/#primaryimage","url":"https:\/\/osicsnetwork.com\/wp-content\/uploads\/2023\/11\/shutterstock_258628124.jpg","contentUrl":"https:\/\/osicsnetwork.com\/wp-content\/uploads\/2023\/11\/shutterstock_258628124.jpg","width":1000,"height":654},{"@type":"BreadcrumbList","@id":"https:\/\/osicsnetwork.com\/fr\/ressources\/#breadcrumb","itemListElement":[{"@type":"ListItem","position":1,"name":"Home","item":"https:\/\/osicsnetwork.com\/fr\/"},{"@type":"ListItem","position":2,"name":"Ressources"}]},{"@type":"WebSite","@id":"https:\/\/osicsnetwork.com\/fr\/#website","url":"https:\/\/osicsnetwork.com\/fr\/","name":"Osicsnetwork.com","description":"Consulting firm","publisher":{"@id":"https:\/\/osicsnetwork.com\/fr\/#organization"},"alternateName":"Osics Network","potentialAction":[{"@type":"SearchAction","target":{"@type":"EntryPoint","urlTemplate":"https:\/\/osicsnetwork.com\/fr\/?s={search_term_string}"},"query-input":{"@type":"PropertyValueSpecification","valueRequired":true,"valueName":"search_term_string"}}],"inLanguage":"fr-FR"},{"@type":"Organization","@id":"https:\/\/osicsnetwork.com\/fr\/#organization","name":"Osics Network","alternateName":"Osics consulting firm","url":"https:\/\/osicsnetwork.com\/fr\/","logo":{"@type":"ImageObject","inLanguage":"fr-FR","@id":"https:\/\/osicsnetwork.com\/fr\/#\/schema\/logo\/image\/","url":"https:\/\/osicsnetwork.com\/wp-content\/uploads\/2023\/09\/IMG_E0240-1.jpg","contentUrl":"https:\/\/osicsnetwork.com\/wp-content\/uploads\/2023\/09\/IMG_E0240-1.jpg","width":1040,"height":532,"caption":"Osics Network"},"image":{"@id":"https:\/\/osicsnetwork.com\/fr\/#\/schema\/logo\/image\/"}}]}},"_links":{"self":[{"href":"https:\/\/osicsnetwork.com\/fr\/wp-json\/wp\/v2\/pages\/8808","targetHints":{"allow":["GET"]}}],"collection":[{"href":"https:\/\/osicsnetwork.com\/fr\/wp-json\/wp\/v2\/pages"}],"about":[{"href":"https:\/\/osicsnetwork.com\/fr\/wp-json\/wp\/v2\/types\/page"}],"author":[{"embeddable":true,"href":"https:\/\/osicsnetwork.com\/fr\/wp-json\/wp\/v2\/users\/1"}],"replies":[{"embeddable":true,"href":"https:\/\/osicsnetwork.com\/fr\/wp-json\/wp\/v2\/comments?post=8808"}],"version-history":[{"count":0,"href":"https:\/\/osicsnetwork.com\/fr\/wp-json\/wp\/v2\/pages\/8808\/revisions"}],"wp:featuredmedia":[{"embeddable":true,"href":"https:\/\/osicsnetwork.com\/fr\/wp-json\/wp\/v2\/media\/8377"}],"wp:attachment":[{"href":"https:\/\/osicsnetwork.com\/fr\/wp-json\/wp\/v2\/media?parent=8808"}],"curies":[{"name":"wp","href":"https:\/\/api.w.org\/{rel}","templated":true}]}}