{"id":8773,"date":"2023-10-29T16:02:42","date_gmt":"2023-10-29T16:02:42","guid":{"rendered":"https:\/\/osicsnetwork.com\/objectifs-projets\/benchmarks-sectoriels\/"},"modified":"2026-03-17T21:53:16","modified_gmt":"2026-03-17T21:53:16","slug":"benchmarks-sectoriels","status":"publish","type":"page","link":"https:\/\/osicsnetwork.com\/fr\/objectifs-projets\/benchmarks-sectoriels\/","title":{"rendered":"Benchmarks sectoriels"},"content":{"rendered":"<div class=\"wpb-content-wrapper\"><p>[vc_row css=&#8221;.vc_custom_1697673798322{padding-top: 80px !important;padding-bottom: 80px !important;background-color: #ffffff !important;}&#8221;][vc_column][vc_custom_heading text=&#8221;Benchmarks sectoriels&#8221; font_container=&#8221;tag:h1|text_align:center|color:%23658a1d&#8221; use_theme_fonts=&#8221;yes&#8221; subtitle=&#8221;LE R\u00c9SEAU OSICS&#8221;][stm_spacing lg_spacing=&#8221;30&#8243; md_spacing=&#8221;30&#8243; sm_spacing=&#8221;18&#8243; xs_spacing=&#8221;12&#8243;][vc_row_inner content_placement=&#8221;middle&#8221; gap=&#8221;20&#8243;][vc_column_inner width=&#8221;1\/2&#8243;][vc_column_text]<\/p>\n<p style=\"text-align: justify;\">Chez OSICS, nous nous sp\u00e9cialisons dans l\u2019accompagnement expert et la mise en place de solutions pour les entreprises \u0153uvrant dans les secteurs pharmaceutique et biotechnologique. Notre vaste exp\u00e9rience et notre connaissance approfondie du secteur nous permettent de comprendre les d\u00e9fis particuliers auxquels vous faites face et de vous aider \u00e0 atteindre vos objectifs d\u2019affaires. Dans un march\u00e9 hautement concurrentiel, il est crucial pour les entreprises de garder une longueur d\u2019avance. Le d\u00e9ploiement d\u2019une strat\u00e9gie de benchmarking sectoriel vous permet d\u2019obtenir des informations pr\u00e9cieuses sur les meilleures pratiques de votre industrie, les standards sectoriels et l\u2019analyse concurrentielle.<\/p>\n<p style=\"text-align: justify;\">Un aspect essentiel de notre expertise r\u00e9side dans le d\u00e9ploiement de strat\u00e9gies de benchmarking sectoriel, en utilisant des outils de benchmarking industriel afin d\u2019am\u00e9liorer la performance des entreprises.<\/p>\n<p>[\/vc_column_text][\/vc_column_inner][vc_column_inner width=&#8221;1\/2&#8243;][vc_single_image image=&#8221;8265&#8243; img_size=&#8221;full&#8221; alignment=&#8221;center&#8221;][\/vc_column_inner][\/vc_row_inner][stm_spacing lg_spacing=&#8221;30&#8243; md_spacing=&#8221;30&#8243; sm_spacing=&#8221;18&#8243; xs_spacing=&#8221;12&#8243;][\/vc_column][\/vc_row][vc_row full_width=&#8221;stretch_row&#8221; el_class=&#8221;overlay_2 fixed_bg&#8221; css=&#8221;.vc_custom_1699050311715{padding-top: 40px !important;padding-bottom: 40px !important;background-color: #4a5e72 !important;background-position: center !important;background-repeat: no-repeat !important;background-size: cover !important;}&#8221;][vc_column][vc_custom_heading text=&#8221;Sans les bonnes ressources humaines d\u00e9velopp\u00e9es, mobilis\u00e9es et responsabilis\u00e9es pour livrer la transformation de la performance, la valeur et l\u2019impact demeurent limit\u00e9s \u00e0 moyen et \u00e0 long terme.<br \/>\n<mark>C\u2019est au c\u0153ur de tous les succ\u00e8s durables.<\/mark>&#8221; font_container=&#8221;tag:div|font_size:22px|text_align:center|color:%23ffffff|line_height:34px&#8221; google_fonts=&#8221;font_family:Poppins%3A300%2Cregular%2C500%2C600%2C700|font_style:700%20bold%3A700%3Anormal&#8221;][\/vc_column][\/vc_row][vc_row css=&#8221;.vc_custom_1697673867348{padding-top: 100px !important;padding-bottom: 80px !important;background-color: #ffffff !important;}&#8221;][vc_column][vc_row_inner content_placement=&#8221;middle&#8221; gap=&#8221;20&#8243;][vc_column_inner width=&#8221;1\/2&#8243;][vc_single_image image=&#8221;8240&#8243; img_size=&#8221;full&#8221; alignment=&#8221;center&#8221;][vc_column_text]<\/p>\n<h5>Cela comprend le benchmarking concurrentiel, le benchmarking fonctionnel et le benchmarking interne :<\/h5>\n<ul>\n<li style=\"text-align: justify;\"><strong>Benchmarking concurrentiel :<\/strong> Il s\u2019agit de comparer directement la performance et les pratiques d\u2019une entreprise avec celles de ses concurrents afin d\u2019identifier les points forts et les aspects \u00e0 am\u00e9liorer.<\/li>\n<li style=\"text-align: justify;\">\n<blockquote>\n<p><strong>Benchmarking fonctionnel :<\/strong> Cette approche compare des fonctions ou processus pr\u00e9cis au sein d\u2019une entreprise avec des fonctions similaires dans d\u2019autres organisations, afin d\u2019identifier des moyens d\u2019am\u00e9liorer l\u2019efficacit\u00e9.<\/p>\n<\/blockquote>\n<\/li>\n<li style=\"text-align: justify;\"><strong>Benchmarking interne :<\/strong> Les entreprises comparent diff\u00e9rentes unit\u00e9s ou divisions \u00e0 l\u2019int\u00e9rieur de leur organisation afin d\u2019identifier les meilleures pratiques pouvant \u00eatre partag\u00e9es \u00e0 l\u2019\u00e9chelle de l\u2019entreprise.<\/li>\n<\/ul>\n<p>[\/vc_column_text][vc_column_text]<\/p>\n<h5 style=\"text-align: justify;\">Les entreprises \u00e9voluant dans des secteurs dynamiques comme la pharmaceutique, la biotechnologie et l\u2019alimentaire doivent rester comp\u00e9titives et am\u00e9liorer continuellement leur performance. Le d\u00e9ploiement du benchmarking sectoriel r\u00e9pond \u00e0 ces besoins d\u2019am\u00e9lioration de la performance, d\u2019analyse concurrentielle et d\u2019innovation.<\/h5>\n<ul>\n<li style=\"text-align: justify;\"><strong>Am\u00e9lioration de la performance :<\/strong> Le benchmarking aide les entreprises \u00e0 rep\u00e9rer les pistes d\u2019am\u00e9lioration en comparant leurs pratiques aux meilleures pratiques du secteur.<\/li>\n<li style=\"text-align: justify;\">\n<blockquote>\n<p><strong>Analyse concurrentielle :<\/strong> Le benchmarking sectoriel fournit des informations sur les forces et les faiblesses des concurrents, aidant les entreprises \u00e0 se positionner efficacement.<\/p>\n<\/blockquote>\n<\/li>\n<li style=\"text-align: justify;\"><strong>Innovation :<\/strong> En \u00e9tudiant les tendances sectorielles et les pratiques \u00e9mergentes, les entreprises peuvent innover et garder une longueur d\u2019avance.<\/li>\n<\/ul>\n<p>[\/vc_column_text][\/vc_column_inner][vc_column_inner width=&#8221;1\/2&#8243;][vc_column_text]<\/p>\n<h5>Les cons\u00e9quences d\u2019une n\u00e9gligence du benchmarking sectoriel m\u00e8nent \u00e0 :<\/h5>\n<ul>\n<li><strong>Stagnation :<\/strong> Sans benchmarking, les entreprises peuvent ne pas \u00eatre conscientes de l\u2019\u00e9volution des pratiques sectorielles et prendre du retard sur leurs concurrents.<\/li>\n<li>\n<blockquote>\n<p><strong>Inefficacit\u00e9 :<\/strong> N\u00e9gliger le benchmarking peut entra\u00eener des inefficacit\u00e9s, puisque les entreprises passent \u00e0 c\u00f4t\u00e9 d\u2019occasions d\u2019apprendre des meilleures pratiques.<\/p>\n<\/blockquote>\n<\/li>\n<li style=\"text-align: justify;\"><strong>Perte de comp\u00e9titivit\u00e9 :<\/strong> Sans visibilit\u00e9 sur les pratiques des concurrents, les entreprises peuvent avoir de la difficult\u00e9 \u00e0 maintenir leur avantage concurrentiel.<\/li>\n<\/ul>\n<p>[\/vc_column_text][vc_column_text]<\/p>\n<h5 style=\"text-align: justify;\">La puissance des pratiques de benchmarking sectoriel :<\/h5>\n<p style=\"text-align: justify;\">Les pratiques de benchmarking sectoriel apportent \u00e0 votre entreprise des rep\u00e8res et des informations d\u2019une grande valeur. En vous comparant aux standards et aux meilleures pratiques de votre industrie, nous pouvons identifier les axes d\u2019am\u00e9lioration et mettre en place des strat\u00e9gies pour renforcer la performance, garder une longueur d\u2019avance sur la concurrence en adoptant les plus r\u00e9centes tendances et pratiques du secteur, optimiser l\u2019allocation des ressources en tirant parti des enseignements provenant des entreprises les plus performantes, et prendre des d\u00e9cisions fond\u00e9es sur les donn\u00e9es afin de stimuler la croissance et la rentabilit\u00e9.<\/p>\n<p style=\"text-align: justify;\">OSICS collabore avec les entreprises pour d\u00e9velopper et mettre en \u0153uvre des strat\u00e9gies de benchmarking sectoriel. En recourant au benchmarking concurrentiel, au benchmarking fonctionnel et au benchmarking interne, l\u2019entreprise aide les organisations \u00e0 identifier les pistes d\u2019am\u00e9lioration, \u00e0 rester comp\u00e9titives et \u00e0 am\u00e9liorer leur performance globale.<\/p>\n<p>[\/vc_column_text][vc_single_image image=&#8221;8126&#8243; img_size=&#8221;full&#8221; alignment=&#8221;center&#8221;][\/vc_column_inner][\/vc_row_inner][stm_spacing lg_spacing=&#8221;30&#8243; md_spacing=&#8221;30&#8243; sm_spacing=&#8221;18&#8243; xs_spacing=&#8221;12&#8243;][\/vc_column][\/vc_row][vc_row full_width=&#8221;stretch_row&#8221; equal_height=&#8221;yes&#8221; css=&#8221;.vc_custom_1697673685291{background-color: #f4f4f4 !important;}&#8221;][vc_column width=&#8221;1\/2&#8243; css=&#8221;.vc_custom_1553422640194{padding-right: 15px !important;}&#8221;][stm_spacing lg_spacing=&#8221;85&#8243; md_spacing=&#8221;85&#8243; sm_spacing=&#8221;70&#8243; xs_spacing=&#8221;70&#8243;][vc_custom_heading stripe_pos=&#8221;hide&#8221; text=&#8221;Vous cherchez une<br \/>\nsolution adapt\u00e9e \u00e0 vos besoins ?&#8221; font_container=&#8221;tag:h2|text_align:left|color:%23658a1d&#8221; use_theme_fonts=&#8221;yes&#8221;][stm_spacing lg_spacing=&#8221;6&#8243; md_spacing=&#8221;6&#8243; sm_spacing=&#8221;6&#8243; xs_spacing=&#8221;6&#8243;][vc_column_text css=&#8221;.vc_custom_1697915085477{padding-right: 20px !important;padding-left: 0px !important;}&#8221;]Chez OSICS, notre \u00e9quipe de consultants se sp\u00e9cialise dans la prestation de services de conseil exceptionnels aux clients des secteurs de l&#8217;industrie pharmaceutique, de la biotechnologie et de l&#8217;alimentation.[\/vc_column_text][vc_column_text]<\/p>\n<ul>\n<li><a href=\"https:\/\/osicsnetwork.com\/fr\/contextes-et-defis\/\">D\u00e9fis d\u2019affaires<\/a><\/li>\n<li><a href=\"https:\/\/osicsnetwork.com\/fr\/objectifs-projets\/\">Buts et objectifs d\u2019entreprise<\/a><\/li>\n<li><a href=\"https:\/\/osicsnetwork.com\/fr\/ressources\/\">Experts et consultants ind\u00e9pendants<\/a><\/li>\n<li><a href=\"https:\/\/osicsnetwork.com\/fr\/services\/\">Services OSICS<\/a><\/li>\n<\/ul>\n<p>[\/vc_column_text][stm_spacing lg_spacing=&#8221;80&#8243; md_spacing=&#8221;80&#8243; sm_spacing=&#8221;60&#8243; xs_spacing=&#8221;60&#8243;][\/vc_column][vc_column stretch=&#8221;right&#8221; width=&#8221;1\/2&#8243; css=&#8221;.vc_custom_1699050323515{background-image: url(https:\/\/osicsnetwork.com\/wp-content\/uploads\/2023\/11\/shutterstock_313766822BIS.jpg?id=8012) !important;background-position: center !important;background-repeat: no-repeat !important;background-size: cover !important;}&#8221; offset=&#8221;vc_hidden-xs&#8221;][\/vc_column][\/vc_row][vc_row css=&#8221;.vc_custom_1698507176982{padding-top: 120px !important;padding-bottom: 60px !important;background-color: #ffffff !important;}&#8221;][vc_column][stm_spacing lg_spacing=&#8221;30&#8243; md_spacing=&#8221;30&#8243; sm_spacing=&#8221;18&#8243; xs_spacing=&#8221;12&#8243;][vc_row_inner content_placement=&#8221;middle&#8221; gap=&#8221;20&#8243;][vc_column_inner width=&#8221;1\/2&#8243;][vc_single_image image=&#8221;8145&#8243; img_size=&#8221;full&#8221; alignment=&#8221;center&#8221;][\/vc_column_inner][vc_column_inner width=&#8221;1\/2&#8243;][vc_column_text]<\/p>\n<p style=\"text-align: justify;\">En conclusion, l\u2019expertise d\u2019OSICS dans le d\u00e9ploiement de strat\u00e9gies de benchmarking sectoriel r\u00e9pond aux besoins particuliers des entreprises des secteurs pharmaceutique et biotechnologique. En adoptant des pratiques de benchmarking sectoriel, les entreprises peuvent identifier les meilleures pratiques, am\u00e9liorer leur efficacit\u00e9 et demeurer comp\u00e9titives dans des march\u00e9s en \u00e9volution rapide. Chez OSICS, nous comprenons l\u2019importance du benchmarking sectoriel pour lib\u00e9rer le potentiel de votre entreprise. Notre \u00e9quipe d\u2019experts de classe mondiale, forte de plus de 20 ans d\u2019exp\u00e9rience, vous accompagne tout au long du processus en vous fournissant des informations exploitables et des strat\u00e9gies personnalis\u00e9es align\u00e9es sur vos objectifs d\u2019affaires. Profitez d\u00e8s aujourd\u2019hui de nos outils de benchmarking sectoriel et faites passer votre entreprise au niveau sup\u00e9rieur !<\/p>\n<p>[\/vc_column_text][vc_btn title=&#8221;Demande de rendez-vous.&#8221; style=&#8221;custom&#8221; custom_background=&#8221;#658c1c&#8221; custom_text=&#8221;#ffffff&#8221; shape=&#8221;square&#8221; size=&#8221;sm&#8221; link=&#8221;url:https%3A%2F%2Fosicsnetwork.com%2Ffr%2Fcontact%2F|&#8221;][\/vc_column_inner][\/vc_row_inner][stm_spacing lg_spacing=&#8221;30&#8243; md_spacing=&#8221;30&#8243; sm_spacing=&#8221;18&#8243; xs_spacing=&#8221;12&#8243;][\/vc_column][\/vc_row][vc_row full_width=&#8221;stretch_row&#8221; css=&#8221;.vc_custom_1699050335782{margin-bottom: -60px !important;background-image: url(https:\/\/osicsnetwork.com\/wp-content\/uploads\/2023\/11\/shutterstock_1931518415BIS.jpg?id=8007) !important;background-position: center !important;background-repeat: no-repeat !important;background-size: cover !important;}&#8221; el_class=&#8221;overlay_4 fixed_bg&#8221;][vc_column][stm_spacing lg_spacing=&#8221;75&#8243; md_spacing=&#8221;75&#8243; sm_spacing=&#8221;60&#8243; xs_spacing=&#8221;60&#8243;][vc_custom_heading stripe_pos=&#8221;hide&#8221; text=&#8221;LE R\u00c9SEAU OSICS&#8221; font_container=&#8221;tag:h2|text_align:center|color:%23ffffff|line_height:64px&#8221; use_theme_fonts=&#8221;yes&#8221; subtitle=&#8221;LES EXPERTS DE LA TRANSFORMATION DE LA PERFORMANCE OP\u00c9RATIONNELLE.&#8221; stripe_hide=&#8221;yes&#8221; subtitle_color=&#8221;#ffffff&#8221;][stm_spacing lg_spacing=&#8221;67&#8243; md_spacing=&#8221;67&#8243; sm_spacing=&#8221;60&#8243; xs_spacing=&#8221;60&#8243;][\/vc_column][\/vc_row]<\/p>\n<\/div>","protected":false},"excerpt":{"rendered":"<p>[vc_row css=&#8221;.vc_custom_1697673798322{padding-top: 80px !important;padding-bottom: 80px !important;background-color: #ffffff !important;}&#8221;][vc_column][vc_custom_heading text=&#8221;Benchmarks sectoriels&#8221; font_container=&#8221;tag:h1|text_align:center|color:%23658a1d&#8221; use_theme_fonts=&#8221;yes&#8221; subtitle=&#8221;LE R\u00c9SEAU OSICS&#8221;][stm_spacing lg_spacing=&#8221;30&#8243; md_spacing=&#8221;30&#8243; sm_spacing=&#8221;18&#8243; xs_spacing=&#8221;12&#8243;][vc_row_inner content_placement=&#8221;middle&#8221; gap=&#8221;20&#8243;][vc_column_inner width=&#8221;1\/2&#8243;][vc_column_text] Chez OSICS, nous nous sp\u00e9cialisons dans l\u2019accompagnement expert et la mise en place de solutions pour les entreprises \u0153uvrant dans les secteurs pharmaceutique et biotechnologique. Notre vaste exp\u00e9rience et notre connaissance approfondie du<\/p>\n","protected":false},"author":1,"featured_media":8311,"parent":8764,"menu_order":0,"comment_status":"closed","ping_status":"closed","template":"","meta":{"footnotes":""},"class_list":["post-8773","page","type-page","status-publish","has-post-thumbnail","hentry"],"yoast_head":"<!-- This site is optimized with the Yoast SEO plugin v27.1.1 - https:\/\/yoast.com\/product\/yoast-seo-wordpress\/ -->\n<title>Expertise en strat\u00e9gie d&#039;\u00e9talonnage sectoriel | Conseil OSICS<\/title>\n<meta name=\"description\" content=\"Profitez de la strat\u00e9gie d&#039;\u00e9talonnage sectoriel d&#039;OSICS pour l&#039;industrie pharmaceutique et biotechnologique afin de surpasser les normes de l&#039;industrie et d&#039;am\u00e9liorer les performances de votre entreprise.\" \/>\n<meta name=\"robots\" content=\"index, follow, max-snippet:-1, max-image-preview:large, max-video-preview:-1\" \/>\n<link rel=\"canonical\" href=\"https:\/\/osicsnetwork.com\/fr\/objectifs-projets\/benchmarks-sectoriels\/\" \/>\n<meta property=\"og:locale\" content=\"fr_FR\" \/>\n<meta property=\"og:type\" content=\"article\" \/>\n<meta property=\"og:title\" content=\"Expertise en strat\u00e9gie d&#039;\u00e9talonnage sectoriel | Conseil OSICS\" \/>\n<meta property=\"og:description\" content=\"Profitez de la strat\u00e9gie d&#039;\u00e9talonnage sectoriel d&#039;OSICS pour l&#039;industrie pharmaceutique et biotechnologique afin de surpasser les normes de l&#039;industrie et d&#039;am\u00e9liorer les performances de votre entreprise.\" \/>\n<meta property=\"og:url\" content=\"https:\/\/osicsnetwork.com\/fr\/objectifs-projets\/benchmarks-sectoriels\/\" \/>\n<meta property=\"og:site_name\" content=\"Osicsnetwork.com\" \/>\n<meta property=\"article:modified_time\" content=\"2026-03-17T21:53:16+00:00\" \/>\n<meta property=\"og:image\" content=\"https:\/\/osicsnetwork.com\/wp-content\/uploads\/2023\/11\/shutterstock_1204727542.jpg\" \/>\n\t<meta property=\"og:image:width\" content=\"1000\" \/>\n\t<meta property=\"og:image:height\" content=\"667\" \/>\n\t<meta property=\"og:image:type\" content=\"image\/jpeg\" \/>\n<meta name=\"twitter:card\" content=\"summary_large_image\" \/>\n<meta name=\"twitter:label1\" content=\"Dur\u00e9e de lecture estim\u00e9e\" \/>\n\t<meta name=\"twitter:data1\" content=\"4 minutes\" \/>\n<!-- \/ Yoast SEO plugin. -->","yoast_head_json":{"title":"Expertise en strat\u00e9gie d'\u00e9talonnage sectoriel | Conseil OSICS","description":"Profitez de la strat\u00e9gie d'\u00e9talonnage sectoriel d'OSICS pour l'industrie pharmaceutique et biotechnologique afin de surpasser les normes de l'industrie et d'am\u00e9liorer les performances de votre entreprise.","robots":{"index":"index","follow":"follow","max-snippet":"max-snippet:-1","max-image-preview":"max-image-preview:large","max-video-preview":"max-video-preview:-1"},"canonical":"https:\/\/osicsnetwork.com\/fr\/objectifs-projets\/benchmarks-sectoriels\/","og_locale":"fr_FR","og_type":"article","og_title":"Expertise en strat\u00e9gie d'\u00e9talonnage sectoriel | Conseil OSICS","og_description":"Profitez de la strat\u00e9gie d'\u00e9talonnage sectoriel d'OSICS pour l'industrie pharmaceutique et biotechnologique afin de surpasser les normes de l'industrie et d'am\u00e9liorer les performances de votre entreprise.","og_url":"https:\/\/osicsnetwork.com\/fr\/objectifs-projets\/benchmarks-sectoriels\/","og_site_name":"Osicsnetwork.com","article_modified_time":"2026-03-17T21:53:16+00:00","og_image":[{"width":1000,"height":667,"url":"https:\/\/osicsnetwork.com\/wp-content\/uploads\/2023\/11\/shutterstock_1204727542.jpg","type":"image\/jpeg"}],"twitter_card":"summary_large_image","twitter_misc":{"Dur\u00e9e de lecture estim\u00e9e":"4 minutes"},"schema":{"@context":"https:\/\/schema.org","@graph":[{"@type":"WebPage","@id":"https:\/\/osicsnetwork.com\/fr\/objectifs-projets\/benchmarks-sectoriels\/","url":"https:\/\/osicsnetwork.com\/fr\/objectifs-projets\/benchmarks-sectoriels\/","name":"Expertise en strat\u00e9gie d'\u00e9talonnage sectoriel | Conseil OSICS","isPartOf":{"@id":"https:\/\/osicsnetwork.com\/fr\/#website"},"primaryImageOfPage":{"@id":"https:\/\/osicsnetwork.com\/fr\/objectifs-projets\/benchmarks-sectoriels\/#primaryimage"},"image":{"@id":"https:\/\/osicsnetwork.com\/fr\/objectifs-projets\/benchmarks-sectoriels\/#primaryimage"},"thumbnailUrl":"https:\/\/osicsnetwork.com\/wp-content\/uploads\/2023\/11\/shutterstock_1204727542.jpg","datePublished":"2023-10-29T16:02:42+00:00","dateModified":"2026-03-17T21:53:16+00:00","description":"Profitez de la strat\u00e9gie d'\u00e9talonnage sectoriel d'OSICS pour l'industrie pharmaceutique et biotechnologique afin de surpasser les normes de l'industrie et d'am\u00e9liorer les performances de votre entreprise.","breadcrumb":{"@id":"https:\/\/osicsnetwork.com\/fr\/objectifs-projets\/benchmarks-sectoriels\/#breadcrumb"},"inLanguage":"fr-FR","potentialAction":[{"@type":"ReadAction","target":["https:\/\/osicsnetwork.com\/fr\/objectifs-projets\/benchmarks-sectoriels\/"]}]},{"@type":"ImageObject","inLanguage":"fr-FR","@id":"https:\/\/osicsnetwork.com\/fr\/objectifs-projets\/benchmarks-sectoriels\/#primaryimage","url":"https:\/\/osicsnetwork.com\/wp-content\/uploads\/2023\/11\/shutterstock_1204727542.jpg","contentUrl":"https:\/\/osicsnetwork.com\/wp-content\/uploads\/2023\/11\/shutterstock_1204727542.jpg","width":1000,"height":667},{"@type":"BreadcrumbList","@id":"https:\/\/osicsnetwork.com\/fr\/objectifs-projets\/benchmarks-sectoriels\/#breadcrumb","itemListElement":[{"@type":"ListItem","position":1,"name":"Home","item":"https:\/\/osicsnetwork.com\/fr\/"},{"@type":"ListItem","position":2,"name":"Objectifs \/ projets","item":"https:\/\/osicsnetwork.com\/fr\/objectifs-projets\/"},{"@type":"ListItem","position":3,"name":"Benchmarks sectoriels"}]},{"@type":"WebSite","@id":"https:\/\/osicsnetwork.com\/fr\/#website","url":"https:\/\/osicsnetwork.com\/fr\/","name":"Osicsnetwork.com","description":"Consulting firm","publisher":{"@id":"https:\/\/osicsnetwork.com\/fr\/#organization"},"alternateName":"Osics Network","potentialAction":[{"@type":"SearchAction","target":{"@type":"EntryPoint","urlTemplate":"https:\/\/osicsnetwork.com\/fr\/?s={search_term_string}"},"query-input":{"@type":"PropertyValueSpecification","valueRequired":true,"valueName":"search_term_string"}}],"inLanguage":"fr-FR"},{"@type":"Organization","@id":"https:\/\/osicsnetwork.com\/fr\/#organization","name":"Osics Network","alternateName":"Osics consulting firm","url":"https:\/\/osicsnetwork.com\/fr\/","logo":{"@type":"ImageObject","inLanguage":"fr-FR","@id":"https:\/\/osicsnetwork.com\/fr\/#\/schema\/logo\/image\/","url":"https:\/\/osicsnetwork.com\/wp-content\/uploads\/2023\/09\/IMG_E0240-1.jpg","contentUrl":"https:\/\/osicsnetwork.com\/wp-content\/uploads\/2023\/09\/IMG_E0240-1.jpg","width":1040,"height":532,"caption":"Osics Network"},"image":{"@id":"https:\/\/osicsnetwork.com\/fr\/#\/schema\/logo\/image\/"}}]}},"_links":{"self":[{"href":"https:\/\/osicsnetwork.com\/fr\/wp-json\/wp\/v2\/pages\/8773","targetHints":{"allow":["GET"]}}],"collection":[{"href":"https:\/\/osicsnetwork.com\/fr\/wp-json\/wp\/v2\/pages"}],"about":[{"href":"https:\/\/osicsnetwork.com\/fr\/wp-json\/wp\/v2\/types\/page"}],"author":[{"embeddable":true,"href":"https:\/\/osicsnetwork.com\/fr\/wp-json\/wp\/v2\/users\/1"}],"replies":[{"embeddable":true,"href":"https:\/\/osicsnetwork.com\/fr\/wp-json\/wp\/v2\/comments?post=8773"}],"version-history":[{"count":0,"href":"https:\/\/osicsnetwork.com\/fr\/wp-json\/wp\/v2\/pages\/8773\/revisions"}],"up":[{"embeddable":true,"href":"https:\/\/osicsnetwork.com\/fr\/wp-json\/wp\/v2\/pages\/8764"}],"wp:featuredmedia":[{"embeddable":true,"href":"https:\/\/osicsnetwork.com\/fr\/wp-json\/wp\/v2\/media\/8311"}],"wp:attachment":[{"href":"https:\/\/osicsnetwork.com\/fr\/wp-json\/wp\/v2\/media?parent=8773"}],"curies":[{"name":"wp","href":"https:\/\/api.w.org\/{rel}","templated":true}]}}