{"id":8735,"date":"2023-10-28T15:56:29","date_gmt":"2023-10-28T15:56:29","guid":{"rendered":"https:\/\/osicsnetwork.com\/contextes-et-defis\/manque-de-competence-defi-du-developpement-des-competences\/"},"modified":"2026-03-05T11:14:26","modified_gmt":"2026-03-05T11:14:26","slug":"manque-de-competence-defi-du-developpement-des-competences","status":"publish","type":"page","link":"https:\/\/osicsnetwork.com\/fr\/contextes-et-defis\/manque-de-competence-defi-du-developpement-des-competences\/","title":{"rendered":"Manque de comp\u00e9tence \/ d\u00e9fi du d\u00e9veloppement des comp\u00e9tences."},"content":{"rendered":"<div class=\"wpb-content-wrapper\"><p>[vc_row css=&#8221;.vc_custom_1697673798322{padding-top: 80px !important;padding-bottom: 80px !important;background-color: #ffffff !important;}&#8221;][vc_column][vc_custom_heading text=&#8221;Manque de comp\u00e9tence \/ d\u00e9fi du d\u00e9veloppement des comp\u00e9tences&#8221; font_container=&#8221;tag:h1|text_align:center|color:%23658a1d&#8221; use_theme_fonts=&#8221;yes&#8221; subtitle=&#8221;LE R\u00c9SEAU OSICS&#8221;][stm_spacing lg_spacing=&#8221;30&#8243; md_spacing=&#8221;30&#8243; sm_spacing=&#8221;18&#8243; xs_spacing=&#8221;12&#8243;][vc_row_inner content_placement=&#8221;middle&#8221; gap=&#8221;20&#8243;][vc_column_inner width=&#8221;1\/2&#8243;][vc_column_text]<\/p>\n<p style=\"text-align: justify;\">Chez OSICS, nous nous sp\u00e9cialisons dans le comblement des \u00e9carts de comp\u00e9tences et dans l&#8217;autonomisation des professionnels de l&#8217;industrie pharmaceutique et biotechnologique. Gr\u00e2ce \u00e0 nos programmes de formation complets, \u00e0 notre coaching d&#8217;experts et \u00e0 nos opportunit\u00e9s de d\u00e9veloppement professionnel, nous sommes l\u00e0 pour vous aider \u00e0 atteindre de nouveaux sommets dans votre carri\u00e8re professionnelle.<\/p>\n<p style=\"text-align: justify;\">Dans cette industrie en \u00e9volution rapide et constante, rester en avance sur la courbe est crucial pour r\u00e9ussir. Nous proposons une gamme de solutions compl\u00e8tes visant \u00e0 d\u00e9velopper les comp\u00e9tences et \u00e0 combler les lacunes.<\/p>\n<p>[\/vc_column_text][\/vc_column_inner][vc_column_inner width=&#8221;1\/2&#8243;][vc_single_image image=&#8221;7479&#8243; img_size=&#8221;full&#8221; alignment=&#8221;center&#8221;][\/vc_column_inner][\/vc_row_inner][stm_spacing lg_spacing=&#8221;30&#8243; md_spacing=&#8221;30&#8243; sm_spacing=&#8221;18&#8243; xs_spacing=&#8221;12&#8243;][\/vc_column][\/vc_row][vc_row full_width=&#8221;stretch_row&#8221; el_class=&#8221;overlay_2 fixed_bg&#8221; css=&#8221;.vc_custom_1698964897220{padding-top: 40px !important;padding-bottom: 40px !important;background-color: #4a5e72 !important;background-position: center !important;background-repeat: no-repeat !important;background-size: cover !important;}&#8221;][vc_column][vc_custom_heading text=&#8221;Sans les bonnes ressources humaines qui sont d\u00e9velopp\u00e9es, engag\u00e9es et habilit\u00e9es \u00e0 r\u00e9aliser la transformation des performances, il y a une valeur et un impact limit\u00e9s \u00e0 moyen et long terme.<br \/>\n<mark>C&#8217;est au c\u0153ur de tous les succ\u00e8s durables.<\/mark>&#8221; font_container=&#8221;tag:div|font_size:22px|text_align:center|color:%23ffffff|line_height:34px&#8221; google_fonts=&#8221;font_family:Poppins%3A300%2Cregular%2C500%2C600%2C700|font_style:700%20bold%3A700%3Anormal&#8221;][\/vc_column][\/vc_row][vc_row css=&#8221;.vc_custom_1697673867348{padding-top: 100px !important;padding-bottom: 80px !important;background-color: #ffffff !important;}&#8221;][vc_column][vc_row_inner content_placement=&#8221;middle&#8221; gap=&#8221;20&#8243;][vc_column_inner width=&#8221;1\/2&#8243;][vc_column_text]<\/p>\n<p style=\"text-align: justify;\"><strong>Les d\u00e9fis li\u00e9s au d\u00e9veloppement des comp\u00e9tences dans les entreprises<\/strong> : Les industries pharmaceutiques et biotechnologiques sont confront\u00e9es \u00e0 d&#8217;importants d\u00e9fis en mati\u00e8re de d\u00e9veloppement des comp\u00e9tences. La vitesse et l&#8217;ampleur sans pr\u00e9c\u00e9dent de la perturbation technologique provoqu\u00e9e par la r\u00e9volution industrielle affectent la fonction op\u00e9rationnelle dans toutes les industries, y compris l&#8217;industrie pharmaceutique et biotechnologique. Les fabricants introduisent des technologies avanc\u00e9es, automatisent et num\u00e9risent les processus, et appliquent des analyses avanc\u00e9es aux donn\u00e9es. Ces tendances macro\u00e9conomiques g\u00e9n\u00e8rent des changements majeurs dans les comp\u00e9tences requises pour les op\u00e9rations. La main-d&#8217;\u0153uvre pourrait pousser les entreprises et leurs employ\u00e9s \u00e0 accepter de nouvelles fa\u00e7ons de travailler. Les profils professionnels changent \u00e9galement ; certains emplois disparaissent en raison de l&#8217;automatisation, tandis que de tout nouveaux emplois \u00e9mergent.<\/p>\n<p style=\"text-align: justify;\">En investissant dans le renforcement des comp\u00e9tences, le coaching, le d\u00e9veloppement professionnel et les programmes de formation des formateurs, les organisations peuvent favoriser une culture d&#8217;apprentissage et de d\u00e9veloppement continu. En cons\u00e9quence, les \u00e9carts de comp\u00e9tences sont r\u00e9duits, les employ\u00e9s sont mieux pr\u00e9par\u00e9s \u00e0 relever les d\u00e9fis de leurs fonctions, et la performance organisationnelle globale s&#8217;am\u00e9liore.<\/p>\n<p>[\/vc_column_text][vc_separator][vc_column_text]<\/p>\n<p style=\"text-align: justify;\"><b>Programmes de formation et de renforcement des comp\u00e9tences :<\/b> Nous proposons des programmes de formation cibl\u00e9s con\u00e7us sp\u00e9cifiquement pour les industries pharmaceutiques et biotechnologiques. Nos programmes couvrent un large \u00e9ventail de sujets, de la conformit\u00e9 r\u00e9glementaire \u00e0 l&#8217;assurance qualit\u00e9 et \u00e0 l&#8217;efficacit\u00e9 de la production. Avec un accent mis sur l&#8217;application pratique, notre formation dote les employ\u00e9s des connaissances et comp\u00e9tences n\u00e9cessaires pour exceller dans leurs fonctions.<\/p>\n<p>[\/vc_column_text][\/vc_column_inner][vc_column_inner width=&#8221;1\/2&#8243;][vc_column_text]<\/p>\n<blockquote>\n<p style=\"text-align: justify;\"><b>Services de coaching :<\/b> En plus des programmes de formation, nous proposons des services de coaching adapt\u00e9s aux besoins de l&#8217;organisation. Nos consultants exp\u00e9riment\u00e9s travaillent en \u00e9troite collaboration avec les cadres et les employ\u00e9s de l&#8217;entreprise pour identifier les domaines \u00e0 am\u00e9liorer et fournir des conseils sur la mani\u00e8re d&#8217;accro\u00eetre efficacement leurs comp\u00e9tences. Gr\u00e2ce \u00e0 des s\u00e9ances individuelles, nous permettons aux individus de surmonter les d\u00e9fis et d&#8217;atteindre leur plein potentiel.<\/p>\n<\/blockquote>\n<p>[\/vc_column_text][vc_separator][vc_column_text]<\/p>\n<p style=\"text-align: justify;\"><b>Opportunit\u00e9s de d\u00e9veloppement professionnel : <\/b>Nous comprenons que l&#8217;apprentissage continu est essentiel pour la croissance professionnelle. C&#8217;est pourquoi nous proposons une vari\u00e9t\u00e9 d&#8217;opportunit\u00e9s de d\u00e9veloppement professionnel qui permettent aux employ\u00e9s d&#8217;\u00e9largir leurs comp\u00e9tences et de rester inform\u00e9s des tendances de l&#8217;industrie. Des ateliers au soutien en ligne, nous offrons des options flexibles pour r\u00e9pondre aux emplois du temps charg\u00e9s et aux pr\u00e9f\u00e9rences d&#8217;apprentissage diverses.<\/p>\n<p>[\/vc_column_text][vc_separator][vc_column_text]<\/p>\n<blockquote>\n<p style=\"text-align: justify;\"><b>Programmes de formation des formateurs :<\/b> Nous croyons en la puissance du partage des connaissances. Nos programmes de formation des formateurs permettent \u00e0 vos formateurs internes de dispenser efficacement des sessions de formation au sein de votre organisation. Nous les dotons des outils, techniques et ressources n\u00e9cessaires pour devenir des facilitateurs dynamiques capables d&#8217;inspirer et d&#8217;\u00e9duquer les autres.<\/p>\n<\/blockquote>\n<p>[\/vc_column_text][\/vc_column_inner][\/vc_row_inner][stm_spacing lg_spacing=&#8221;30&#8243; md_spacing=&#8221;30&#8243; sm_spacing=&#8221;18&#8243; xs_spacing=&#8221;12&#8243;][\/vc_column][\/vc_row][vc_row full_width=&#8221;stretch_row&#8221; equal_height=&#8221;yes&#8221; css=&#8221;.vc_custom_1697673685291{background-color: #f4f4f4 !important;}&#8221;][vc_column width=&#8221;1\/2&#8243; css=&#8221;.vc_custom_1553422640194{padding-right: 15px !important;}&#8221;][stm_spacing lg_spacing=&#8221;85&#8243; md_spacing=&#8221;85&#8243; sm_spacing=&#8221;70&#8243; xs_spacing=&#8221;70&#8243;][vc_custom_heading stripe_pos=&#8221;hide&#8221; text=&#8221;Vous cherchez une<br \/>\nSolution adapt\u00e9e \u00e0 vos besoins ?&#8221; font_container=&#8221;tag:h2|text_align:left|color:%23658a1d&#8221; use_theme_fonts=&#8221;yes&#8221;][stm_spacing lg_spacing=&#8221;6&#8243; md_spacing=&#8221;6&#8243; sm_spacing=&#8221;6&#8243; xs_spacing=&#8221;6&#8243;][vc_column_text css=&#8221;.vc_custom_1697915085477{padding-right: 20px !important;padding-left: 0px !important;}&#8221;]Chez OSICS, notre \u00e9quipe de consultants se sp\u00e9cialise dans la prestation de services de conseil exceptionnels aux clients des secteurs de l&#8217;industrie pharmaceutique, de la biotechnologie et de l&#8217;alimentation.[\/vc_column_text][vc_column_text]<\/p>\n<ul>\n<li><a href=\"https:\/\/osicsnetwork.com\/fr\/contextes-et-defis\/\">D\u00e9fis commerciaux<\/a><\/li>\n<li><a href=\"https:\/\/osicsnetwork.com\/fr\/objectifs-projets\/\">Objectifs et buts d&#8217;entreprise<\/a><\/li>\n<li><a href=\"https:\/\/osicsnetwork.com\/fr\/ressources\/\">Experts et consultants ind\u00e9pendants<\/a><\/li>\n<li><a href=\"https:\/\/osicsnetwork.com\/fr\/services\/\">Les services d&#8217;OSICS<\/a><\/li>\n<\/ul>\n<p>[\/vc_column_text][stm_spacing lg_spacing=&#8221;80&#8243; md_spacing=&#8221;80&#8243; sm_spacing=&#8221;60&#8243; xs_spacing=&#8221;60&#8243;][\/vc_column][vc_column stretch=&#8221;right&#8221; width=&#8221;1\/2&#8243; css=&#8221;.vc_custom_1698964910151{background-image: url(https:\/\/osicsnetwork.com\/wp-content\/uploads\/2023\/11\/shutterstock_313766822BIS.jpg?id=8012) !important;background-position: center !important;background-repeat: no-repeat !important;background-size: cover !important;}&#8221; offset=&#8221;vc_hidden-xs&#8221;][\/vc_column][\/vc_row][vc_row css=&#8221;.vc_custom_1698507176982{padding-top: 120px !important;padding-bottom: 60px !important;background-color: #ffffff !important;}&#8221;][vc_column][stm_spacing lg_spacing=&#8221;30&#8243; md_spacing=&#8221;30&#8243; sm_spacing=&#8221;18&#8243; xs_spacing=&#8221;12&#8243;][vc_row_inner content_placement=&#8221;middle&#8221; gap=&#8221;20&#8243;][vc_column_inner width=&#8221;1\/2&#8243;][vc_single_image image=&#8221;8305&#8243; img_size=&#8221;full&#8221; alignment=&#8221;center&#8221;][\/vc_column_inner][vc_column_inner width=&#8221;1\/2&#8243;][vc_column_text]<\/p>\n<p style=\"text-align: justify;\">Au fil des ann\u00e9es, nous avons aid\u00e9 d&#8217;innombrables professionnels des industries pharmaceutiques et biotechnologiques\u00a0 \u00e0 atteindre leurs objectifs professionnels. Vous pouvez avoir confiance en notre conseil et notre orientation, qui sont \u00e9tay\u00e9s par la connaissance et l&#8217;expertise. Nous consid\u00e9rons nos clients comme des partenaires dans un voyage commun vers le succ\u00e8s. Nous croyons en une communication ouverte, en la collaboration et en la transparence tout au long de notre engagement. Ensemble, nous travaillerons \u00e0 surmonter les d\u00e9fis li\u00e9s au d\u00e9veloppement des comp\u00e9tences pour lib\u00e9rer votre plein potentiel. Ne laissez pas les \u00e9carts de comp\u00e9tences freiner votre organisation. Contactez-nous d\u00e8s aujourd&#8217;hui pour d\u00e9couvrir comment notre entreprise de conseil peut vous aider \u00e0 d\u00e9velopper les comp\u00e9tences n\u00e9cessaires pour r\u00e9ussir dans les industries pharmaceutiques et biotechnologiques.<\/p>\n<p>[\/vc_column_text][\/vc_column_inner][\/vc_row_inner][stm_spacing lg_spacing=&#8221;30&#8243; md_spacing=&#8221;30&#8243; sm_spacing=&#8221;18&#8243; xs_spacing=&#8221;12&#8243;][stm_spacing lg_spacing=&#8221;30&#8243; md_spacing=&#8221;30&#8243; sm_spacing=&#8221;18&#8243; xs_spacing=&#8221;12&#8243;][\/vc_column][\/vc_row][vc_row full_width=&#8221;stretch_row&#8221; css=&#8221;.vc_custom_1697921208146{margin-bottom: -60px !important;background-image: url(http:\/\/consulting.stylemixthemes.com\/demo\/wp-content\/uploads\/sites\/36\/2018\/04\/Fotolia_80590083_Subscription_Monthly_M_02.jpg?id=5135) !important;background-position: center !important;background-repeat: no-repeat !important;background-size: cover !important;}&#8221; el_class=&#8221;overlay_4 fixed_bg&#8221;][vc_column][stm_spacing lg_spacing=&#8221;75&#8243; md_spacing=&#8221;75&#8243; sm_spacing=&#8221;60&#8243; xs_spacing=&#8221;60&#8243;][vc_custom_heading stripe_pos=&#8221;hide&#8221; text=&#8221;LE R\u00c9SEAU OSICS&#8221; font_container=&#8221;tag:h2|text_align:center|color:%23ffffff|line_height:64px&#8221; use_theme_fonts=&#8221;yes&#8221; subtitle=&#8221;LES EXPERTS EN TRANSFORMATION DE LA PERFORMANCE DES OP\u00c9RATIONS.&#8221; stripe_hide=&#8221;yes&#8221; subtitle_color=&#8221;#ffffff&#8221;][stm_spacing lg_spacing=&#8221;67&#8243; md_spacing=&#8221;67&#8243; sm_spacing=&#8221;60&#8243; xs_spacing=&#8221;60&#8243;][\/vc_column][\/vc_row]<\/p>\n<\/div>","protected":false},"excerpt":{"rendered":"<p>[vc_row css=&#8221;.vc_custom_1697673798322{padding-top: 80px !important;padding-bottom: 80px !important;background-color: #ffffff !important;}&#8221;][vc_column][vc_custom_heading text=&#8221;Manque de comp\u00e9tence \/ d\u00e9fi du d\u00e9veloppement des comp\u00e9tences&#8221; font_container=&#8221;tag:h1|text_align:center|color:%23658a1d&#8221; use_theme_fonts=&#8221;yes&#8221; subtitle=&#8221;LE R\u00c9SEAU OSICS&#8221;][stm_spacing lg_spacing=&#8221;30&#8243; md_spacing=&#8221;30&#8243; sm_spacing=&#8221;18&#8243; xs_spacing=&#8221;12&#8243;][vc_row_inner content_placement=&#8221;middle&#8221; gap=&#8221;20&#8243;][vc_column_inner width=&#8221;1\/2&#8243;][vc_column_text] Chez OSICS, nous nous sp\u00e9cialisons dans le comblement des \u00e9carts de comp\u00e9tences et dans l&#8217;autonomisation des professionnels de l&#8217;industrie pharmaceutique et biotechnologique. Gr\u00e2ce \u00e0 nos programmes<\/p>\n","protected":false},"author":1,"featured_media":8164,"parent":8726,"menu_order":0,"comment_status":"closed","ping_status":"closed","template":"","meta":{"footnotes":""},"class_list":["post-8735","page","type-page","status-publish","has-post-thumbnail","hentry"],"yoast_head":"<!-- This site is optimized with the Yoast SEO plugin v27.1.1 - https:\/\/yoast.com\/product\/yoast-seo-wordpress\/ -->\n<title>D\u00e9veloppement des comp\u00e9tences dans l&#039;industrie pharmaceutique | OSICS<\/title>\n<meta name=\"description\" content=\"OSICS se sp\u00e9cialise dans le d\u00e9veloppement des comp\u00e9tences pour combler les \u00e9carts et autonomiser les professionnels dans les industries pharmaceutiques, biotechnologiques et alimentaires. Avec des programmes de formation complets, du coaching d\u2019experts et des opportunit\u00e9s de d\u00e9veloppement professionnel, OSICS aide les entreprises \u00e0 surmonter les d\u00e9fis de la r\u00e9volution industrielle et de l\u2019\u00e9volution technologique.\" \/>\n<meta name=\"robots\" content=\"index, follow, max-snippet:-1, max-image-preview:large, max-video-preview:-1\" \/>\n<link rel=\"canonical\" href=\"https:\/\/osicsnetwork.com\/fr\/contextes-et-defis\/manque-de-competence-defi-du-developpement-des-competences\/\" \/>\n<meta property=\"og:locale\" content=\"fr_FR\" \/>\n<meta property=\"og:type\" content=\"article\" \/>\n<meta property=\"og:title\" content=\"D\u00e9veloppement des comp\u00e9tences dans l&#039;industrie pharmaceutique | OSICS\" \/>\n<meta property=\"og:description\" content=\"OSICS se sp\u00e9cialise dans le d\u00e9veloppement des comp\u00e9tences pour combler les \u00e9carts et autonomiser les professionnels dans les industries pharmaceutiques, biotechnologiques et alimentaires. Avec des programmes de formation complets, du coaching d\u2019experts et des opportunit\u00e9s de d\u00e9veloppement professionnel, OSICS aide les entreprises \u00e0 surmonter les d\u00e9fis de la r\u00e9volution industrielle et de l\u2019\u00e9volution technologique.\" \/>\n<meta property=\"og:url\" content=\"https:\/\/osicsnetwork.com\/fr\/contextes-et-defis\/manque-de-competence-defi-du-developpement-des-competences\/\" \/>\n<meta property=\"og:site_name\" content=\"Osicsnetwork.com\" \/>\n<meta property=\"article:modified_time\" content=\"2026-03-05T11:14:26+00:00\" \/>\n<meta property=\"og:image\" content=\"https:\/\/osicsnetwork.com\/wp-content\/uploads\/2023\/11\/shutterstock_2021639270.jpg\" \/>\n\t<meta property=\"og:image:width\" content=\"1000\" \/>\n\t<meta property=\"og:image:height\" content=\"541\" \/>\n\t<meta property=\"og:image:type\" content=\"image\/jpeg\" \/>\n<meta name=\"twitter:card\" content=\"summary_large_image\" \/>\n<meta name=\"twitter:label1\" content=\"Dur\u00e9e de lecture estim\u00e9e\" \/>\n\t<meta name=\"twitter:data1\" content=\"4 minutes\" \/>\n<!-- \/ Yoast SEO plugin. -->","yoast_head_json":{"title":"D\u00e9veloppement des comp\u00e9tences dans l'industrie pharmaceutique | OSICS","description":"OSICS se sp\u00e9cialise dans le d\u00e9veloppement des comp\u00e9tences pour combler les \u00e9carts et autonomiser les professionnels dans les industries pharmaceutiques, biotechnologiques et alimentaires. Avec des programmes de formation complets, du coaching d\u2019experts et des opportunit\u00e9s de d\u00e9veloppement professionnel, OSICS aide les entreprises \u00e0 surmonter les d\u00e9fis de la r\u00e9volution industrielle et de l\u2019\u00e9volution technologique.","robots":{"index":"index","follow":"follow","max-snippet":"max-snippet:-1","max-image-preview":"max-image-preview:large","max-video-preview":"max-video-preview:-1"},"canonical":"https:\/\/osicsnetwork.com\/fr\/contextes-et-defis\/manque-de-competence-defi-du-developpement-des-competences\/","og_locale":"fr_FR","og_type":"article","og_title":"D\u00e9veloppement des comp\u00e9tences dans l'industrie pharmaceutique | OSICS","og_description":"OSICS se sp\u00e9cialise dans le d\u00e9veloppement des comp\u00e9tences pour combler les \u00e9carts et autonomiser les professionnels dans les industries pharmaceutiques, biotechnologiques et alimentaires. Avec des programmes de formation complets, du coaching d\u2019experts et des opportunit\u00e9s de d\u00e9veloppement professionnel, OSICS aide les entreprises \u00e0 surmonter les d\u00e9fis de la r\u00e9volution industrielle et de l\u2019\u00e9volution technologique.","og_url":"https:\/\/osicsnetwork.com\/fr\/contextes-et-defis\/manque-de-competence-defi-du-developpement-des-competences\/","og_site_name":"Osicsnetwork.com","article_modified_time":"2026-03-05T11:14:26+00:00","og_image":[{"width":1000,"height":541,"url":"https:\/\/osicsnetwork.com\/wp-content\/uploads\/2023\/11\/shutterstock_2021639270.jpg","type":"image\/jpeg"}],"twitter_card":"summary_large_image","twitter_misc":{"Dur\u00e9e de lecture estim\u00e9e":"4 minutes"},"schema":{"@context":"https:\/\/schema.org","@graph":[{"@type":"WebPage","@id":"https:\/\/osicsnetwork.com\/fr\/contextes-et-defis\/manque-de-competence-defi-du-developpement-des-competences\/","url":"https:\/\/osicsnetwork.com\/fr\/contextes-et-defis\/manque-de-competence-defi-du-developpement-des-competences\/","name":"D\u00e9veloppement des comp\u00e9tences dans l'industrie pharmaceutique | OSICS","isPartOf":{"@id":"https:\/\/osicsnetwork.com\/fr\/#website"},"primaryImageOfPage":{"@id":"https:\/\/osicsnetwork.com\/fr\/contextes-et-defis\/manque-de-competence-defi-du-developpement-des-competences\/#primaryimage"},"image":{"@id":"https:\/\/osicsnetwork.com\/fr\/contextes-et-defis\/manque-de-competence-defi-du-developpement-des-competences\/#primaryimage"},"thumbnailUrl":"https:\/\/osicsnetwork.com\/wp-content\/uploads\/2023\/11\/shutterstock_2021639270.jpg","datePublished":"2023-10-28T15:56:29+00:00","dateModified":"2026-03-05T11:14:26+00:00","description":"OSICS se sp\u00e9cialise dans le d\u00e9veloppement des comp\u00e9tences pour combler les \u00e9carts et autonomiser les professionnels dans les industries pharmaceutiques, biotechnologiques et alimentaires. Avec des programmes de formation complets, du coaching d\u2019experts et des opportunit\u00e9s de d\u00e9veloppement professionnel, OSICS aide les entreprises \u00e0 surmonter les d\u00e9fis de la r\u00e9volution industrielle et de l\u2019\u00e9volution technologique.","breadcrumb":{"@id":"https:\/\/osicsnetwork.com\/fr\/contextes-et-defis\/manque-de-competence-defi-du-developpement-des-competences\/#breadcrumb"},"inLanguage":"fr-FR","potentialAction":[{"@type":"ReadAction","target":["https:\/\/osicsnetwork.com\/fr\/contextes-et-defis\/manque-de-competence-defi-du-developpement-des-competences\/"]}]},{"@type":"ImageObject","inLanguage":"fr-FR","@id":"https:\/\/osicsnetwork.com\/fr\/contextes-et-defis\/manque-de-competence-defi-du-developpement-des-competences\/#primaryimage","url":"https:\/\/osicsnetwork.com\/wp-content\/uploads\/2023\/11\/shutterstock_2021639270.jpg","contentUrl":"https:\/\/osicsnetwork.com\/wp-content\/uploads\/2023\/11\/shutterstock_2021639270.jpg","width":1000,"height":541},{"@type":"BreadcrumbList","@id":"https:\/\/osicsnetwork.com\/fr\/contextes-et-defis\/manque-de-competence-defi-du-developpement-des-competences\/#breadcrumb","itemListElement":[{"@type":"ListItem","position":1,"name":"Home","item":"https:\/\/osicsnetwork.com\/fr\/"},{"@type":"ListItem","position":2,"name":"Contextes et d\u00e9fis","item":"https:\/\/osicsnetwork.com\/fr\/contextes-et-defis\/"},{"@type":"ListItem","position":3,"name":"Manque de comp\u00e9tence \/ d\u00e9fi du d\u00e9veloppement des comp\u00e9tences."}]},{"@type":"WebSite","@id":"https:\/\/osicsnetwork.com\/fr\/#website","url":"https:\/\/osicsnetwork.com\/fr\/","name":"Osicsnetwork.com","description":"Consulting firm","publisher":{"@id":"https:\/\/osicsnetwork.com\/fr\/#organization"},"alternateName":"Osics Network","potentialAction":[{"@type":"SearchAction","target":{"@type":"EntryPoint","urlTemplate":"https:\/\/osicsnetwork.com\/fr\/?s={search_term_string}"},"query-input":{"@type":"PropertyValueSpecification","valueRequired":true,"valueName":"search_term_string"}}],"inLanguage":"fr-FR"},{"@type":"Organization","@id":"https:\/\/osicsnetwork.com\/fr\/#organization","name":"Osics Network","alternateName":"Osics consulting firm","url":"https:\/\/osicsnetwork.com\/fr\/","logo":{"@type":"ImageObject","inLanguage":"fr-FR","@id":"https:\/\/osicsnetwork.com\/fr\/#\/schema\/logo\/image\/","url":"https:\/\/osicsnetwork.com\/wp-content\/uploads\/2023\/09\/IMG_E0240-1.jpg","contentUrl":"https:\/\/osicsnetwork.com\/wp-content\/uploads\/2023\/09\/IMG_E0240-1.jpg","width":1040,"height":532,"caption":"Osics Network"},"image":{"@id":"https:\/\/osicsnetwork.com\/fr\/#\/schema\/logo\/image\/"}}]}},"_links":{"self":[{"href":"https:\/\/osicsnetwork.com\/fr\/wp-json\/wp\/v2\/pages\/8735","targetHints":{"allow":["GET"]}}],"collection":[{"href":"https:\/\/osicsnetwork.com\/fr\/wp-json\/wp\/v2\/pages"}],"about":[{"href":"https:\/\/osicsnetwork.com\/fr\/wp-json\/wp\/v2\/types\/page"}],"author":[{"embeddable":true,"href":"https:\/\/osicsnetwork.com\/fr\/wp-json\/wp\/v2\/users\/1"}],"replies":[{"embeddable":true,"href":"https:\/\/osicsnetwork.com\/fr\/wp-json\/wp\/v2\/comments?post=8735"}],"version-history":[{"count":0,"href":"https:\/\/osicsnetwork.com\/fr\/wp-json\/wp\/v2\/pages\/8735\/revisions"}],"up":[{"embeddable":true,"href":"https:\/\/osicsnetwork.com\/fr\/wp-json\/wp\/v2\/pages\/8726"}],"wp:featuredmedia":[{"embeddable":true,"href":"https:\/\/osicsnetwork.com\/fr\/wp-json\/wp\/v2\/media\/8164"}],"wp:attachment":[{"href":"https:\/\/osicsnetwork.com\/fr\/wp-json\/wp\/v2\/media?parent=8735"}],"curies":[{"name":"wp","href":"https:\/\/api.w.org\/{rel}","templated":true}]}}