{"id":8723,"date":"2023-10-22T17:59:04","date_gmt":"2023-10-22T17:59:04","guid":{"rendered":"https:\/\/osicsnetwork.com\/processus\/le-consultant-dosics\/gestion-et-soutien-aux-consultants\/"},"modified":"2026-03-17T21:32:27","modified_gmt":"2026-03-17T21:32:27","slug":"gestion-et-soutien-aux-consultants","status":"publish","type":"page","link":"https:\/\/osicsnetwork.com\/fr\/processus\/le-consultant-dosics\/gestion-et-soutien-aux-consultants\/","title":{"rendered":"Gestion et soutien aux consultants"},"content":{"rendered":"<div class=\"wpb-content-wrapper\"><p>[vc_row css=&#8221;.vc_custom_1697673798322{padding-top: 80px !important;padding-bottom: 80px !important;background-color: #ffffff !important;}&#8221;][vc_column][vc_custom_heading text=&#8221;La gestion et le soutien de nos consultants sont essentiels \u00e0 l\u2019atteinte de r\u00e9sultats de haute performance.&#8221; font_container=&#8221;tag:h1|text_align:center|color:%23658a1d&#8221; use_theme_fonts=&#8221;yes&#8221; subtitle=&#8221;LE R\u00c9SEAU OSICS&#8221;][stm_spacing lg_spacing=&#8221;30&#8243; md_spacing=&#8221;30&#8243; sm_spacing=&#8221;18&#8243; xs_spacing=&#8221;12&#8243;][vc_row_inner content_placement=&#8221;middle&#8221; gap=&#8221;20&#8243;][vc_column_inner width=&#8221;1\/2&#8243;][vc_column_text]<\/p>\n<p style=\"text-align: justify;\">Chez OSICS, nous comprenons les d\u00e9fis uniques auxquels font face les consultants dans les industries pharmaceutique et biotechnologique. C\u2019est pourquoi nous offrons des services complets de gestion et de soutien afin d\u2019aider nos consultants \u00e0 exceller dans leurs mandats et \u00e0 atteindre les objectifs d\u2019affaires.<\/p>\n<p style=\"text-align: justify;\">Gr\u00e2ce \u00e0 notre accompagnement en coaching et en formation, nous offrons un encadrement personnalis\u00e9 pour renforcer vos comp\u00e9tences et vos capacit\u00e9s. Notre \u00e9quipe exp\u00e9riment\u00e9e travaille \u00e9troitement avec vous afin de s\u2019assurer que vous disposez des ressources et des connaissances n\u00e9cessaires pour r\u00e9ussir.<\/p>\n<p style=\"text-align: justify;\">OSICS adopte une approche rigoureuse dans la gestion et le soutien de ses consultants tout au long du cycle de vie des mandats, afin d\u2019assurer l\u2019atteinte des objectifs tout en favorisant l\u2019am\u00e9lioration continue et le d\u00e9veloppement professionnel. L\u2019entreprise met en \u0153uvre les strat\u00e9gies suivantes.<\/p>\n<p>[\/vc_column_text][\/vc_column_inner][vc_column_inner width=&#8221;1\/2&#8243;][vc_single_image image=&#8221;8201&#8243; img_size=&#8221;full&#8221; alignment=&#8221;center&#8221;][\/vc_column_inner][\/vc_row_inner][stm_spacing lg_spacing=&#8221;30&#8243; md_spacing=&#8221;30&#8243; sm_spacing=&#8221;18&#8243; xs_spacing=&#8221;12&#8243;][\/vc_column][\/vc_row][vc_row full_width=&#8221;stretch_row&#8221; el_class=&#8221;overlay_2 fixed_bg&#8221; css=&#8221;.vc_custom_1698962928147{padding-top: 40px !important;padding-bottom: 40px !important;background-color: #4a5e72 !important;background-position: center !important;background-repeat: no-repeat !important;background-size: cover !important;}&#8221;][vc_column][vc_custom_heading text=&#8221;Sans les bonnes ressources humaines d\u00e9velopp\u00e9es, mobilis\u00e9es et responsabilis\u00e9es pour livrer la transformation de la performance, la valeur et l\u2019impact demeurent limit\u00e9s \u00e0 moyen et \u00e0 long terme.<br \/>\n<mark>C\u2019est au c\u0153ur de tous les succ\u00e8s durables.<\/mark>&#8221; font_container=&#8221;tag:div|font_size:22px|text_align:center|color:%23ffffff|line_height:34px&#8221; google_fonts=&#8221;font_family:Poppins%3A300%2Cregular%2C500%2C600%2C700|font_style:700%20bold%3A700%3Anormal&#8221;][\/vc_column][\/vc_row][vc_row full_width=&#8221;stretch_row&#8221; css=&#8221;.vc_custom_1697997480310{padding-top: 100px !important;padding-bottom: 80px !important;}&#8221;][vc_column][vc_row_inner content_placement=&#8221;top&#8221; gap=&#8221;20&#8243;][vc_column_inner width=&#8221;1\/2&#8243;][vc_column_text]<\/p>\n<p style=\"text-align: justify;\"><strong>Coaching et formation :<\/strong> OSICS offre, lorsque requis, des s\u00e9ances de coaching personnalis\u00e9es aux consultants. Ces s\u00e9ances visent \u00e0 aligner les comp\u00e9tences, les connaissances et l\u2019exp\u00e9rience du consultant sur les exigences sp\u00e9cifiques du client. De plus, l\u2019entreprise propose des formations compl\u00e8tes couvrant les tendances du secteur, les meilleures pratiques et les outils pertinents afin d\u2019accro\u00eetre la ma\u00eetrise du consultant et de s\u2019assurer qu\u2019il est bien pr\u00e9par\u00e9 pour le mandat, en tirant parti de l\u2019expertise remarquable du r\u00e9seau OSICS.<\/p>\n<p>[\/vc_column_text][vc_separator][vc_column_text]<\/p>\n<p style=\"text-align: justify;\"><strong>Gestion des consultants :<\/strong> Lorsque n\u00e9cessaire, OSICS d\u00e9signe un coordonnateur consultant senior d\u00e9di\u00e9, qui agit comme interm\u00e9diaire entre les consultants et les clients. Ce coordonnateur fournit un accompagnement, un soutien et une r\u00e9troaction en continu, afin de s\u2019assurer que les consultants demeurent align\u00e9s sur les objectifs du projet. Des suivis r\u00e9guliers et des \u00e9valuations de performance permettent au coordonnateur d\u2019intervenir rapidement face aux difficult\u00e9s et d\u2019optimiser la contribution du consultant au mandat.<\/p>\n<p>[\/vc_column_text][vc_separator][vc_column_text]<\/p>\n<p style=\"text-align: justify;\"><strong>Supervision et soutien :<\/strong> Tout au long du mandat, OSICS maintient un syst\u00e8me de supervision \u00e9troite et de soutien. Les consultants ont acc\u00e8s \u00e0 un r\u00e9seau d\u2019experts th\u00e9matiques et de professionnels seniors au sein de l\u2019entreprise, qui leur apportent conseils et \u00e9clairages. Cette approche collaborative am\u00e9liore la qualit\u00e9 des livrables et offre aux consultants un espace de partage des connaissances et de r\u00e9solution de probl\u00e8mes.<\/p>\n<p>[\/vc_column_text][\/vc_column_inner][vc_column_inner width=&#8221;1\/2&#8243;][vc_column_text]<\/p>\n<p style=\"text-align: justify;\"><strong>Apprentissage continu :<\/strong> OSICS accorde une grande importance \u00e0 l\u2019apprentissage et au d\u00e9veloppement continus, en phase avec les plus r\u00e9centes \u00e9volutions. Les consultants sont encourag\u00e9s \u00e0 participer \u00e0 des formations continues, \u00e0 des ateliers et \u00e0 des activit\u00e9s de partage des connaissances. En demeurant \u00e0 jour sur les avanc\u00e9es du secteur et en perfectionnant leurs comp\u00e9tences, les consultants sont mieux outill\u00e9s pour r\u00e9pondre \u00e0 l\u2019\u00e9volution des d\u00e9fis et proposer des solutions innovantes.<\/p>\n<p>[\/vc_column_text][vc_separator][vc_column_text]<\/p>\n<blockquote>\n<p style=\"text-align: justify;\"><strong>Disponibilit\u00e9 des ressources :<\/strong> OSICS veille \u00e0 ce que les consultants aient acc\u00e8s aux ressources et aux outils n\u00e9cessaires pour exceller dans leurs mandats.<\/p>\n<p style=\"text-align: justify;\">Qu\u2019il s\u2019agisse de logiciels d\u2019analyse de donn\u00e9es, de bases de donn\u00e9es de recherche ou d\u2019informations sectorielles sp\u00e9cialis\u00e9es, les consultants disposent des moyens n\u00e9cessaires pour performer \u00e0 leur meilleur niveau et g\u00e9n\u00e9rer de la valeur pour les clients.<\/p>\n<\/blockquote>\n<p>[\/vc_column_text][vc_separator][vc_column_text]<\/p>\n<p style=\"text-align: justify;\"><strong>R\u00e9troaction et am\u00e9lioration :<\/strong> Les boucles de r\u00e9troaction font partie int\u00e9grante du processus de gestion des consultants. OSICS facilite des s\u00e9ances r\u00e9guli\u00e8res de r\u00e9troaction entre les consultants, le coordonnateur consultant et les clients. Cette approche it\u00e9rative permet une am\u00e9lioration continue, des ajustements strat\u00e9giques et un meilleur alignement des efforts des consultants avec les attentes du client.<\/p>\n<p>[\/vc_column_text][\/vc_column_inner][\/vc_row_inner][stm_spacing lg_spacing=&#8221;30&#8243; md_spacing=&#8221;30&#8243; sm_spacing=&#8221;18&#8243; xs_spacing=&#8221;12&#8243;][\/vc_column][\/vc_row][vc_row full_width=&#8221;stretch_row&#8221; equal_height=&#8221;yes&#8221; css=&#8221;.vc_custom_1697673685291{background-color: #f4f4f4 !important;}&#8221;][vc_column width=&#8221;1\/2&#8243; css=&#8221;.vc_custom_1553422640194{padding-right: 15px !important;}&#8221;][stm_spacing lg_spacing=&#8221;85&#8243; md_spacing=&#8221;85&#8243; sm_spacing=&#8221;70&#8243; xs_spacing=&#8221;70&#8243;][vc_custom_heading stripe_pos=&#8221;hide&#8221; text=&#8221;Vous cherchez une<br \/>\nsolution adapt\u00e9e \u00e0 vos besoins ?&#8221; font_container=&#8221;tag:h2|text_align:left|color:%23658a1d&#8221; use_theme_fonts=&#8221;yes&#8221;][stm_spacing lg_spacing=&#8221;6&#8243; md_spacing=&#8221;6&#8243; sm_spacing=&#8221;6&#8243; xs_spacing=&#8221;6&#8243;][vc_column_text css=&#8221;.vc_custom_1697915085477{padding-right: 20px !important;padding-left: 0px !important;}&#8221;]Chez OSICS, notre \u00e9quipe de consultants se sp\u00e9cialise dans la prestation de services de conseil exceptionnels aux clients des secteurs de l&#8217;industrie pharmaceutique, de la biotechnologie et de l&#8217;alimentation.[\/vc_column_text][vc_column_text]<\/p>\n<ul>\n<li><a href=\"https:\/\/osicsnetwork.com\/fr\/contextes-et-defis\/\">D\u00e9fis d\u2019affaires<\/a><\/li>\n<li><a href=\"https:\/\/osicsnetwork.com\/fr\/objectifs-projets\/\">Buts et objectifs d\u2019entreprise<\/a><\/li>\n<li><a href=\"https:\/\/osicsnetwork.com\/fr\/ressources\/\">Experts et consultants ind\u00e9pendants<\/a><\/li>\n<li><a href=\"https:\/\/osicsnetwork.com\/fr\/services\/\">Services OSICS<\/a><\/li>\n<\/ul>\n<p>[\/vc_column_text][stm_spacing lg_spacing=&#8221;80&#8243; md_spacing=&#8221;80&#8243; sm_spacing=&#8221;60&#8243; xs_spacing=&#8221;60&#8243;][\/vc_column][vc_column stretch=&#8221;right&#8221; width=&#8221;1\/2&#8243; css=&#8221;.vc_custom_1698962952939{background-image: url(https:\/\/osicsnetwork.com\/wp-content\/uploads\/2023\/11\/shutterstock_313766822BIS.jpg?id=8012) !important;background-position: center !important;background-repeat: no-repeat !important;background-size: cover !important;}&#8221; offset=&#8221;vc_hidden-xs&#8221;][\/vc_column][\/vc_row][vc_row css=&#8221;.vc_custom_1697673867348{padding-top: 100px !important;padding-bottom: 80px !important;background-color: #ffffff !important;}&#8221;][vc_column][stm_spacing lg_spacing=&#8221;30&#8243; md_spacing=&#8221;30&#8243; sm_spacing=&#8221;18&#8243; xs_spacing=&#8221;12&#8243;][vc_row_inner content_placement=&#8221;middle&#8221; gap=&#8221;20&#8243;][vc_column_inner width=&#8221;1\/2&#8243;][vc_single_image image=&#8221;8078&#8243; img_size=&#8221;full&#8221; alignment=&#8221;center&#8221;][\/vc_column_inner][vc_column_inner width=&#8221;1\/2&#8243;][vc_column_text]<\/p>\n<p style=\"text-align: justify;\">En int\u00e9grant le coaching, la formation, la gestion des consultants, la supervision et le soutien continu \u00e0 son cadre de gestion des consultants, OSICS met en place une approche dynamique et proactive afin de s\u2019assurer que les consultants sont bien pr\u00e9par\u00e9s, bien encadr\u00e9s et soutenus en continu tout au long du mandat.<\/p>\n<p style=\"text-align: justify;\">Cette approche globale am\u00e9liore non seulement la r\u00e9ussite des mandats individuels, mais contribue \u00e9galement \u00e0 la croissance globale et \u00e0 la r\u00e9putation de l\u2019entreprise dans le domaine du conseil en op\u00e9rations pharmaceutiques, biotechnologiques ou alimentaires.<\/p>\n<p>[\/vc_column_text][vc_btn title=&#8221;Demande de rendez-vous.&#8221; style=&#8221;custom&#8221; custom_background=&#8221;#658c1c&#8221; custom_text=&#8221;#ffffff&#8221; shape=&#8221;square&#8221; size=&#8221;sm&#8221; link=&#8221;url:https%3A%2F%2Fosicsnetwork.com%2Ffr%2Fcontact%2F|&#8221;][\/vc_column_inner][\/vc_row_inner][stm_spacing lg_spacing=&#8221;30&#8243; md_spacing=&#8221;30&#8243; sm_spacing=&#8221;18&#8243; xs_spacing=&#8221;12&#8243;][\/vc_column][\/vc_row][vc_row full_width=&#8221;stretch_row&#8221; css=&#8221;.vc_custom_1698962965977{margin-bottom: -60px !important;background-image: url(https:\/\/osicsnetwork.com\/wp-content\/uploads\/2023\/11\/shutterstock_1931518415BIS.jpg?id=8007) !important;background-position: center !important;background-repeat: no-repeat !important;background-size: cover !important;}&#8221; el_class=&#8221;overlay_4 fixed_bg&#8221;][vc_column][stm_spacing lg_spacing=&#8221;75&#8243; md_spacing=&#8221;75&#8243; sm_spacing=&#8221;60&#8243; xs_spacing=&#8221;60&#8243;][vc_custom_heading stripe_pos=&#8221;hide&#8221; text=&#8221;LE R\u00c9SEAU OSICS&#8221; font_container=&#8221;tag:h2|text_align:center|color:%23ffffff|line_height:64px&#8221; use_theme_fonts=&#8221;yes&#8221; subtitle=&#8221;LES EXPERTS DE LA TRANSFORMATION DE LA PERFORMANCE OP\u00c9RATIONNELLE.&#8221; stripe_hide=&#8221;yes&#8221; subtitle_color=&#8221;#ffffff&#8221;][stm_spacing lg_spacing=&#8221;67&#8243; md_spacing=&#8221;67&#8243; sm_spacing=&#8221;60&#8243; xs_spacing=&#8221;60&#8243;][\/vc_column][\/vc_row]<\/p>\n<\/div>","protected":false},"excerpt":{"rendered":"<p>[vc_row css=&#8221;.vc_custom_1697673798322{padding-top: 80px !important;padding-bottom: 80px !important;background-color: #ffffff !important;}&#8221;][vc_column][vc_custom_heading text=&#8221;La gestion et le soutien de nos consultants sont essentiels \u00e0 l\u2019atteinte de r\u00e9sultats de haute performance.&#8221; font_container=&#8221;tag:h1|text_align:center|color:%23658a1d&#8221; use_theme_fonts=&#8221;yes&#8221; subtitle=&#8221;LE R\u00c9SEAU OSICS&#8221;][stm_spacing lg_spacing=&#8221;30&#8243; md_spacing=&#8221;30&#8243; sm_spacing=&#8221;18&#8243; xs_spacing=&#8221;12&#8243;][vc_row_inner content_placement=&#8221;middle&#8221; gap=&#8221;20&#8243;][vc_column_inner width=&#8221;1\/2&#8243;][vc_column_text] Chez OSICS, nous comprenons les d\u00e9fis uniques auxquels font face les consultants dans les industries pharmaceutique et biotechnologique.<\/p>\n","protected":false},"author":1,"featured_media":8188,"parent":8695,"menu_order":0,"comment_status":"closed","ping_status":"closed","template":"","meta":{"footnotes":""},"class_list":["post-8723","page","type-page","status-publish","has-post-thumbnail","hentry"],"yoast_head":"<!-- This site is optimized with the Yoast SEO plugin v27.1.1 - https:\/\/yoast.com\/product\/yoast-seo-wordpress\/ -->\n<title>Gestion et Soutien aux Consultants - OSICS Network<\/title>\n<meta name=\"description\" content=\"OSICS Network offre des services de coaching, formation, et gestion des consultants dans les industries pharmaceutiques, biotechnologiques et agroalimentaires, garantissant ainsi des r\u00e9sultats de haute performance.\" \/>\n<meta name=\"robots\" content=\"index, follow, max-snippet:-1, max-image-preview:large, max-video-preview:-1\" \/>\n<link rel=\"canonical\" href=\"https:\/\/osicsnetwork.com\/fr\/processus\/le-consultant-dosics\/gestion-et-soutien-aux-consultants\/\" \/>\n<meta property=\"og:locale\" content=\"fr_FR\" \/>\n<meta property=\"og:type\" content=\"article\" \/>\n<meta property=\"og:title\" content=\"Gestion et Soutien aux Consultants - OSICS Network\" \/>\n<meta property=\"og:description\" content=\"OSICS Network offre des services de coaching, formation, et gestion des consultants dans les industries pharmaceutiques, biotechnologiques et agroalimentaires, garantissant ainsi des r\u00e9sultats de haute performance.\" \/>\n<meta property=\"og:url\" content=\"https:\/\/osicsnetwork.com\/fr\/processus\/le-consultant-dosics\/gestion-et-soutien-aux-consultants\/\" \/>\n<meta property=\"og:site_name\" content=\"Osicsnetwork.com\" \/>\n<meta property=\"article:modified_time\" content=\"2026-03-17T21:32:27+00:00\" \/>\n<meta property=\"og:image\" content=\"https:\/\/osicsnetwork.com\/wp-content\/uploads\/2023\/11\/shutterstock_2021639270-1.jpg\" \/>\n\t<meta property=\"og:image:width\" content=\"1000\" \/>\n\t<meta property=\"og:image:height\" content=\"541\" \/>\n\t<meta property=\"og:image:type\" content=\"image\/jpeg\" \/>\n<meta name=\"twitter:card\" content=\"summary_large_image\" \/>\n<meta name=\"twitter:label1\" content=\"Dur\u00e9e de lecture estim\u00e9e\" \/>\n\t<meta name=\"twitter:data1\" content=\"4 minutes\" \/>\n<!-- \/ Yoast SEO plugin. -->","yoast_head_json":{"title":"Gestion et Soutien aux Consultants - OSICS Network","description":"OSICS Network offre des services de coaching, formation, et gestion des consultants dans les industries pharmaceutiques, biotechnologiques et agroalimentaires, garantissant ainsi des r\u00e9sultats de haute performance.","robots":{"index":"index","follow":"follow","max-snippet":"max-snippet:-1","max-image-preview":"max-image-preview:large","max-video-preview":"max-video-preview:-1"},"canonical":"https:\/\/osicsnetwork.com\/fr\/processus\/le-consultant-dosics\/gestion-et-soutien-aux-consultants\/","og_locale":"fr_FR","og_type":"article","og_title":"Gestion et Soutien aux Consultants - OSICS Network","og_description":"OSICS Network offre des services de coaching, formation, et gestion des consultants dans les industries pharmaceutiques, biotechnologiques et agroalimentaires, garantissant ainsi des r\u00e9sultats de haute performance.","og_url":"https:\/\/osicsnetwork.com\/fr\/processus\/le-consultant-dosics\/gestion-et-soutien-aux-consultants\/","og_site_name":"Osicsnetwork.com","article_modified_time":"2026-03-17T21:32:27+00:00","og_image":[{"width":1000,"height":541,"url":"https:\/\/osicsnetwork.com\/wp-content\/uploads\/2023\/11\/shutterstock_2021639270-1.jpg","type":"image\/jpeg"}],"twitter_card":"summary_large_image","twitter_misc":{"Dur\u00e9e de lecture estim\u00e9e":"4 minutes"},"schema":{"@context":"https:\/\/schema.org","@graph":[{"@type":"WebPage","@id":"https:\/\/osicsnetwork.com\/fr\/processus\/le-consultant-dosics\/gestion-et-soutien-aux-consultants\/","url":"https:\/\/osicsnetwork.com\/fr\/processus\/le-consultant-dosics\/gestion-et-soutien-aux-consultants\/","name":"Gestion et Soutien aux Consultants - OSICS Network","isPartOf":{"@id":"https:\/\/osicsnetwork.com\/fr\/#website"},"primaryImageOfPage":{"@id":"https:\/\/osicsnetwork.com\/fr\/processus\/le-consultant-dosics\/gestion-et-soutien-aux-consultants\/#primaryimage"},"image":{"@id":"https:\/\/osicsnetwork.com\/fr\/processus\/le-consultant-dosics\/gestion-et-soutien-aux-consultants\/#primaryimage"},"thumbnailUrl":"https:\/\/osicsnetwork.com\/wp-content\/uploads\/2023\/11\/shutterstock_2021639270-1.jpg","datePublished":"2023-10-22T17:59:04+00:00","dateModified":"2026-03-17T21:32:27+00:00","description":"OSICS Network offre des services de coaching, formation, et gestion des consultants dans les industries pharmaceutiques, biotechnologiques et agroalimentaires, garantissant ainsi des r\u00e9sultats de haute performance.","breadcrumb":{"@id":"https:\/\/osicsnetwork.com\/fr\/processus\/le-consultant-dosics\/gestion-et-soutien-aux-consultants\/#breadcrumb"},"inLanguage":"fr-FR","potentialAction":[{"@type":"ReadAction","target":["https:\/\/osicsnetwork.com\/fr\/processus\/le-consultant-dosics\/gestion-et-soutien-aux-consultants\/"]}]},{"@type":"ImageObject","inLanguage":"fr-FR","@id":"https:\/\/osicsnetwork.com\/fr\/processus\/le-consultant-dosics\/gestion-et-soutien-aux-consultants\/#primaryimage","url":"https:\/\/osicsnetwork.com\/wp-content\/uploads\/2023\/11\/shutterstock_2021639270-1.jpg","contentUrl":"https:\/\/osicsnetwork.com\/wp-content\/uploads\/2023\/11\/shutterstock_2021639270-1.jpg","width":1000,"height":541},{"@type":"BreadcrumbList","@id":"https:\/\/osicsnetwork.com\/fr\/processus\/le-consultant-dosics\/gestion-et-soutien-aux-consultants\/#breadcrumb","itemListElement":[{"@type":"ListItem","position":1,"name":"Home","item":"https:\/\/osicsnetwork.com\/fr\/"},{"@type":"ListItem","position":2,"name":"Processus","item":"https:\/\/osicsnetwork.com\/fr\/processus\/"},{"@type":"ListItem","position":3,"name":"Le consultant d&#8217;Osics","item":"https:\/\/osicsnetwork.com\/fr\/processus\/le-consultant-dosics\/"},{"@type":"ListItem","position":4,"name":"Gestion et soutien aux consultants"}]},{"@type":"WebSite","@id":"https:\/\/osicsnetwork.com\/fr\/#website","url":"https:\/\/osicsnetwork.com\/fr\/","name":"Osicsnetwork.com","description":"Consulting firm","publisher":{"@id":"https:\/\/osicsnetwork.com\/fr\/#organization"},"alternateName":"Osics Network","potentialAction":[{"@type":"SearchAction","target":{"@type":"EntryPoint","urlTemplate":"https:\/\/osicsnetwork.com\/fr\/?s={search_term_string}"},"query-input":{"@type":"PropertyValueSpecification","valueRequired":true,"valueName":"search_term_string"}}],"inLanguage":"fr-FR"},{"@type":"Organization","@id":"https:\/\/osicsnetwork.com\/fr\/#organization","name":"Osics Network","alternateName":"Osics consulting firm","url":"https:\/\/osicsnetwork.com\/fr\/","logo":{"@type":"ImageObject","inLanguage":"fr-FR","@id":"https:\/\/osicsnetwork.com\/fr\/#\/schema\/logo\/image\/","url":"https:\/\/osicsnetwork.com\/wp-content\/uploads\/2023\/09\/IMG_E0240-1.jpg","contentUrl":"https:\/\/osicsnetwork.com\/wp-content\/uploads\/2023\/09\/IMG_E0240-1.jpg","width":1040,"height":532,"caption":"Osics Network"},"image":{"@id":"https:\/\/osicsnetwork.com\/fr\/#\/schema\/logo\/image\/"}}]}},"_links":{"self":[{"href":"https:\/\/osicsnetwork.com\/fr\/wp-json\/wp\/v2\/pages\/8723","targetHints":{"allow":["GET"]}}],"collection":[{"href":"https:\/\/osicsnetwork.com\/fr\/wp-json\/wp\/v2\/pages"}],"about":[{"href":"https:\/\/osicsnetwork.com\/fr\/wp-json\/wp\/v2\/types\/page"}],"author":[{"embeddable":true,"href":"https:\/\/osicsnetwork.com\/fr\/wp-json\/wp\/v2\/users\/1"}],"replies":[{"embeddable":true,"href":"https:\/\/osicsnetwork.com\/fr\/wp-json\/wp\/v2\/comments?post=8723"}],"version-history":[{"count":0,"href":"https:\/\/osicsnetwork.com\/fr\/wp-json\/wp\/v2\/pages\/8723\/revisions"}],"up":[{"embeddable":true,"href":"https:\/\/osicsnetwork.com\/fr\/wp-json\/wp\/v2\/pages\/8695"}],"wp:featuredmedia":[{"embeddable":true,"href":"https:\/\/osicsnetwork.com\/fr\/wp-json\/wp\/v2\/media\/8188"}],"wp:attachment":[{"href":"https:\/\/osicsnetwork.com\/fr\/wp-json\/wp\/v2\/media?parent=8723"}],"curies":[{"name":"wp","href":"https:\/\/api.w.org\/{rel}","templated":true}]}}