{"id":8676,"date":"2023-10-22T00:45:06","date_gmt":"2023-10-22T00:45:06","guid":{"rendered":"https:\/\/osicsnetwork.com\/services\/gestion-des-consultants\/"},"modified":"2026-03-19T13:13:59","modified_gmt":"2026-03-19T13:13:59","slug":"gestion-des-consultants","status":"publish","type":"page","link":"https:\/\/osicsnetwork.com\/fr\/services\/gestion-des-consultants\/","title":{"rendered":"Gestion des consultants"},"content":{"rendered":"<div class=\"wpb-content-wrapper\"><p>[vc_row css=&#8221;.vc_custom_1697673798322{padding-top: 80px !important;padding-bottom: 80px !important;background-color: #ffffff !important;}&#8221;][vc_column][vc_custom_heading text=&#8221;Gestion des consultants&#8221; font_container=&#8221;tag:h1|text_align:center|color:%23658a1d&#8221; use_theme_fonts=&#8221;yes&#8221; subtitle=&#8221;LE R\u00c9SEAU OSICS&#8221;][stm_spacing lg_spacing=&#8221;30&#8243; md_spacing=&#8221;30&#8243; sm_spacing=&#8221;18&#8243; xs_spacing=&#8221;12&#8243;][vc_row_inner content_placement=&#8221;middle&#8221; gap=&#8221;20&#8243;][vc_column_inner width=&#8221;1\/2&#8243;][vc_column_text]<\/p>\n<p style=\"text-align: justify;\">OSICS agit comme interm\u00e9diaire entre les besoins de votre organisation et les meilleurs consultants pour le mandat \u00e0 pourvoir. Notre r\u00e9seau de proximit\u00e9, fond\u00e9 sur la confiance, nous permet de trouver le consultant et l\u2019expertise les mieux adapt\u00e9s.<\/p>\n<p style=\"text-align: justify;\">Lorsque OSICS mobilise des consultants ind\u00e9pendants, nous accompagnons le <strong>processus d\u2019int\u00e9gration<\/strong>. Cela comprend la pr\u00e9sentation des objectifs de l\u2019entreprise, de ses valeurs, de sa proposition de valeur et des objectifs du projet. Nous facilitons \u00e9galement les d\u00e9marches administratives n\u00e9cessaires, comme la signature des contrats, les v\u00e9rifications de conformit\u00e9 et la mise en place des canaux de communication, etc.<\/p>\n<p>[\/vc_column_text][\/vc_column_inner][vc_column_inner width=&#8221;1\/2&#8243;][vc_single_image image=&#8221;7479&#8243; img_size=&#8221;full&#8221; alignment=&#8221;center&#8221;][\/vc_column_inner][\/vc_row_inner][stm_spacing lg_spacing=&#8221;30&#8243; md_spacing=&#8221;30&#8243; sm_spacing=&#8221;18&#8243; xs_spacing=&#8221;12&#8243;][\/vc_column][\/vc_row][vc_row full_width=&#8221;stretch_row&#8221; el_class=&#8221;overlay_2 fixed_bg&#8221; css=&#8221;.vc_custom_1698878028562{padding-top: 40px !important;padding-bottom: 40px !important;background-color: #4a5e72 !important;background-position: center !important;background-repeat: no-repeat !important;background-size: cover !important;}&#8221;][vc_column][vc_custom_heading text=&#8221;Sans les bonnes ressources humaines d\u00e9velopp\u00e9es, engag\u00e9es et habilit\u00e9es \u00e0 r\u00e9aliser la transformation de la performance, la valeur et l&#8217;impact \u00e0 moyen et long terme sont limit\u00e9s.<br \/>\n<mark>C&#8217;est au c\u0153ur de tous les succ\u00e8s durables.<\/mark>&#8221; font_container=&#8221;tag:div|font_size:22px|text_align:center|color:%23ffffff|line_height:34px&#8221; google_fonts=&#8221;font_family:Poppins%3A300%2Cregular%2C500%2C600%2C700|font_style:700%20bold%3A700%3Anormal&#8221; css=&#8221;&#8221;][\/vc_column][\/vc_row][vc_row css=&#8221;.vc_custom_1697673867348{padding-top: 100px !important;padding-bottom: 80px !important;background-color: #ffffff !important;}&#8221;][vc_column][stm_spacing lg_spacing=&#8221;30&#8243; md_spacing=&#8221;30&#8243; sm_spacing=&#8221;18&#8243; xs_spacing=&#8221;12&#8243;][vc_row_inner content_placement=&#8221;top&#8221; gap=&#8221;20&#8243;][vc_column_inner width=&#8221;1\/2&#8243;][vc_column_text]<\/p>\n<p style=\"text-align: justify;\">En coordination avec le client, OSICS fournit un soutien logistique aux consultants afin de s\u2019assurer qu\u2019ils disposent des <strong>ressources n\u00e9cessaires<\/strong>, d\u2019un acc\u00e8s aux courriels, aux donn\u00e9es, ainsi que de l\u2019\u00e9quipement requis pour accomplir efficacement leurs t\u00e2ches.<\/p>\n<p style=\"text-align: justify;\"><strong>Cela peut \u00e9galement inclure la coordination des d\u00e9placements et de l\u2019h\u00e9bergement, au besoin.<\/strong><\/p>\n<p style=\"text-align: justify;\">OSICS s\u2019engage \u00e0 livrer des solutions <strong>adapt\u00e9es au besoin r\u00e9el<\/strong>. Nous accordons la priorit\u00e9 \u00e0 la compr\u00e9hension de votre mandat sp\u00e9cifique et de la situation de la ressource afin de d\u00e9ployer des strat\u00e9gies personnalis\u00e9es qui r\u00e9pondent efficacement aux besoins de l\u2019organisation.<\/p>\n<p style=\"text-align: justify;\">Parce que nous accordons autant d\u2019importance aux personnes qu\u2019aux r\u00e9sultats, et gr\u00e2ce \u00e0 notre vaste r\u00e9seau de professionnels ind\u00e9pendants, nous garantissons des solutions orient\u00e9es vers les r\u00e9sultats.<\/p>\n<p>[\/vc_column_text][\/vc_column_inner][vc_column_inner width=&#8221;1\/2&#8243;][vc_column_text]<\/p>\n<p style=\"text-align: justify;\">Tout au long du mandat, l\u2019\u00e9quipe OSICS supervise les ententes contractuelles et maintient des <strong>relations positives gr\u00e2ce \u00e0 des suivis hebdomadaires, voire quotidiens<\/strong>. Nous veillons au respect des modalit\u00e9s du contrat et \u00e0 ce que les besoins des consultants soient satisfaits.<\/p>\n<blockquote>\n<p style=\"text-align: justify;\">OSICS adopte une approche collaborative et de <strong>cocr\u00e9ation<\/strong> avec ses consultants. Nous entretenons des \u00e9changes continus, fournissons r\u00e9guli\u00e8rement de la r\u00e9troaction et des orientations afin de nous assurer que les efforts de la ressource demeurent align\u00e9s sur l\u2019\u00e9volution des besoins du projet et du client. Pendant toute la dur\u00e9e du projet, OSICS suit la progression de ses consultants, contr\u00f4le les livrables et \u00e9value leurs contributions.<\/p>\n<\/blockquote>\n<p>[\/vc_column_text][\/vc_column_inner][\/vc_row_inner][stm_spacing lg_spacing=&#8221;30&#8243; md_spacing=&#8221;30&#8243; sm_spacing=&#8221;18&#8243; xs_spacing=&#8221;12&#8243;][\/vc_column][\/vc_row][vc_row full_width=&#8221;stretch_row&#8221; equal_height=&#8221;yes&#8221; css=&#8221;.vc_custom_1697673685291{background-color: #f4f4f4 !important;}&#8221;][vc_column width=&#8221;1\/2&#8243; css=&#8221;.vc_custom_1553422640194{padding-right: 15px !important;}&#8221;][stm_spacing lg_spacing=&#8221;85&#8243; md_spacing=&#8221;85&#8243; sm_spacing=&#8221;70&#8243; xs_spacing=&#8221;70&#8243;][vc_custom_heading stripe_pos=&#8221;hide&#8221; text=&#8221;\u00c0 la recherche d\u2019une<br \/>\nsolution adapt\u00e9e \u00e0 vos besoins ?&#8221; font_container=&#8221;tag:h2|text_align:left|color:%23658a1d&#8221; use_theme_fonts=&#8221;yes&#8221;][stm_spacing lg_spacing=&#8221;6&#8243; md_spacing=&#8221;6&#8243; sm_spacing=&#8221;6&#8243; xs_spacing=&#8221;6&#8243;][vc_column_text css=&#8221;.vc_custom_1740926354245{padding-right: 20px !important;padding-left: 0px !important;}&#8221;]Chez OSICS, notre \u00e9quipe d\u2019experts seniors se sp\u00e9cialise dans la prestation de services-conseils exceptionnels aupr\u00e8s des clients des secteurs pharmaceutique et biotechnologique.[\/vc_column_text][vc_column_text]<\/p>\n<ul>\n<li><a href=\"https:\/\/osicsnetwork.com\/fr\/contextes-et-defis\/\">D\u00e9fis d\u2019affaires<\/a><\/li>\n<li><a href=\"https:\/\/osicsnetwork.com\/fr\/objectifs-projets\/\">Objectifs et priorit\u00e9s organisationnelles<\/a><\/li>\n<li><a href=\"https:\/\/osicsnetwork.com\/fr\/ressources\/\">Experts ind\u00e9pendants et consultants<\/a><\/li>\n<li><a href=\"https:\/\/osicsnetwork.com\/fr\/processus\/\">Processus internes<\/a><\/li>\n<\/ul>\n<p>[\/vc_column_text][stm_spacing lg_spacing=&#8221;80&#8243; md_spacing=&#8221;80&#8243; sm_spacing=&#8221;60&#8243; xs_spacing=&#8221;60&#8243;][\/vc_column][vc_column stretch=&#8221;right&#8221; width=&#8221;1\/2&#8243; css=&#8221;.vc_custom_1698878014841{background-image: url(https:\/\/osicsnetwork.com\/wp-content\/uploads\/2023\/11\/shutterstock_313766822BIS.jpg?id=8012) !important;background-position: center !important;background-repeat: no-repeat !important;background-size: cover !important;}&#8221; offset=&#8221;vc_hidden-xs&#8221;][\/vc_column][\/vc_row][vc_row css=&#8221;.vc_custom_1697673867348{padding-top: 100px !important;padding-bottom: 80px !important;background-color: #ffffff !important;}&#8221;][vc_column][stm_spacing lg_spacing=&#8221;30&#8243; md_spacing=&#8221;30&#8243; sm_spacing=&#8221;18&#8243; xs_spacing=&#8221;12&#8243;][vc_row_inner content_placement=&#8221;middle&#8221; gap=&#8221;20&#8243;][vc_column_inner width=&#8221;1\/2&#8243;][vc_single_image image=&#8221;8029&#8243; img_size=&#8221;full&#8221; alignment=&#8221;center&#8221;][\/vc_column_inner][vc_column_inner width=&#8221;1\/2&#8243;][vc_column_text]<\/p>\n<p style=\"text-align: justify;\">OSICS suit de pr\u00e8s la progression de la ressource, en favorisant un v\u00e9ritable esprit de partenariat et de compr\u00e9hension mutuelle. Cette approche facilite l\u2019agilit\u00e9 et l\u2019adaptabilit\u00e9 face aux changements dans la port\u00e9e du projet ou dans ses exigences.<\/p>\n<p style=\"text-align: justify;\">Nous visons \u00e0 vous offrir une v\u00e9ritable <strong>tranquillit\u00e9 d\u2019esprit<\/strong> lorsque vous contractez avec nous. Celle-ci repose sur la confiance et les partenariats que nous entretenons avec nos consultants, sur leur niveau d\u2019expertise, ainsi que sur leur solide exp\u00e9rience des industries pharmaceutique, biotechnologique et alimentaire.<\/p>\n<p style=\"text-align: justify;\"><strong>Qu\u2019ils interviennent seuls ou en \u00e9quipe dans vos installations, OSICS s\u2019assure que le travail soit r\u00e9alis\u00e9 et que l\u2019impact soit visible pour vous.<\/strong><\/p>\n<p>[\/vc_column_text][vc_btn title=&#8221;Demande de rendez-vous.&#8221; style=&#8221;custom&#8221; custom_background=&#8221;#658c1c&#8221; custom_text=&#8221;#ffffff&#8221; shape=&#8221;square&#8221; size=&#8221;sm&#8221; link=&#8221;url:https%3A%2F%2Fosicsnetwork.com%2Ffr%2Fcontact%2F|&#8221;][\/vc_column_inner][\/vc_row_inner][stm_spacing lg_spacing=&#8221;30&#8243; md_spacing=&#8221;30&#8243; sm_spacing=&#8221;18&#8243; xs_spacing=&#8221;12&#8243;][\/vc_column][\/vc_row][vc_row full_width=&#8221;stretch_row&#8221; css=&#8221;.vc_custom_1698878079620{margin-bottom: -60px !important;background-image: url(https:\/\/osicsnetwork.com\/wp-content\/uploads\/2023\/11\/shutterstock_1931518415BIS.jpg?id=8007) !important;background-position: center !important;background-repeat: no-repeat !important;background-size: cover !important;}&#8221; el_class=&#8221;overlay_4 fixed_bg&#8221;][vc_column][stm_spacing lg_spacing=&#8221;75&#8243; md_spacing=&#8221;75&#8243; sm_spacing=&#8221;60&#8243; xs_spacing=&#8221;60&#8243;][vc_custom_heading stripe_pos=&#8221;hide&#8221; text=&#8221;LE R\u00c9SEAU OSICS&#8221; font_container=&#8221;tag:h2|text_align:center|color:%23ffffff|line_height:64px&#8221; use_theme_fonts=&#8221;yes&#8221; subtitle=&#8221;LES EXPERTS EN TRANSFORMATION DE LA PERFORMANCE OP\u00c9RATIONNELLE.&#8221; stripe_hide=&#8221;yes&#8221; subtitle_color=&#8221;#ffffff&#8221;][stm_spacing lg_spacing=&#8221;67&#8243; md_spacing=&#8221;67&#8243; sm_spacing=&#8221;60&#8243; xs_spacing=&#8221;60&#8243;][\/vc_column][\/vc_row]<\/p>\n<\/div>","protected":false},"excerpt":{"rendered":"<p>[vc_row css=&#8221;.vc_custom_1697673798322{padding-top: 80px !important;padding-bottom: 80px !important;background-color: #ffffff !important;}&#8221;][vc_column][vc_custom_heading text=&#8221;Gestion des consultants&#8221; font_container=&#8221;tag:h1|text_align:center|color:%23658a1d&#8221; use_theme_fonts=&#8221;yes&#8221; subtitle=&#8221;LE R\u00c9SEAU OSICS&#8221;][stm_spacing lg_spacing=&#8221;30&#8243; md_spacing=&#8221;30&#8243; sm_spacing=&#8221;18&#8243; xs_spacing=&#8221;12&#8243;][vc_row_inner content_placement=&#8221;middle&#8221; gap=&#8221;20&#8243;][vc_column_inner width=&#8221;1\/2&#8243;][vc_column_text] OSICS agit comme interm\u00e9diaire entre les besoins de votre organisation et les meilleurs consultants pour le mandat \u00e0 pourvoir. Notre r\u00e9seau de proximit\u00e9, fond\u00e9 sur la confiance, nous permet de trouver le<\/p>\n","protected":false},"author":1,"featured_media":8083,"parent":8667,"menu_order":0,"comment_status":"closed","ping_status":"closed","template":"","meta":{"footnotes":""},"class_list":["post-8676","page","type-page","status-publish","has-post-thumbnail","hentry"],"yoast_head":"<!-- This site is optimized with the Yoast SEO plugin v27.1.1 - https:\/\/yoast.com\/product\/yoast-seo-wordpress\/ -->\n<title>Gestion efficace des consultants - Solutions Pro | OSICS Network<\/title>\n<meta name=\"description\" content=\"Am\u00e9liorez vos op\u00e9rations avec la gestion efficace des consultants offerte par OSICS Network. Solutions sur mesure pour un impact maximal.\" \/>\n<meta name=\"robots\" content=\"index, follow, max-snippet:-1, max-image-preview:large, max-video-preview:-1\" \/>\n<link rel=\"canonical\" href=\"https:\/\/osicsnetwork.com\/fr\/services\/gestion-des-consultants\/\" \/>\n<meta property=\"og:locale\" content=\"fr_FR\" \/>\n<meta property=\"og:type\" content=\"article\" \/>\n<meta property=\"og:title\" content=\"Gestion efficace des consultants - Solutions Pro | OSICS Network\" \/>\n<meta property=\"og:description\" content=\"Am\u00e9liorez vos op\u00e9rations avec la gestion efficace des consultants offerte par OSICS Network. Solutions sur mesure pour un impact maximal.\" \/>\n<meta property=\"og:url\" content=\"https:\/\/osicsnetwork.com\/fr\/services\/gestion-des-consultants\/\" \/>\n<meta property=\"og:site_name\" content=\"Osicsnetwork.com\" \/>\n<meta property=\"article:modified_time\" content=\"2026-03-19T13:13:59+00:00\" \/>\n<meta property=\"og:image\" content=\"https:\/\/osicsnetwork.com\/wp-content\/uploads\/2023\/11\/shutterstock_1702341316.jpg\" \/>\n\t<meta property=\"og:image:width\" content=\"1000\" \/>\n\t<meta property=\"og:image:height\" content=\"667\" \/>\n\t<meta property=\"og:image:type\" content=\"image\/jpeg\" \/>\n<meta name=\"twitter:card\" content=\"summary_large_image\" \/>\n<meta name=\"twitter:label1\" content=\"Dur\u00e9e de lecture estim\u00e9e\" \/>\n\t<meta name=\"twitter:data1\" content=\"3 minutes\" \/>\n<!-- \/ Yoast SEO plugin. -->","yoast_head_json":{"title":"Gestion efficace des consultants - Solutions Pro | OSICS Network","description":"Am\u00e9liorez vos op\u00e9rations avec la gestion efficace des consultants offerte par OSICS Network. Solutions sur mesure pour un impact maximal.","robots":{"index":"index","follow":"follow","max-snippet":"max-snippet:-1","max-image-preview":"max-image-preview:large","max-video-preview":"max-video-preview:-1"},"canonical":"https:\/\/osicsnetwork.com\/fr\/services\/gestion-des-consultants\/","og_locale":"fr_FR","og_type":"article","og_title":"Gestion efficace des consultants - Solutions Pro | OSICS Network","og_description":"Am\u00e9liorez vos op\u00e9rations avec la gestion efficace des consultants offerte par OSICS Network. Solutions sur mesure pour un impact maximal.","og_url":"https:\/\/osicsnetwork.com\/fr\/services\/gestion-des-consultants\/","og_site_name":"Osicsnetwork.com","article_modified_time":"2026-03-19T13:13:59+00:00","og_image":[{"width":1000,"height":667,"url":"https:\/\/osicsnetwork.com\/wp-content\/uploads\/2023\/11\/shutterstock_1702341316.jpg","type":"image\/jpeg"}],"twitter_card":"summary_large_image","twitter_misc":{"Dur\u00e9e de lecture estim\u00e9e":"3 minutes"},"schema":{"@context":"https:\/\/schema.org","@graph":[{"@type":"WebPage","@id":"https:\/\/osicsnetwork.com\/fr\/services\/gestion-des-consultants\/","url":"https:\/\/osicsnetwork.com\/fr\/services\/gestion-des-consultants\/","name":"Gestion efficace des consultants - Solutions Pro | OSICS Network","isPartOf":{"@id":"https:\/\/osicsnetwork.com\/fr\/#website"},"primaryImageOfPage":{"@id":"https:\/\/osicsnetwork.com\/fr\/services\/gestion-des-consultants\/#primaryimage"},"image":{"@id":"https:\/\/osicsnetwork.com\/fr\/services\/gestion-des-consultants\/#primaryimage"},"thumbnailUrl":"https:\/\/osicsnetwork.com\/wp-content\/uploads\/2023\/11\/shutterstock_1702341316.jpg","datePublished":"2023-10-22T00:45:06+00:00","dateModified":"2026-03-19T13:13:59+00:00","description":"Am\u00e9liorez vos op\u00e9rations avec la gestion efficace des consultants offerte par OSICS Network. Solutions sur mesure pour un impact maximal.","breadcrumb":{"@id":"https:\/\/osicsnetwork.com\/fr\/services\/gestion-des-consultants\/#breadcrumb"},"inLanguage":"fr-FR","potentialAction":[{"@type":"ReadAction","target":["https:\/\/osicsnetwork.com\/fr\/services\/gestion-des-consultants\/"]}]},{"@type":"ImageObject","inLanguage":"fr-FR","@id":"https:\/\/osicsnetwork.com\/fr\/services\/gestion-des-consultants\/#primaryimage","url":"https:\/\/osicsnetwork.com\/wp-content\/uploads\/2023\/11\/shutterstock_1702341316.jpg","contentUrl":"https:\/\/osicsnetwork.com\/wp-content\/uploads\/2023\/11\/shutterstock_1702341316.jpg","width":1000,"height":667},{"@type":"BreadcrumbList","@id":"https:\/\/osicsnetwork.com\/fr\/services\/gestion-des-consultants\/#breadcrumb","itemListElement":[{"@type":"ListItem","position":1,"name":"Home","item":"https:\/\/osicsnetwork.com\/fr\/"},{"@type":"ListItem","position":2,"name":"Services","item":"https:\/\/osicsnetwork.com\/fr\/services\/"},{"@type":"ListItem","position":3,"name":"Gestion des consultants"}]},{"@type":"WebSite","@id":"https:\/\/osicsnetwork.com\/fr\/#website","url":"https:\/\/osicsnetwork.com\/fr\/","name":"Osicsnetwork.com","description":"Consulting firm","publisher":{"@id":"https:\/\/osicsnetwork.com\/fr\/#organization"},"alternateName":"Osics Network","potentialAction":[{"@type":"SearchAction","target":{"@type":"EntryPoint","urlTemplate":"https:\/\/osicsnetwork.com\/fr\/?s={search_term_string}"},"query-input":{"@type":"PropertyValueSpecification","valueRequired":true,"valueName":"search_term_string"}}],"inLanguage":"fr-FR"},{"@type":"Organization","@id":"https:\/\/osicsnetwork.com\/fr\/#organization","name":"Osics Network","alternateName":"Osics consulting firm","url":"https:\/\/osicsnetwork.com\/fr\/","logo":{"@type":"ImageObject","inLanguage":"fr-FR","@id":"https:\/\/osicsnetwork.com\/fr\/#\/schema\/logo\/image\/","url":"https:\/\/osicsnetwork.com\/wp-content\/uploads\/2023\/09\/IMG_E0240-1.jpg","contentUrl":"https:\/\/osicsnetwork.com\/wp-content\/uploads\/2023\/09\/IMG_E0240-1.jpg","width":1040,"height":532,"caption":"Osics Network"},"image":{"@id":"https:\/\/osicsnetwork.com\/fr\/#\/schema\/logo\/image\/"}}]}},"_links":{"self":[{"href":"https:\/\/osicsnetwork.com\/fr\/wp-json\/wp\/v2\/pages\/8676","targetHints":{"allow":["GET"]}}],"collection":[{"href":"https:\/\/osicsnetwork.com\/fr\/wp-json\/wp\/v2\/pages"}],"about":[{"href":"https:\/\/osicsnetwork.com\/fr\/wp-json\/wp\/v2\/types\/page"}],"author":[{"embeddable":true,"href":"https:\/\/osicsnetwork.com\/fr\/wp-json\/wp\/v2\/users\/1"}],"replies":[{"embeddable":true,"href":"https:\/\/osicsnetwork.com\/fr\/wp-json\/wp\/v2\/comments?post=8676"}],"version-history":[{"count":0,"href":"https:\/\/osicsnetwork.com\/fr\/wp-json\/wp\/v2\/pages\/8676\/revisions"}],"up":[{"embeddable":true,"href":"https:\/\/osicsnetwork.com\/fr\/wp-json\/wp\/v2\/pages\/8667"}],"wp:featuredmedia":[{"embeddable":true,"href":"https:\/\/osicsnetwork.com\/fr\/wp-json\/wp\/v2\/media\/8083"}],"wp:attachment":[{"href":"https:\/\/osicsnetwork.com\/fr\/wp-json\/wp\/v2\/media?parent=8676"}],"curies":[{"name":"wp","href":"https:\/\/api.w.org\/{rel}","templated":true}]}}