{"id":11880,"date":"2025-06-05T22:52:33","date_gmt":"2025-06-05T22:52:33","guid":{"rendered":"https:\/\/osicsnetwork.com\/?page_id=11880"},"modified":"2025-06-06T14:30:36","modified_gmt":"2025-06-06T14:30:36","slug":"optimisation-et-performance","status":"publish","type":"page","link":"https:\/\/osicsnetwork.com\/fr\/private-equity-pharma\/optimisation-et-performance\/","title":{"rendered":"Optimisation et Performance"},"content":{"rendered":"<div class=\"wpb-content-wrapper\"><p>[vc_row css=&#8221;.vc_custom_1697673798322{padding-top: 80px !important;padding-bottom: 80px !important;background-color: #ffffff !important;}&#8221;][vc_column][vc_custom_heading text=&#8221;Optimisation et Performance : R\u00e9duction des Co\u00fbts &amp; Synergies Industrielles avec OSICS Network&#8221; font_container=&#8221;tag:h1|text_align:center|color:%23658a1d&#8221; use_theme_fonts=&#8221;yes&#8221; subtitle=&#8221;LE R\u00c9SEAU OSICS&#8221;][stm_spacing lg_spacing=&#8221;30&#8243; md_spacing=&#8221;30&#8243; sm_spacing=&#8221;18&#8243; xs_spacing=&#8221;12&#8243;][vc_row_inner content_placement=&#8221;middle&#8221; gap=&#8221;20&#8243;][vc_column_inner width=&#8221;1\/2&#8243;][vc_column_text]<\/p>\n<h2 style=\"text-align: left;\"><strong>Pourquoi l\u2019optimisation post-acquisition est essentielle pour les fonds de Private Equity<\/strong><\/h2>\n<p style=\"text-align: justify;\">Dans le contexte d\u2019une acquisition pharmaceutique ou biotechnologique, l\u2019\u00e9tape post-transaction ne se limite pas \u00e0 l\u2019int\u00e9gration administrative de l\u2019actif. Elle constitue une opportunit\u00e9 strat\u00e9gique majeure d\u2019optimisation des performances industrielles, d\u2019am\u00e9lioration des marges et de g\u00e9n\u00e9ration rapide de valeur. Pourtant, trop souvent, les gains potentiels restent partiellement r\u00e9alis\u00e9s par manque de planification ou d&#8217;ex\u00e9cution op\u00e9rationnelle. Dans un environnement o\u00f9 les pressions sur le retour sur investissement sont fortes, notamment dans le Private Equity, l\u2019optimisation post-acquisition devient un imp\u00e9ratif, et non une option.<\/p>\n<p style=\"text-align: justify;\">OSICS Network accompagne les investisseurs dans cette phase cruciale en d\u00e9ployant une approche structur\u00e9e, cibl\u00e9e sur l\u2019identification rapide des sources d\u2019inefficience et sur l\u2019activation des leviers industriels \u00e0 fort impact. Notre expertise repose sur une connaissance approfondie des dynamiques propres aux environnements pharma et biotech, o\u00f9 les marges d\u2019optimisation sont r\u00e9elles, mais n\u00e9cessitent une parfaite ma\u00eetrise des contraintes r\u00e9glementaires et des standards qualit\u00e9. Notre mission est claire : <strong>transformer vos actifs acquis en plateformes industrielles robustes, efficientes et pr\u00eates \u00e0 soutenir une croissance rentable.<\/strong><\/p>\n<p>[\/vc_column_text][\/vc_column_inner][vc_column_inner width=&#8221;1\/2&#8243;][vc_single_image image=&#8221;11881&#8243; img_size=&#8221;full&#8221; alignment=&#8221;center&#8221;][\/vc_column_inner][\/vc_row_inner][stm_spacing lg_spacing=&#8221;30&#8243; md_spacing=&#8221;30&#8243; sm_spacing=&#8221;18&#8243; xs_spacing=&#8221;12&#8243;][\/vc_column][\/vc_row][vc_row full_width=&#8221;stretch_row&#8221; el_class=&#8221;overlay_2 fixed_bg&#8221; css=&#8221;.vc_custom_1699045151995{padding-top: 40px !important;padding-bottom: 40px !important;background-color: #4a5e72 !important;background-position: center !important;background-repeat: no-repeat !important;background-size: cover !important;}&#8221;][vc_column][vc_custom_heading text=&#8221;Int\u00e9grer un actif, c\u2019est plus que le stabiliser. C\u2019est le transformer pour qu\u2019il g\u00e9n\u00e8re de la valeur r\u00e9elle et mesurable. <mark>C\u2019est l\u00e0 que commence la performance durable.<\/mark>&#8221; font_container=&#8221;tag:div|font_size:22px|text_align:center|color:%23ffffff|line_height:34px&#8221; google_fonts=&#8221;font_family:Poppins%3A300%2Cregular%2C500%2C600%2C700|font_style:700%20bold%3A700%3Anormal&#8221;][\/vc_column][\/vc_row][vc_row css=&#8221;.vc_custom_1697673867348{padding-top: 100px !important;padding-bottom: 80px !important;background-color: #ffffff !important;}&#8221;][vc_column][vc_row_inner content_placement=&#8221;middle&#8221; gap=&#8221;20&#8243;][vc_column_inner width=&#8221;1\/2&#8243;][vc_column_text]<\/p>\n<h3 style=\"text-align: left;\"><strong>Nos strat\u00e9gies pour maximiser la performance industrielle et financi\u00e8re<\/strong><\/h3>\n<p style=\"text-align: justify;\">Optimiser un site pharma ou biotech post-acquisition n\u00e9cessite une approche m\u00e9thodique, centr\u00e9e sur des axes d\u2019am\u00e9lioration \u00e0 fort levier \u00e9conomique. OSICS Network privil\u00e9gie des interventions rapides, mesurables et align\u00e9es sur les priorit\u00e9s strat\u00e9giques des fonds d\u2019investissement. Parmi les strat\u00e9gies cl\u00e9s que nous d\u00e9ployons :<\/p>\n<p style=\"text-align: justify;\">La refonte des cha\u00eenes d\u2019approvisionnement constitue souvent l\u2019un des premiers leviers actionnables. Nous analysons en profondeur la structure des achats directs et indirects, la d\u00e9pendance aux fournisseurs critiques, les co\u00fbts logistiques et les risques de rupture. Cette \u00e9valuation d\u00e9bouche sur des strat\u00e9gies de rationalisation des fournisseurs, de red\u00e9finition des flux logistiques et d\u2019optimisation des co\u00fbts de transport et de stockage. Dans de nombreux cas, une meilleure structuration de la supply chain permet des r\u00e9ductions de co\u00fbts significatives tout en renfor\u00e7ant la r\u00e9silience op\u00e9rationnelle de l\u2019actif.<\/p>\n<p style=\"text-align: justify;\">La standardisation et l&#8217;automatisation des processus industriels est un deuxi\u00e8me axe majeur d\u2019intervention. En harmonisant les pratiques de fabrication, en automatisant certaines op\u00e9rations critiques, et en simplifiant la gestion documentaire qualit\u00e9, nous permettons aux sites de gagner en productivit\u00e9 tout en renfor\u00e7ant leur conformit\u00e9 r\u00e9glementaire. Ces initiatives, lorsqu&#8217;elles sont correctement planifi\u00e9es et ex\u00e9cut\u00e9es, g\u00e9n\u00e8rent des gains durables sur les co\u00fbts de production, am\u00e9liorent les taux de rendement, et augmentent la capacit\u00e9 de r\u00e9ponse face aux audits r\u00e9glementaires.<\/p>\n<p style=\"text-align: justify;\">Enfin, la restructuration de l\u2019empreinte industrielle \u2013 fermeture, fusion ou r\u00e9allocation de sites \u2013 est envisag\u00e9e lorsque les synergies g\u00e9ographiques ou technologiques le justifient. Cette approche, plus complexe \u00e0 piloter, peut n\u00e9anmoins conduire \u00e0 des \u00e9conomies structurelles majeures et \u00e0 une meilleure allocation des ressources \u00e0 l\u2019\u00e9chelle du portefeuille d\u2019actifs. OSICS Network accompagne ses clients dans l\u2019\u00e9valuation objective de ces options strat\u00e9giques et dans leur mise en \u0153uvre progressive, en minimisant les risques op\u00e9rationnels et sociaux associ\u00e9s.<\/p>\n<p>[\/vc_column_text][\/vc_column_inner][vc_column_inner width=&#8221;1\/2&#8243; css=&#8221;.vc_custom_1698598658443{padding-top: 50px !important;padding-right: 50px !important;padding-bottom: 50px !important;padding-left: 50px !important;background-color: #f9f9f9 !important;}&#8221;][vc_column_text]<\/p>\n<h3 style=\"text-align: left;\"><strong>M\u00e9thodologie OSICS : Identification rapide et ex\u00e9cution cibl\u00e9e<\/strong><\/h3>\n<p style=\"text-align: justify;\">Chaque mission d\u2019optimisation industrielle men\u00e9e par OSICS suit un processus clair et rigoureux. D\u00e8s la prise de contr\u00f4le effective de l\u2019actif, nos \u00e9quipes engagent un diagnostic d\u00e9taill\u00e9 des op\u00e9rations : performance industrielle, efficacit\u00e9 des processus, structure des co\u00fbts, flexibilit\u00e9 de la supply chain et alignement qualit\u00e9. Cette phase de diagnostic, rapide et factuelle, permet de prioriser les chantiers d\u2019optimisation en fonction de leur impact \u00e9conomique potentiel et de leur faisabilit\u00e9 imm\u00e9diate.<\/p>\n<p style=\"text-align: justify;\">Une fois les leviers identifi\u00e9s, nous \u00e9laborons avec les \u00e9quipes locales des plans d\u2019actions d\u00e9taill\u00e9es etpragmatiques (TIP\u00a0: Tactical Implentation Plans \u00e0 la maille hebdo), adoss\u00e9s \u00e0 des business cases solides.<\/p>\n<blockquote>\n<p style=\"text-align: justify;\">Chaque initiative est \u00e9valu\u00e9e en termes de retour sur investissement (ROI), de calendrier de r\u00e9alisation et de risques associ\u00e9s.<\/p>\n<\/blockquote>\n<p style=\"text-align: justify;\">Cette approche garantit une allocation optimale des ressources internes et externes, en maximisant la valeur capturable dans les d\u00e9lais les plus courts.<\/p>\n<p style=\"text-align: justify;\">OSICS assure \u00e9galement le pilotage de la mise en \u0153uvre op\u00e9rationnelle. Nos experts travaillent aux c\u00f4t\u00e9s des \u00e9quipes locales pour s\u00e9curiser l\u2019adh\u00e9sion au changement, surmonter les r\u00e9sistances internes, et installer de nouveaux standards de performance. Nous croyons fermement que la r\u00e9ussite d\u2019un plan d\u2019optimisation repose autant sur la rigueur analytique que sur la capacit\u00e9 \u00e0 accompagner humainement la transformation sur le terrain.<\/p>\n<p>[\/vc_column_text][\/vc_column_inner][\/vc_row_inner][stm_spacing lg_spacing=&#8221;30&#8243; md_spacing=&#8221;30&#8243; sm_spacing=&#8221;18&#8243; xs_spacing=&#8221;12&#8243;][\/vc_column][\/vc_row][vc_row css=&#8221;.vc_custom_1749148269472{padding-top: 60px !important;padding-bottom: 100px !important;background-color: #ffffff !important;}&#8221;][vc_column][vc_row_inner content_placement=&#8221;middle&#8221; gap=&#8221;20&#8243;][vc_column_inner width=&#8221;1\/2&#8243;][vc_single_image image=&#8221;11885&#8243; img_size=&#8221;full&#8221; alignment=&#8221;center&#8221;][\/vc_column_inner][vc_column_inner width=&#8221;1\/2&#8243;][vc_column_text]<\/p>\n<h2 style=\"text-align: left;\"><strong>Benchmarks de gains et retours sur investissement post-M&amp;A<\/strong><\/h2>\n<p style=\"text-align: justify;\">Les interventions d\u2019OSICS Network dans le cadre de transformations post-acquisition ont g\u00e9n\u00e9r\u00e9 des r\u00e9sultats tangibles et mesurables sur des portefeuilles d\u2019actifs Pharma et Biotech vari\u00e9s. Les benchmarks internes que nous avons consolid\u00e9s au fil des missions d\u00e9montrent que les optimisations mises en \u0153uvre permettent g\u00e9n\u00e9ralement :<\/p>\n<p style=\"text-align: justify;\">Une r\u00e9duction des co\u00fbts op\u00e9rationnels totaux comprise entre 10 % et 20 %, selon le niveau de maturit\u00e9 industrielle initial. Les projets portant sur la supply chain aboutissent fr\u00e9quemment \u00e0 des \u00e9conomies logistiques de 10 % \u00e0 15 %, en combinant rationalisation fournisseur et optimisation des flux. Sur le plan manufacturier, les programmes de standardisation et d\u2019automatisation permettent des am\u00e9liorations du taux de rendement global (TRG) allant de 10 \u00e0 20 % en moyenne dans les 18 premiers mois.<\/p>\n<p style=\"text-align: justify;\">Lorsque des synergies industrielles (regroupement de sites, mutualisation d\u2019achats, consolidation de fonctions support) sont activ\u00e9es, les gains structurels peuvent repr\u00e9senter jusqu\u2019\u00e0 15 % du co\u00fbt complet d\u2019exploitation sur un p\u00e9rim\u00e8tre multi-sites. Ces r\u00e9sultats traduisent une approche d\u2019optimisation r\u00e9aliste, adapt\u00e9e aux contraintes de la Pharma et de la Biotech, sans compromettre la qualit\u00e9 ou la conformit\u00e9. Ils d\u00e9montrent surtout que l\u2019optimisation industrielle post-M&amp;A est un levier puissant et strat\u00e9gique pour s\u00e9curiser et amplifier la cr\u00e9ation de valeur d\u2019une acquisition.<\/p>\n<p>[\/vc_column_text][\/vc_column_inner][\/vc_row_inner][stm_spacing lg_spacing=&#8221;30&#8243; md_spacing=&#8221;30&#8243; sm_spacing=&#8221;18&#8243; xs_spacing=&#8221;12&#8243;][\/vc_column][\/vc_row][vc_row full_width=&#8221;stretch_row&#8221; equal_height=&#8221;yes&#8221; css=&#8221;.vc_custom_1697673685291{background-color: #f4f4f4 !important;}&#8221;][vc_column width=&#8221;1\/2&#8243; css=&#8221;.vc_custom_1553422640194{padding-right: 15px !important;}&#8221;][stm_spacing lg_spacing=&#8221;85&#8243; md_spacing=&#8221;85&#8243; sm_spacing=&#8221;70&#8243; xs_spacing=&#8221;70&#8243;][vc_custom_heading stripe_pos=&#8221;hide&#8221; text=&#8221;Vous cherchez \u00e0 mieux cadrer vos enjeux strat\u00e9giques ?&#8221; font_container=&#8221;tag:h2|text_align:left|color:%23658a1d&#8221; use_theme_fonts=&#8221;yes&#8221;][stm_spacing lg_spacing=&#8221;6&#8243; md_spacing=&#8221;6&#8243; sm_spacing=&#8221;6&#8243; xs_spacing=&#8221;6&#8243;][vc_column_text css=&#8221;.vc_custom_1749148455381{padding-right: 20px !important;padding-left: 0px !important;}&#8221;]Chez OSICS, chaque mission de conseil s\u2019appuie sur une compr\u00e9hension fine de vos objectifs d\u2019affaires, de votre secteur et de votre r\u00e9alit\u00e9 op\u00e9rationnelle. Notre approche sur mesure aide les organisations \u00e0 prendre les bonnes d\u00e9cisions, au bon moment, avec les bons partenaires.[\/vc_column_text][vc_column_text]<\/p>\n<ul>\n<li><a href=\"https:\/\/osicsnetwork.com\/fr\/contextes-et-defis\/\">D\u00e9fis d&#8217;entreprise<\/a><\/li>\n<li><a href=\"https:\/\/osicsnetwork.com\/fr\/objectifs-projets\/\">Objectifs et buts d&#8217;entreprise<\/a><\/li>\n<li><a href=\"https:\/\/osicsnetwork.com\/fr\/ressources\/\">Experts et consultants ind\u00e9pendants<\/a><\/li>\n<li><a href=\"https:\/\/osicsnetwork.com\/fr\/services\/\">Services OSICS<\/a><\/li>\n<\/ul>\n<p>[\/vc_column_text][stm_spacing lg_spacing=&#8221;80&#8243; md_spacing=&#8221;80&#8243; sm_spacing=&#8221;60&#8243; xs_spacing=&#8221;60&#8243;][\/vc_column][vc_column stretch=&#8221;right&#8221; width=&#8221;1\/2&#8243; css=&#8221;.vc_custom_1699045242763{background-image: url(https:\/\/osicsnetwork.com\/wp-content\/uploads\/2023\/11\/shutterstock_313766822BIS.jpg?id=8012) !important;background-position: center !important;background-repeat: no-repeat !important;background-size: cover !important;}&#8221; offset=&#8221;vc_hidden-xs&#8221;][\/vc_column][\/vc_row][vc_row css=&#8221;.vc_custom_1698507176982{padding-top: 120px !important;padding-bottom: 60px !important;background-color: #ffffff !important;}&#8221;][vc_column][vc_custom_heading text=&#8221;D\u00e9couvrez comment OSICS Network optimise vos sites Pharma et Biotech post-acquisition&#8221; font_container=&#8221;tag:h2|text_align:center|color:%23658a1d&#8221; use_theme_fonts=&#8221;yes&#8221;][stm_spacing lg_spacing=&#8221;30&#8243; md_spacing=&#8221;30&#8243; sm_spacing=&#8221;18&#8243; xs_spacing=&#8221;12&#8243;][vc_row_inner content_placement=&#8221;middle&#8221; gap=&#8221;20&#8243;][vc_column_inner width=&#8221;1\/2&#8243;][vc_single_image image=&#8221;11887&#8243; img_size=&#8221;full&#8221; alignment=&#8221;center&#8221;][\/vc_column_inner][vc_column_inner width=&#8221;1\/2&#8243;][vc_column_text]<\/p>\n<p style=\"text-align: justify;\">L\u2019optimisation industrielle post-acquisition ne s\u2019improvise pas. Elle exige une compr\u00e9hension intime des r\u00e9alit\u00e9s op\u00e9rationnelles du secteur pharmaceutique, une capacit\u00e9 \u00e0 identifier rapidement les leviers d\u2019am\u00e9lioration, et une m\u00e9thodologie \u00e9prouv\u00e9e pour s\u00e9curiser l\u2019ex\u00e9cution du changement. OSICS Network est le partenaire de confiance des fonds d\u2019investissement souhaitant aller au-del\u00e0 de l\u2019int\u00e9gration administrative, pour transformer leurs actifs en plateformes industrielles performantes, conformes et rentables.<\/p>\n<p style=\"text-align: justify;\">Gr\u00e2ce \u00e0 notre exp\u00e9rience terrain, \u00e0 notre r\u00e9seau d\u2019experts seniors et \u00e0 nos benchmarks sectoriels exclusifs, nous vous accompagnons pour maximiser le retour sur investissement de vos acquisitions Pharma et Biotech. Chaque mission est construite sur mesure, en fonction des objectifs strat\u00e9giques et financiers de nos clients, pour garantir un impact rapide, mesurable et durable.<\/p>\n<p>[\/vc_column_text][vc_btn title=&#8221;Prendre rendez-vous&#8221; style=&#8221;custom&#8221; custom_background=&#8221;#658c1c&#8221; custom_text=&#8221;#ffffff&#8221; shape=&#8221;square&#8221; size=&#8221;sm&#8221; link=&#8221;url:https%3A%2F%2Fosicsnetwork.com%2Ffr%2Fcontact%2F&#8221;][\/vc_column_inner][\/vc_row_inner][stm_spacing lg_spacing=&#8221;30&#8243; md_spacing=&#8221;30&#8243; sm_spacing=&#8221;18&#8243; xs_spacing=&#8221;12&#8243;][\/vc_column][\/vc_row][vc_row full_width=&#8221;stretch_row&#8221; css=&#8221;.vc_custom_1699045283888{margin-bottom: -60px !important;background-image: url(https:\/\/osicsnetwork.com\/wp-content\/uploads\/2023\/11\/shutterstock_1931518415BIS.jpg?id=8007) !important;background-position: center !important;background-repeat: no-repeat !important;background-size: cover !important;}&#8221; el_class=&#8221;overlay_4 fixed_bg&#8221;][vc_column][stm_spacing lg_spacing=&#8221;75&#8243; md_spacing=&#8221;75&#8243; sm_spacing=&#8221;60&#8243; xs_spacing=&#8221;60&#8243;][vc_custom_heading stripe_pos=&#8221;hide&#8221; text=&#8221;LE R\u00c9SEAU OSICS&#8221; font_container=&#8221;tag:h2|text_align:center|color:%23ffffff|line_height:64px&#8221; use_theme_fonts=&#8221;yes&#8221; subtitle=&#8221;LES EXPERTS EN TRANSFORMATION DE LA PERFORMANCE OP\u00c9RATIONNELLE.&#8221; stripe_hide=&#8221;yes&#8221; subtitle_color=&#8221;#ffffff&#8221;][stm_spacing lg_spacing=&#8221;67&#8243; md_spacing=&#8221;67&#8243; sm_spacing=&#8221;60&#8243; xs_spacing=&#8221;60&#8243;][\/vc_column][\/vc_row]<\/p>\n<\/div>","protected":false},"excerpt":{"rendered":"<p>[vc_row css=&#8221;.vc_custom_1697673798322{padding-top: 80px !important;padding-bottom: 80px !important;background-color: #ffffff !important;}&#8221;][vc_column][vc_custom_heading text=&#8221;Optimisation et Performance : R\u00e9duction des Co\u00fbts &amp; Synergies Industrielles avec OSICS Network&#8221; font_container=&#8221;tag:h1|text_align:center|color:%23658a1d&#8221; use_theme_fonts=&#8221;yes&#8221; subtitle=&#8221;LE R\u00c9SEAU OSICS&#8221;][stm_spacing lg_spacing=&#8221;30&#8243; md_spacing=&#8221;30&#8243; sm_spacing=&#8221;18&#8243; xs_spacing=&#8221;12&#8243;][vc_row_inner content_placement=&#8221;middle&#8221; gap=&#8221;20&#8243;][vc_column_inner width=&#8221;1\/2&#8243;][vc_column_text] Pourquoi l\u2019optimisation post-acquisition est essentielle pour les fonds de Private Equity Dans le contexte d\u2019une acquisition pharmaceutique ou biotechnologique, l\u2019\u00e9tape post-transaction ne<\/p>\n","protected":false},"author":1,"featured_media":11883,"parent":11866,"menu_order":0,"comment_status":"closed","ping_status":"closed","template":"","meta":{"footnotes":""},"class_list":["post-11880","page","type-page","status-publish","has-post-thumbnail","hentry"],"yoast_head":"<!-- This site is optimized with the Yoast SEO plugin v27.1.1 - https:\/\/yoast.com\/product\/yoast-seo-wordpress\/ -->\n<title>Optimisation Post-Acquisition Pharma : R\u00e9duction des Co\u00fbts et Synergies | OSICS Network<\/title>\n<meta name=\"description\" content=\"Acc\u00e9l\u00e9rez l\u2019optimisation de vos sites Pharma\/Biotech apr\u00e8s acquisition. R\u00e9duction des co\u00fbts, refonte supply chain, synergies industrielles avec le r\u00e9seau OSICS.\" \/>\n<meta name=\"robots\" content=\"index, follow, max-snippet:-1, max-image-preview:large, max-video-preview:-1\" \/>\n<link rel=\"canonical\" href=\"https:\/\/osicsnetwork.com\/fr\/private-equity-pharma\/optimisation-et-performance\/\" \/>\n<meta property=\"og:locale\" content=\"fr_FR\" \/>\n<meta property=\"og:type\" content=\"article\" \/>\n<meta property=\"og:title\" content=\"Optimisation Post-Acquisition Pharma : R\u00e9duction des Co\u00fbts et Synergies | OSICS Network\" \/>\n<meta property=\"og:description\" content=\"Acc\u00e9l\u00e9rez l\u2019optimisation de vos sites Pharma\/Biotech apr\u00e8s acquisition. R\u00e9duction des co\u00fbts, refonte supply chain, synergies industrielles avec le r\u00e9seau OSICS.\" \/>\n<meta property=\"og:url\" content=\"https:\/\/osicsnetwork.com\/fr\/private-equity-pharma\/optimisation-et-performance\/\" \/>\n<meta property=\"og:site_name\" content=\"Osicsnetwork.com\" \/>\n<meta property=\"article:modified_time\" content=\"2025-06-06T14:30:36+00:00\" \/>\n<meta property=\"og:image\" content=\"https:\/\/osicsnetwork.com\/wp-content\/uploads\/2025\/06\/optimisatio-n-featured.webp\" \/>\n\t<meta property=\"og:image:width\" content=\"1456\" \/>\n\t<meta property=\"og:image:height\" content=\"816\" \/>\n\t<meta property=\"og:image:type\" content=\"image\/png\" \/>\n<meta name=\"twitter:card\" content=\"summary_large_image\" \/>\n<meta name=\"twitter:label1\" content=\"Dur\u00e9e de lecture estim\u00e9e\" \/>\n\t<meta name=\"twitter:data1\" content=\"6 minutes\" \/>\n<!-- \/ Yoast SEO plugin. -->","yoast_head_json":{"title":"Optimisation Post-Acquisition Pharma : R\u00e9duction des Co\u00fbts et Synergies | OSICS Network","description":"Acc\u00e9l\u00e9rez l\u2019optimisation de vos sites Pharma\/Biotech apr\u00e8s acquisition. R\u00e9duction des co\u00fbts, refonte supply chain, synergies industrielles avec le r\u00e9seau OSICS.","robots":{"index":"index","follow":"follow","max-snippet":"max-snippet:-1","max-image-preview":"max-image-preview:large","max-video-preview":"max-video-preview:-1"},"canonical":"https:\/\/osicsnetwork.com\/fr\/private-equity-pharma\/optimisation-et-performance\/","og_locale":"fr_FR","og_type":"article","og_title":"Optimisation Post-Acquisition Pharma : R\u00e9duction des Co\u00fbts et Synergies | OSICS Network","og_description":"Acc\u00e9l\u00e9rez l\u2019optimisation de vos sites Pharma\/Biotech apr\u00e8s acquisition. R\u00e9duction des co\u00fbts, refonte supply chain, synergies industrielles avec le r\u00e9seau OSICS.","og_url":"https:\/\/osicsnetwork.com\/fr\/private-equity-pharma\/optimisation-et-performance\/","og_site_name":"Osicsnetwork.com","article_modified_time":"2025-06-06T14:30:36+00:00","og_image":[{"width":1456,"height":816,"url":"https:\/\/osicsnetwork.com\/wp-content\/uploads\/2025\/06\/optimisatio-n-featured.webp","type":"image\/png"}],"twitter_card":"summary_large_image","twitter_misc":{"Dur\u00e9e de lecture estim\u00e9e":"6 minutes"},"schema":{"@context":"https:\/\/schema.org","@graph":[{"@type":"WebPage","@id":"https:\/\/osicsnetwork.com\/fr\/private-equity-pharma\/optimisation-et-performance\/","url":"https:\/\/osicsnetwork.com\/fr\/private-equity-pharma\/optimisation-et-performance\/","name":"Optimisation Post-Acquisition Pharma : R\u00e9duction des Co\u00fbts et Synergies | OSICS Network","isPartOf":{"@id":"https:\/\/osicsnetwork.com\/fr\/#website"},"primaryImageOfPage":{"@id":"https:\/\/osicsnetwork.com\/fr\/private-equity-pharma\/optimisation-et-performance\/#primaryimage"},"image":{"@id":"https:\/\/osicsnetwork.com\/fr\/private-equity-pharma\/optimisation-et-performance\/#primaryimage"},"thumbnailUrl":"https:\/\/osicsnetwork.com\/wp-content\/uploads\/2025\/06\/optimisatio-n-featured.webp","datePublished":"2025-06-05T22:52:33+00:00","dateModified":"2025-06-06T14:30:36+00:00","description":"Acc\u00e9l\u00e9rez l\u2019optimisation de vos sites Pharma\/Biotech apr\u00e8s acquisition. R\u00e9duction des co\u00fbts, refonte supply chain, synergies industrielles avec le r\u00e9seau OSICS.","breadcrumb":{"@id":"https:\/\/osicsnetwork.com\/fr\/private-equity-pharma\/optimisation-et-performance\/#breadcrumb"},"inLanguage":"fr-FR","potentialAction":[{"@type":"ReadAction","target":["https:\/\/osicsnetwork.com\/fr\/private-equity-pharma\/optimisation-et-performance\/"]}]},{"@type":"ImageObject","inLanguage":"fr-FR","@id":"https:\/\/osicsnetwork.com\/fr\/private-equity-pharma\/optimisation-et-performance\/#primaryimage","url":"https:\/\/osicsnetwork.com\/wp-content\/uploads\/2025\/06\/optimisatio-n-featured.webp","contentUrl":"https:\/\/osicsnetwork.com\/wp-content\/uploads\/2025\/06\/optimisatio-n-featured.webp","width":1456,"height":816},{"@type":"BreadcrumbList","@id":"https:\/\/osicsnetwork.com\/fr\/private-equity-pharma\/optimisation-et-performance\/#breadcrumb","itemListElement":[{"@type":"ListItem","position":1,"name":"Home","item":"https:\/\/osicsnetwork.com\/fr\/"},{"@type":"ListItem","position":2,"name":"Private Equity &#038; Pharma","item":"https:\/\/osicsnetwork.com\/fr\/private-equity-pharma\/"},{"@type":"ListItem","position":3,"name":"Optimisation et Performance"}]},{"@type":"WebSite","@id":"https:\/\/osicsnetwork.com\/fr\/#website","url":"https:\/\/osicsnetwork.com\/fr\/","name":"Osicsnetwork.com","description":"Consulting firm","publisher":{"@id":"https:\/\/osicsnetwork.com\/fr\/#organization"},"alternateName":"Osics Network","potentialAction":[{"@type":"SearchAction","target":{"@type":"EntryPoint","urlTemplate":"https:\/\/osicsnetwork.com\/fr\/?s={search_term_string}"},"query-input":{"@type":"PropertyValueSpecification","valueRequired":true,"valueName":"search_term_string"}}],"inLanguage":"fr-FR"},{"@type":"Organization","@id":"https:\/\/osicsnetwork.com\/fr\/#organization","name":"Osics Network","alternateName":"Osics consulting firm","url":"https:\/\/osicsnetwork.com\/fr\/","logo":{"@type":"ImageObject","inLanguage":"fr-FR","@id":"https:\/\/osicsnetwork.com\/fr\/#\/schema\/logo\/image\/","url":"https:\/\/osicsnetwork.com\/wp-content\/uploads\/2023\/09\/IMG_E0240-1.jpg","contentUrl":"https:\/\/osicsnetwork.com\/wp-content\/uploads\/2023\/09\/IMG_E0240-1.jpg","width":1040,"height":532,"caption":"Osics Network"},"image":{"@id":"https:\/\/osicsnetwork.com\/fr\/#\/schema\/logo\/image\/"}}]}},"_links":{"self":[{"href":"https:\/\/osicsnetwork.com\/fr\/wp-json\/wp\/v2\/pages\/11880","targetHints":{"allow":["GET"]}}],"collection":[{"href":"https:\/\/osicsnetwork.com\/fr\/wp-json\/wp\/v2\/pages"}],"about":[{"href":"https:\/\/osicsnetwork.com\/fr\/wp-json\/wp\/v2\/types\/page"}],"author":[{"embeddable":true,"href":"https:\/\/osicsnetwork.com\/fr\/wp-json\/wp\/v2\/users\/1"}],"replies":[{"embeddable":true,"href":"https:\/\/osicsnetwork.com\/fr\/wp-json\/wp\/v2\/comments?post=11880"}],"version-history":[{"count":0,"href":"https:\/\/osicsnetwork.com\/fr\/wp-json\/wp\/v2\/pages\/11880\/revisions"}],"up":[{"embeddable":true,"href":"https:\/\/osicsnetwork.com\/fr\/wp-json\/wp\/v2\/pages\/11866"}],"wp:featuredmedia":[{"embeddable":true,"href":"https:\/\/osicsnetwork.com\/fr\/wp-json\/wp\/v2\/media\/11883"}],"wp:attachment":[{"href":"https:\/\/osicsnetwork.com\/fr\/wp-json\/wp\/v2\/media?parent=11880"}],"curies":[{"name":"wp","href":"https:\/\/api.w.org\/{rel}","templated":true}]}}