{"id":11868,"date":"2025-06-05T16:34:46","date_gmt":"2025-06-05T16:34:46","guid":{"rendered":"https:\/\/osicsnetwork.com\/?page_id=11868"},"modified":"2025-06-06T14:28:43","modified_gmt":"2025-06-06T14:28:43","slug":"due-diligence-pharma","status":"publish","type":"page","link":"https:\/\/osicsnetwork.com\/fr\/private-equity-pharma\/due-diligence-pharma\/","title":{"rendered":"Due Diligence Pharma : S\u00e9curisez vos Investissements avec OSICS Network"},"content":{"rendered":"<div class=\"wpb-content-wrapper\"><p>[vc_row css=&#8221;.vc_custom_1697673798322{padding-top: 80px !important;padding-bottom: 80px !important;background-color: #ffffff !important;}&#8221;][vc_column][vc_custom_heading text=&#8221;Due Diligence Pharma : S\u00e9curisez vos Investissements avec OSICS Network&#8221; font_container=&#8221;tag:h1|text_align:center|color:%23658a1d&#8221; use_theme_fonts=&#8221;yes&#8221; subtitle=&#8221;LE R\u00c9SEAU OSICS&#8221;][stm_spacing lg_spacing=&#8221;30&#8243; md_spacing=&#8221;30&#8243; sm_spacing=&#8221;18&#8243; xs_spacing=&#8221;12&#8243;][vc_row_inner content_placement=&#8221;middle&#8221; gap=&#8221;20&#8243;][vc_column_inner width=&#8221;1\/2&#8243;][vc_column_text]<\/p>\n<h2 style=\"text-align: left;\"><strong>L&#8217;importance d&#8217;une Due Diligence sp\u00e9cialis\u00e9e en Pharma et Biotech<\/strong><\/h2>\n<p style=\"text-align: justify;\">Chaque acquisition dans le secteur pharmaceutique et biotechnologique repr\u00e9sente une opportunit\u00e9 de croissance strat\u00e9gique, mais aussi un risque consid\u00e9rable si elle n&#8217;est pas correctement \u00e9valu\u00e9e. Dans cet environnement hautement r\u00e9glement\u00e9 et complexe, la valeur r\u00e9elle d&#8217;une entreprise cible d\u00e9pend autant de la solidit\u00e9 de ses op\u00e9rations industrielles et de son syst\u00e8me qualit\u00e9 que de ses performances financi\u00e8res. Une approche g\u00e9n\u00e9raliste ne suffit pas : la Due Diligence doit \u00eatre sp\u00e9cialis\u00e9e, rigoureuse et parfaitement adapt\u00e9e aux sp\u00e9cificit\u00e9s du secteur.<\/p>\n<p style=\"text-align: justify;\">OSICS Network propose une Due Diligence con\u00e7ue pour r\u00e9pondre \u00e0 ces exigences \u00e9lev\u00e9es. Notre r\u00e9seau de plus de 120 consultants seniors, compos\u00e9 d&#8217;anciens dirigeants op\u00e9rationnels et experts sectoriels, apporte une vision holistique permettant d&#8217;anticiper \u00e0 la fois les risques industriels critiques, les \u00e9carts de conformit\u00e9 potentiels et les opportunit\u00e9s de cr\u00e9ation de valeur. Notre approche ne se limite pas \u00e0 l&#8217;\u00e9valuation d&#8217;\u00e9l\u00e9ments visibles : nous nous engageons \u00e0 comprendre les dynamiques profondes qui conditionneront la r\u00e9ussite de l&#8217;int\u00e9gration et la mont\u00e9e en valeur de l&#8217;actif. Gr\u00e2ce \u00e0 cette expertise int\u00e9gr\u00e9e, nos clients Private Equity prennent des d\u00e9cisions plus s\u00fbres et mieux align\u00e9es avec leurs objectifs de performance \u00e0 moyen et long terme.<\/p>\n<p>[\/vc_column_text][\/vc_column_inner][vc_column_inner width=&#8221;1\/2&#8243;][vc_single_image image=&#8221;11871&#8243; img_size=&#8221;full&#8221; alignment=&#8221;center&#8221;][\/vc_column_inner][\/vc_row_inner][stm_spacing lg_spacing=&#8221;30&#8243; md_spacing=&#8221;30&#8243; sm_spacing=&#8221;18&#8243; xs_spacing=&#8221;12&#8243;][\/vc_column][\/vc_row][vc_row full_width=&#8221;stretch_row&#8221; el_class=&#8221;overlay_2 fixed_bg&#8221; css=&#8221;.vc_custom_1699045151995{padding-top: 40px !important;padding-bottom: 40px !important;background-color: #4a5e72 !important;background-position: center !important;background-repeat: no-repeat !important;background-size: cover !important;}&#8221;][vc_column][vc_custom_heading text=&#8221;Sans les bonnes ressources humaines d\u00e9velopp\u00e9es, engag\u00e9es et habilit\u00e9es \u00e0 fournir la transformation de la performance, il y a une valeur et un impact limit\u00e9s \u00e0 moyen et long terme. <mark>C&#8217;est au c\u0153ur de tous les succ\u00e8s durables.<\/mark>&#8221; font_container=&#8221;tag:div|font_size:22px|text_align:center|color:%23ffffff|line_height:34px&#8221; google_fonts=&#8221;font_family:Poppins%3A300%2Cregular%2C500%2C600%2C700|font_style:700%20bold%3A700%3Anormal&#8221;][\/vc_column][\/vc_row][vc_row css=&#8221;.vc_custom_1697673867348{padding-top: 100px !important;padding-bottom: 80px !important;background-color: #ffffff !important;}&#8221;][vc_column][vc_row_inner content_placement=&#8221;middle&#8221; gap=&#8221;20&#8243;][vc_column_inner width=&#8221;1\/2&#8243;][vc_column_text]<\/p>\n<h3 style=\"text-align: left;\"><strong>Notre approche compl\u00e8te pour s\u00e9curiser vos acquisitions<\/strong><\/h3>\n<p style=\"text-align: justify;\">La Due Diligence Pharma men\u00e9e par OSICS repose sur une m\u00e9thodologie robuste, alliant rigueur analytique, benchmarks sectoriels et exp\u00e9rience terrain. D\u00e8s la phase d\u2019audit, nous mobilisons des experts capables de dresser un diagnostic complet de l\u2019\u00e9tat op\u00e9rationnel de l\u2019actif, en \u00e9valuant aussi bien les infrastructures industrielles et les technologies en place que la maturit\u00e9 du syst\u00e8me qualit\u00e9 et la r\u00e9silience de la cha\u00eene d&#8217;approvisionnement.<\/p>\n<p style=\"text-align: justify;\">Chaque site est audit\u00e9 sur sa capacit\u00e9 de production, son respect des bonnes pratiques de fabrication (GMP), sa gestion des risques qualit\u00e9 et sa pr\u00e9paration aux inspections r\u00e9glementaires. Nous analysons \u00e9galement la robustesse de l&#8217;organisation, la solidit\u00e9 du middle management, et la capacit\u00e9 de l\u2019entreprise \u00e0 soutenir un plan de transformation ou de croissance. Ces \u00e9l\u00e9ments sont ensuite crois\u00e9s avec des benchmarks de performance issus de notre r\u00e9seau international, permettant de positionner objectivement l\u2019actif par rapport aux standards du march\u00e9. Cette approche garantit aux investisseurs une \u00e9valuation pr\u00e9cise non seulement de l\u2019\u00e9tat actuel, mais aussi du potentiel futur de l\u2019entreprise cibl\u00e9e.<\/p>\n<p style=\"text-align: justify;\">Au-del\u00e0 des donn\u00e9es brutes, notre analyse int\u00e8gre syst\u00e9matiquement l&#8217;impact op\u00e9rationnel et financier de chaque constat. Chaque risque identifi\u00e9 est mis en perspective avec ses cons\u00e9quences potentielles sur la rentabilit\u00e9, la valorisation future, et le calendrier de retour sur investissement envisag\u00e9. Cette capacit\u00e9 \u00e0 transformer l&#8217;information op\u00e9rationnelle en insights financiers exploitables constitue un avantage d\u00e9cisif pour nos clients.<\/p>\n<p>[\/vc_column_text][\/vc_column_inner][vc_column_inner width=&#8221;1\/2&#8243; css=&#8221;.vc_custom_1698598658443{padding-top: 50px !important;padding-right: 50px !important;padding-bottom: 50px !important;padding-left: 50px !important;background-color: #f9f9f9 !important;}&#8221;][vc_column_text]<\/p>\n<h3 style=\"text-align: left;\"><strong>Identification des risques strat\u00e9giques et plans d&#8217;action actionnables<\/strong><\/h3>\n<p style=\"text-align: justify;\">Dans un projet d\u2019acquisition, l&#8217;identification et l&#8217;\u00e9valuation fine des risques sp\u00e9cifiques au secteur pharma\/biotech est d\u00e9terminante pour s\u00e9curiser l&#8217;investissement. OSICS Network utilise une matrice avanc\u00e9e de scoring des risques, permettant de classifier m\u00e9thodiquement chaque menace selon sa gravit\u00e9, sa probabilit\u00e9 d&#8217;occurrence et son impact sur la performance future de l&#8217;actif.<\/p>\n<p style=\"text-align: justify;\">Les risques r\u00e9glementaires sont scrut\u00e9s avec une attention particuli\u00e8re : historique d&#8217;inspections, conformit\u00e9 aux standards internationaux, risques de non-conformit\u00e9 cach\u00e9s ou imminents. De m\u00eame, les risques industriels (processus non robustes, infrastructures vieillissantes, taux de rebut \u00e9lev\u00e9s) et organisationnels (fragilit\u00e9s dans la gouvernance, d\u00e9pendance excessive \u00e0 des talents cl\u00e9s, r\u00e9sistance au changement) sont syst\u00e9matiquement cartographi\u00e9s.<\/p>\n<p style=\"text-align: justify;\">Face \u00e0 chaque risque identifi\u00e9, OSICS propose des plans d&#8217;action concrets et hi\u00e9rarchis\u00e9s. Ces plans pr\u00e9cisent les leviers correctifs, estiment les investissements n\u00e9cessaires, et anticipent les d\u00e9lais de rem\u00e9diation. Notre approche pragmatique vise \u00e0 \u00e9quiper nos clients Private Equity d&#8217;un v\u00e9ritable <strong>outil d&#8217;aide \u00e0 la d\u00e9cision<\/strong> : au moment de finaliser leur acquisition, ils disposent d\u2019une vision claire des risques r\u00e9siduels, des actions \u00e0 planifier, et des impacts budg\u00e9taires associ\u00e9s. Cette capacit\u00e9 d&#8217;anticipation renforce consid\u00e9rablement leur position lors des n\u00e9gociations finales et dans la pr\u00e9paration du plan d\u2019int\u00e9gration post-acquisition.<\/p>\n<p>[\/vc_column_text][\/vc_column_inner][\/vc_row_inner][stm_spacing lg_spacing=&#8221;30&#8243; md_spacing=&#8221;30&#8243; sm_spacing=&#8221;18&#8243; xs_spacing=&#8221;12&#8243;][\/vc_column][\/vc_row][vc_row css=&#8221;.vc_custom_1749148269472{padding-top: 60px !important;padding-bottom: 100px !important;background-color: #ffffff !important;}&#8221;][vc_column][vc_row_inner content_placement=&#8221;middle&#8221; gap=&#8221;20&#8243;][vc_column_inner width=&#8221;1\/2&#8243;][vc_single_image image=&#8221;11873&#8243; img_size=&#8221;full&#8221; alignment=&#8221;center&#8221;][\/vc_column_inner][vc_column_inner width=&#8221;1\/2&#8243;][vc_column_text]<\/p>\n<h2 style=\"text-align: left;\"><strong>Maximiser la valeur par une Due Diligence orient\u00e9e impact post-acquisition<\/strong><\/h2>\n<p style=\"text-align: justify;\">Chez OSICS , la Due Diligence Pharma n&#8217;est pas une fin en soi, mais un tremplin pour b\u00e2tir une strat\u00e9gie de cr\u00e9ation de valeur post-acquisition. Notre approche int\u00e8gre syst\u00e9matiquement une r\u00e9flexion sur les Value Drivers et sur les plans de transformation rapide (TIP \u2013 Transformation &amp; Integration Plan) \u00e0 mettre en \u0153uvre d\u00e8s l&#8217;int\u00e9gration de l\u2019actif.<\/p>\n<p style=\"text-align: justify;\">En r\u00e9v\u00e9lant non seulement les menaces mais aussi les opportunit\u00e9s d\u2019am\u00e9lioration rapide, nous permettons \u00e0 nos clients de pr\u00e9parer imm\u00e9diatement les premi\u00e8res initiatives \u00e0 fort impact : optimisation des lignes de production, rationalisation de la supply chain, renforcement des capacit\u00e9s qualit\u00e9, ou r\u00e9organisation des \u00e9quipes cl\u00e9s. Ce positionnement proactif est essentiel dans le contexte Pharma\/Biotech, o\u00f9 la dynamique post-acquisition influence fortement la valorisation future.<\/p>\n<p style=\"text-align: justify;\">Nos analyses d\u00e9bouchent souvent sur des recommandations pr\u00e9cises pour acc\u00e9l\u00e9rer la mont\u00e9e en performance : priorisation des CAPEX, d\u00e9ploiement de meilleures pratiques industrielles, consolidation fonctionnelle entre sites existants et nouveaux actifs. L\u2019objectif est clair : s\u00e9curiser et maximiser rapidement la valeur de l\u2019investissement, tout en posant les fondations pour une croissance durable et rentable.<\/p>\n<p>[\/vc_column_text][\/vc_column_inner][\/vc_row_inner][stm_spacing lg_spacing=&#8221;30&#8243; md_spacing=&#8221;30&#8243; sm_spacing=&#8221;18&#8243; xs_spacing=&#8221;12&#8243;][\/vc_column][\/vc_row][vc_row full_width=&#8221;stretch_row&#8221; equal_height=&#8221;yes&#8221; css=&#8221;.vc_custom_1697673685291{background-color: #f4f4f4 !important;}&#8221;][vc_column width=&#8221;1\/2&#8243; css=&#8221;.vc_custom_1553422640194{padding-right: 15px !important;}&#8221;][stm_spacing lg_spacing=&#8221;85&#8243; md_spacing=&#8221;85&#8243; sm_spacing=&#8221;70&#8243; xs_spacing=&#8221;70&#8243;][vc_custom_heading stripe_pos=&#8221;hide&#8221; text=&#8221;Vous cherchez \u00e0 mieux cadrer vos enjeux strat\u00e9giques ?<br \/>\n&#8221; font_container=&#8221;tag:h2|text_align:left|color:%23658a1d&#8221; use_theme_fonts=&#8221;yes&#8221;][stm_spacing lg_spacing=&#8221;6&#8243; md_spacing=&#8221;6&#8243; sm_spacing=&#8221;6&#8243; xs_spacing=&#8221;6&#8243;][vc_column_text css=&#8221;.vc_custom_1749148455381{padding-right: 20px !important;padding-left: 0px !important;}&#8221;]Chez OSICS, chaque mission de conseil s\u2019appuie sur une compr\u00e9hension fine de vos objectifs d\u2019affaires, de votre secteur et de votre r\u00e9alit\u00e9 op\u00e9rationnelle. Notre approche sur mesure aide les organisations \u00e0 prendre les bonnes d\u00e9cisions, au bon moment, avec les bons partenaires.[\/vc_column_text][vc_column_text]<\/p>\n<ul>\n<li><a href=\"https:\/\/osicsnetwork.com\/fr\/contextes-et-defis\/\">D\u00e9fis d&#8217;entreprise<\/a><\/li>\n<li><a href=\"https:\/\/osicsnetwork.com\/fr\/objectifs-projets\/\">Objectifs et buts d&#8217;entreprise<\/a><\/li>\n<li><a href=\"https:\/\/osicsnetwork.com\/fr\/ressources\/\">Experts et consultants ind\u00e9pendants<\/a><\/li>\n<li><a href=\"https:\/\/osicsnetwork.com\/fr\/services\/\">Services OSICS<\/a><\/li>\n<\/ul>\n<p>[\/vc_column_text][stm_spacing lg_spacing=&#8221;80&#8243; md_spacing=&#8221;80&#8243; sm_spacing=&#8221;60&#8243; xs_spacing=&#8221;60&#8243;][\/vc_column][vc_column stretch=&#8221;right&#8221; width=&#8221;1\/2&#8243; css=&#8221;.vc_custom_1699045242763{background-image: url(https:\/\/osicsnetwork.com\/wp-content\/uploads\/2023\/11\/shutterstock_313766822BIS.jpg?id=8012) !important;background-position: center !important;background-repeat: no-repeat !important;background-size: cover !important;}&#8221; offset=&#8221;vc_hidden-xs&#8221;][\/vc_column][\/vc_row][vc_row css=&#8221;.vc_custom_1698507176982{padding-top: 120px !important;padding-bottom: 60px !important;background-color: #ffffff !important;}&#8221;][vc_column][vc_custom_heading text=&#8221;Pourquoi choisir OSICS Network pour vos Due Diligences Pharma et Biotech ?&#8221; font_container=&#8221;tag:h2|text_align:center|color:%23658a1d&#8221; use_theme_fonts=&#8221;yes&#8221;][stm_spacing lg_spacing=&#8221;30&#8243; md_spacing=&#8221;30&#8243; sm_spacing=&#8221;18&#8243; xs_spacing=&#8221;12&#8243;][vc_row_inner content_placement=&#8221;middle&#8221; gap=&#8221;20&#8243;][vc_column_inner width=&#8221;1\/2&#8243;][vc_single_image image=&#8221;11875&#8243; img_size=&#8221;full&#8221; alignment=&#8221;center&#8221;][\/vc_column_inner][vc_column_inner width=&#8221;1\/2&#8243;][vc_column_text]<\/p>\n<h2 style=\"text-align: left;\"><\/h2>\n<p style=\"text-align: justify;\">Choisir OSICS, c\u2019est s\u2019entourer d\u2019un partenaire disposant d\u2019une expertise op\u00e9rationnelle r\u00e9elle, \u00e9prouv\u00e9e sur le terrain, et directement transposable aux enjeux des Private Equity dans la Pharma et la Biotech. Nos consultants ne sont pas de simples analystes : ce sont des anciens dirigeants industriels, responsables qualit\u00e9, directeurs de production, qui comprennent en profondeur les r\u00e9alit\u00e9s complexes des environnements pharmaceutiques.<\/p>\n<blockquote>\n<p style=\"text-align: justify;\">Nous apportons \u00e0 nos clients une valeur ajout\u00e9e imm\u00e9diate : capacit\u00e9 d&#8217;audit rapide, analyse factuelle, recommandations actionnables et align\u00e9es avec les objectifs d&#8217;optimisation de valeur.<\/p>\n<\/blockquote>\n<p style=\"text-align: justify;\">Notre r\u00e9seau mondial nous permet d\u2019acc\u00e9der \u00e0 des comparables sectoriels et \u00e0 des benchmarks performants, assurant \u00e0 chaque mission une profondeur d\u2019analyse rare. Nos m\u00e9thodologies, int\u00e9grant Risk Scoring, Value Opportunity Mapping et sc\u00e9narios de transformation post-acquisition, garantissent une s\u00e9curisation maximale du processus d\u2019investissement.<\/p>\n<p style=\"text-align: justify;\">Faire confiance \u00e0 OSICS pour votre Due Diligence Pharma, c&#8217;est faire le choix d&#8217;une approche orient\u00e9e r\u00e9sultats, o\u00f9 chaque action vise \u00e0 prot\u00e9ger votre capital investi et \u00e0 acc\u00e9l\u00e9rer la g\u00e9n\u00e9ration de valeur.<\/p>\n<p>[\/vc_column_text][vc_btn title=&#8221;Prendre rendez-vous&#8221; style=&#8221;custom&#8221; custom_background=&#8221;#658c1c&#8221; custom_text=&#8221;#ffffff&#8221; shape=&#8221;square&#8221; size=&#8221;sm&#8221; link=&#8221;url:https%3A%2F%2Fosicsnetwork.com%2Ffr%2Fcontact%2F&#8221;][\/vc_column_inner][\/vc_row_inner][stm_spacing lg_spacing=&#8221;30&#8243; md_spacing=&#8221;30&#8243; sm_spacing=&#8221;18&#8243; xs_spacing=&#8221;12&#8243;][\/vc_column][\/vc_row][vc_row full_width=&#8221;stretch_row&#8221; css=&#8221;.vc_custom_1699045283888{margin-bottom: -60px !important;background-image: url(https:\/\/osicsnetwork.com\/wp-content\/uploads\/2023\/11\/shutterstock_1931518415BIS.jpg?id=8007) !important;background-position: center !important;background-repeat: no-repeat !important;background-size: cover !important;}&#8221; el_class=&#8221;overlay_4 fixed_bg&#8221;][vc_column][stm_spacing lg_spacing=&#8221;75&#8243; md_spacing=&#8221;75&#8243; sm_spacing=&#8221;60&#8243; xs_spacing=&#8221;60&#8243;][vc_custom_heading stripe_pos=&#8221;hide&#8221; text=&#8221;LE R\u00c9SEAU OSICS&#8221; font_container=&#8221;tag:h2|text_align:center|color:%23ffffff|line_height:64px&#8221; use_theme_fonts=&#8221;yes&#8221; subtitle=&#8221;LES EXPERTS EN TRANSFORMATION DE LA PERFORMANCE OP\u00c9RATIONNELLE.&#8221; stripe_hide=&#8221;yes&#8221; subtitle_color=&#8221;#ffffff&#8221;][stm_spacing lg_spacing=&#8221;67&#8243; md_spacing=&#8221;67&#8243; sm_spacing=&#8221;60&#8243; xs_spacing=&#8221;60&#8243;][\/vc_column][\/vc_row]<\/p>\n<\/div>","protected":false},"excerpt":{"rendered":"<p>[vc_row css=&#8221;.vc_custom_1697673798322{padding-top: 80px !important;padding-bottom: 80px !important;background-color: #ffffff !important;}&#8221;][vc_column][vc_custom_heading text=&#8221;Due Diligence Pharma : S\u00e9curisez vos Investissements avec OSICS Network&#8221; font_container=&#8221;tag:h1|text_align:center|color:%23658a1d&#8221; use_theme_fonts=&#8221;yes&#8221; subtitle=&#8221;LE R\u00c9SEAU OSICS&#8221;][stm_spacing lg_spacing=&#8221;30&#8243; md_spacing=&#8221;30&#8243; sm_spacing=&#8221;18&#8243; xs_spacing=&#8221;12&#8243;][vc_row_inner content_placement=&#8221;middle&#8221; gap=&#8221;20&#8243;][vc_column_inner width=&#8221;1\/2&#8243;][vc_column_text] L&#8217;importance d&#8217;une Due Diligence sp\u00e9cialis\u00e9e en Pharma et Biotech Chaque acquisition dans le secteur pharmaceutique et biotechnologique repr\u00e9sente une opportunit\u00e9 de croissance strat\u00e9gique, mais aussi<\/p>\n","protected":false},"author":1,"featured_media":11871,"parent":11866,"menu_order":0,"comment_status":"closed","ping_status":"closed","template":"","meta":{"footnotes":""},"class_list":["post-11868","page","type-page","status-publish","has-post-thumbnail","hentry"],"yoast_head":"<!-- This site is optimized with the Yoast SEO plugin v27.1.1 - https:\/\/yoast.com\/product\/yoast-seo-wordpress\/ -->\n<title>Due Diligence Pharma : \u00c9valuation Strat\u00e9gique et Optimisation M&amp;A | OSICS Network<\/title>\n<meta name=\"description\" content=\"Confiez votre Due Diligence Pharma \u00e0 OSICS Network : \u00e9valuation compl\u00e8te des risques industriels, r\u00e9glementaires et op\u00e9rationnels pour s\u00e9curiser vos acquisitions M&amp;A.\" \/>\n<meta name=\"robots\" content=\"index, follow, max-snippet:-1, max-image-preview:large, max-video-preview:-1\" \/>\n<link rel=\"canonical\" href=\"https:\/\/osicsnetwork.com\/fr\/private-equity-pharma\/due-diligence-pharma\/\" \/>\n<meta property=\"og:locale\" content=\"fr_FR\" \/>\n<meta property=\"og:type\" content=\"article\" \/>\n<meta property=\"og:title\" content=\"Due Diligence Pharma : \u00c9valuation Strat\u00e9gique et Optimisation M&amp;A | OSICS Network\" \/>\n<meta property=\"og:description\" content=\"Confiez votre Due Diligence Pharma \u00e0 OSICS Network : \u00e9valuation compl\u00e8te des risques industriels, r\u00e9glementaires et op\u00e9rationnels pour s\u00e9curiser vos acquisitions M&amp;A.\" \/>\n<meta property=\"og:url\" content=\"https:\/\/osicsnetwork.com\/fr\/private-equity-pharma\/due-diligence-pharma\/\" \/>\n<meta property=\"og:site_name\" content=\"Osicsnetwork.com\" \/>\n<meta property=\"article:modified_time\" content=\"2025-06-06T14:28:43+00:00\" \/>\n<meta property=\"og:image\" content=\"https:\/\/osicsnetwork.com\/wp-content\/uploads\/2025\/06\/Due1.webp\" \/>\n\t<meta property=\"og:image:width\" content=\"928\" \/>\n\t<meta property=\"og:image:height\" content=\"1232\" \/>\n\t<meta property=\"og:image:type\" content=\"image\/png\" \/>\n<meta name=\"twitter:card\" content=\"summary_large_image\" \/>\n<meta name=\"twitter:label1\" content=\"Dur\u00e9e de lecture estim\u00e9e\" \/>\n\t<meta name=\"twitter:data1\" content=\"6 minutes\" \/>\n<!-- \/ Yoast SEO plugin. -->","yoast_head_json":{"title":"Due Diligence Pharma : \u00c9valuation Strat\u00e9gique et Optimisation M&A | OSICS Network","description":"Confiez votre Due Diligence Pharma \u00e0 OSICS Network : \u00e9valuation compl\u00e8te des risques industriels, r\u00e9glementaires et op\u00e9rationnels pour s\u00e9curiser vos acquisitions M&A.","robots":{"index":"index","follow":"follow","max-snippet":"max-snippet:-1","max-image-preview":"max-image-preview:large","max-video-preview":"max-video-preview:-1"},"canonical":"https:\/\/osicsnetwork.com\/fr\/private-equity-pharma\/due-diligence-pharma\/","og_locale":"fr_FR","og_type":"article","og_title":"Due Diligence Pharma : \u00c9valuation Strat\u00e9gique et Optimisation M&A | OSICS Network","og_description":"Confiez votre Due Diligence Pharma \u00e0 OSICS Network : \u00e9valuation compl\u00e8te des risques industriels, r\u00e9glementaires et op\u00e9rationnels pour s\u00e9curiser vos acquisitions M&A.","og_url":"https:\/\/osicsnetwork.com\/fr\/private-equity-pharma\/due-diligence-pharma\/","og_site_name":"Osicsnetwork.com","article_modified_time":"2025-06-06T14:28:43+00:00","og_image":[{"width":928,"height":1232,"url":"https:\/\/osicsnetwork.com\/wp-content\/uploads\/2025\/06\/Due1.webp","type":"image\/png"}],"twitter_card":"summary_large_image","twitter_misc":{"Dur\u00e9e de lecture estim\u00e9e":"6 minutes"},"schema":{"@context":"https:\/\/schema.org","@graph":[{"@type":"WebPage","@id":"https:\/\/osicsnetwork.com\/fr\/private-equity-pharma\/due-diligence-pharma\/","url":"https:\/\/osicsnetwork.com\/fr\/private-equity-pharma\/due-diligence-pharma\/","name":"Due Diligence Pharma : \u00c9valuation Strat\u00e9gique et Optimisation M&A | OSICS Network","isPartOf":{"@id":"https:\/\/osicsnetwork.com\/fr\/#website"},"primaryImageOfPage":{"@id":"https:\/\/osicsnetwork.com\/fr\/private-equity-pharma\/due-diligence-pharma\/#primaryimage"},"image":{"@id":"https:\/\/osicsnetwork.com\/fr\/private-equity-pharma\/due-diligence-pharma\/#primaryimage"},"thumbnailUrl":"https:\/\/osicsnetwork.com\/wp-content\/uploads\/2025\/06\/Due1.webp","datePublished":"2025-06-05T16:34:46+00:00","dateModified":"2025-06-06T14:28:43+00:00","description":"Confiez votre Due Diligence Pharma \u00e0 OSICS Network : \u00e9valuation compl\u00e8te des risques industriels, r\u00e9glementaires et op\u00e9rationnels pour s\u00e9curiser vos acquisitions M&A.","breadcrumb":{"@id":"https:\/\/osicsnetwork.com\/fr\/private-equity-pharma\/due-diligence-pharma\/#breadcrumb"},"inLanguage":"fr-FR","potentialAction":[{"@type":"ReadAction","target":["https:\/\/osicsnetwork.com\/fr\/private-equity-pharma\/due-diligence-pharma\/"]}]},{"@type":"ImageObject","inLanguage":"fr-FR","@id":"https:\/\/osicsnetwork.com\/fr\/private-equity-pharma\/due-diligence-pharma\/#primaryimage","url":"https:\/\/osicsnetwork.com\/wp-content\/uploads\/2025\/06\/Due1.webp","contentUrl":"https:\/\/osicsnetwork.com\/wp-content\/uploads\/2025\/06\/Due1.webp","width":928,"height":1232},{"@type":"BreadcrumbList","@id":"https:\/\/osicsnetwork.com\/fr\/private-equity-pharma\/due-diligence-pharma\/#breadcrumb","itemListElement":[{"@type":"ListItem","position":1,"name":"Home","item":"https:\/\/osicsnetwork.com\/fr\/"},{"@type":"ListItem","position":2,"name":"Private Equity &#038; Pharma","item":"https:\/\/osicsnetwork.com\/fr\/private-equity-pharma\/"},{"@type":"ListItem","position":3,"name":"Due Diligence Pharma : S\u00e9curisez vos Investissements avec OSICS Network"}]},{"@type":"WebSite","@id":"https:\/\/osicsnetwork.com\/fr\/#website","url":"https:\/\/osicsnetwork.com\/fr\/","name":"Osicsnetwork.com","description":"Consulting firm","publisher":{"@id":"https:\/\/osicsnetwork.com\/fr\/#organization"},"alternateName":"Osics Network","potentialAction":[{"@type":"SearchAction","target":{"@type":"EntryPoint","urlTemplate":"https:\/\/osicsnetwork.com\/fr\/?s={search_term_string}"},"query-input":{"@type":"PropertyValueSpecification","valueRequired":true,"valueName":"search_term_string"}}],"inLanguage":"fr-FR"},{"@type":"Organization","@id":"https:\/\/osicsnetwork.com\/fr\/#organization","name":"Osics Network","alternateName":"Osics consulting firm","url":"https:\/\/osicsnetwork.com\/fr\/","logo":{"@type":"ImageObject","inLanguage":"fr-FR","@id":"https:\/\/osicsnetwork.com\/fr\/#\/schema\/logo\/image\/","url":"https:\/\/osicsnetwork.com\/wp-content\/uploads\/2023\/09\/IMG_E0240-1.jpg","contentUrl":"https:\/\/osicsnetwork.com\/wp-content\/uploads\/2023\/09\/IMG_E0240-1.jpg","width":1040,"height":532,"caption":"Osics Network"},"image":{"@id":"https:\/\/osicsnetwork.com\/fr\/#\/schema\/logo\/image\/"}}]}},"_links":{"self":[{"href":"https:\/\/osicsnetwork.com\/fr\/wp-json\/wp\/v2\/pages\/11868","targetHints":{"allow":["GET"]}}],"collection":[{"href":"https:\/\/osicsnetwork.com\/fr\/wp-json\/wp\/v2\/pages"}],"about":[{"href":"https:\/\/osicsnetwork.com\/fr\/wp-json\/wp\/v2\/types\/page"}],"author":[{"embeddable":true,"href":"https:\/\/osicsnetwork.com\/fr\/wp-json\/wp\/v2\/users\/1"}],"replies":[{"embeddable":true,"href":"https:\/\/osicsnetwork.com\/fr\/wp-json\/wp\/v2\/comments?post=11868"}],"version-history":[{"count":0,"href":"https:\/\/osicsnetwork.com\/fr\/wp-json\/wp\/v2\/pages\/11868\/revisions"}],"up":[{"embeddable":true,"href":"https:\/\/osicsnetwork.com\/fr\/wp-json\/wp\/v2\/pages\/11866"}],"wp:featuredmedia":[{"embeddable":true,"href":"https:\/\/osicsnetwork.com\/fr\/wp-json\/wp\/v2\/media\/11871"}],"wp:attachment":[{"href":"https:\/\/osicsnetwork.com\/fr\/wp-json\/wp\/v2\/media?parent=11868"}],"curies":[{"name":"wp","href":"https:\/\/api.w.org\/{rel}","templated":true}]}}