{"id":11866,"date":"2025-06-05T16:33:38","date_gmt":"2025-06-05T16:33:38","guid":{"rendered":"https:\/\/osicsnetwork.com\/?page_id=11866"},"modified":"2026-03-17T21:36:58","modified_gmt":"2026-03-17T21:36:58","slug":"private-equity-pharma","status":"publish","type":"page","link":"https:\/\/osicsnetwork.com\/fr\/private-equity-pharma\/","title":{"rendered":"Private Equity &#038; Pharma"},"content":{"rendered":"<div class=\"wpb-content-wrapper\"><p>[vc_row css=&#8221;.vc_custom_1697673798322{padding-top: 80px !important;padding-bottom: 80px !important;background-color: #ffffff !important;}&#8221;][vc_column][vc_custom_heading text=&#8221;Private Equity et pharma : maximisez vos investissements avec OSICS Network&#8221; font_container=&#8221;tag:h1|text_align:center|color:%23658a1d&#8221; use_theme_fonts=&#8221;yes&#8221; subtitle=&#8221;Organisation sana in corporation sano&#8221;][stm_spacing lg_spacing=&#8221;30&#8243; md_spacing=&#8221;30&#8243; sm_spacing=&#8221;18&#8243; xs_spacing=&#8221;12&#8243;][vc_row_inner content_placement=&#8221;middle&#8221; gap=&#8221;20&#8243;][vc_column_inner width=&#8221;1\/2&#8243;][vc_column_text]<\/p>\n<h2 style=\"text-align: left;\"><strong>Cr\u00e9er de la valeur durable dans un environnement pharmaceutique complexe<\/strong><\/h2>\n<p style=\"text-align: justify;\">Investir dans les secteurs pharmaceutique et biotechnologique repr\u00e9sente une opportunit\u00e9 strat\u00e9gique consid\u00e9rable pour les fonds de private equity. Toutefois, la nature m\u00eame de ces industries impose un niveau d\u2019exigence particuli\u00e8rement \u00e9lev\u00e9 \u00e0 chaque \u00e9tape du cycle d\u2019investissement. Contraintes r\u00e9glementaires strictes, sophistication des processus industriels, d\u00e9pendance aux cha\u00eenes d\u2019approvisionnement critiques, exigences qualit\u00e9 intransigeantes, paris sur des technologies et mol\u00e9cules : autant de facteurs qui complexifient l\u2019\u00e9valuation et la transformation des actifs dans ces secteurs.<\/p>\n<p style=\"text-align: justify;\">Dans ce contexte, les fonds d&#8217;investissement doivent pouvoir s&#8217;appuyer sur des partenaires capables d&#8217;apporter bien plus qu&#8217;un regard financier ou strat\u00e9gique th\u00e9orique. Ils ont besoin d&#8217;experts capables d\u2019anticiper les risques sp\u00e9cifiques, de diagnostiquer la solidit\u00e9 op\u00e9rationnelle des actifs, d\u2019identifier des opportunit\u00e9s de cr\u00e9ation de valeur tangibles, et surtout de s\u00e9curiser l\u2019ex\u00e9cution des plans de transformation post-acquisition.<\/p>\n<p style=\"text-align: justify;\">C\u2019est pr\u00e9cis\u00e9ment ce qu\u2019offre le r\u00e9seau OSICS. Forts d\u2019une expertise op\u00e9rationnelle de haut niveau dans la pharma et la biotech, nous intervenons en amont, pendant et apr\u00e8s l\u2019acquisition pour transformer les opportunit\u00e9s identifi\u00e9es en r\u00e9sultats mesurables. Notre accompagnement s\u2019adresse aux investisseurs qui recherchent des leviers concrets pour maximiser la rentabilit\u00e9 de leurs acquisitions tout en ma\u00eetrisant les risques inh\u00e9rents \u00e0 ces environnements complexes.<\/p>\n<p>[\/vc_column_text][\/vc_column_inner][vc_column_inner width=&#8221;1\/2&#8243;][vc_single_image image=&#8221;11919&#8243; img_size=&#8221;full&#8221; alignment=&#8221;center&#8221;][\/vc_column_inner][\/vc_row_inner][stm_spacing lg_spacing=&#8221;30&#8243; md_spacing=&#8221;30&#8243; sm_spacing=&#8221;18&#8243; xs_spacing=&#8221;12&#8243;][\/vc_column][\/vc_row][vc_row full_width=&#8221;stretch_row&#8221; el_class=&#8221;overlay_2 fixed_bg&#8221; css=&#8221;.vc_custom_1698969326519{padding-top: 40px !important;padding-bottom: 40px !important;background-color: #4a5e72 !important;background-position: center !important;background-repeat: no-repeat !important;background-size: cover !important;}&#8221;][vc_column][vc_custom_heading text=&#8221;Dans les secteurs pharma et biotech, la cr\u00e9ation de valeur ne s\u2019improvise pas. Elle se construit, pas \u00e0 pas, par l\u2019ex\u00e9cution rigoureuse.<br \/>\n<mark>C\u2019est l\u2019expertise op\u00e9rationnelle qui transforme le potentiel en performance.<\/mark>&#8221; font_container=&#8221;tag:div|font_size:22px|text_align:center|color:%23ffffff|line_height:34px&#8221; google_fonts=&#8221;font_family:Poppins%3A300%2Cregular%2C500%2C600%2C700|font_style:700%20bold%3A700%3Anormal&#8221;][\/vc_column][\/vc_row][vc_row full_width=&#8221;stretch_row&#8221; css=&#8221;.vc_custom_1698534939024{padding-top: 100px !important;padding-bottom: 80px !important;}&#8221;][vc_column][vc_row_inner content_placement=&#8221;middle&#8221; gap=&#8221;20&#8243;][vc_column_inner][vc_column_text]<\/p>\n<h3 style=\"text-align: justify;\"><strong>Un accompagnement complet sur l\u2019ensemble du cycle d\u2019investissement<\/strong><\/h3>\n<p style=\"text-align: justify;\">R\u00e9ussir un investissement dans la pharma ou la biotech exige une intervention sur l\u2019ensemble du cycle de vie du projet, de la phase d\u2019\u00e9valuation initiale \u00e0 la phase d\u2019optimisation industrielle et de pilotage post-acquisition. Chaque \u00e9tape pr\u00e9sente ses propres d\u00e9fis, ses propres risques, mais aussi ses propres opportunit\u00e9s de cr\u00e9ation de valeur.<\/p>\n<p style=\"text-align: justify;\">Chez OSICS Network, nous avons structur\u00e9 notre approche autour de <strong>quatre piliers strat\u00e9giques<\/strong>, chacun correspondant \u00e0 une phase critique du processus d&#8217;investissement et d&#8217;int\u00e9gration :<\/p>\n<p>[\/vc_column_text][\/vc_column_inner][\/vc_row_inner][vc_row_inner content_placement=&#8221;top&#8221; gap=&#8221;20&#8243;][vc_column_inner width=&#8221;1\/2&#8243;][vc_column_text]<\/p>\n<h3><strong>Due diligence pharma : s\u00e9curisez vos investissements<\/strong> :<\/h3>\n<p style=\"text-align: justify;\">Nous r\u00e9alisons une \u00e9valuation exhaustive des op\u00e9rations manufacturi\u00e8res et technologies associ\u00e9es, de la cha\u00eene d\u2019approvisionnement, de la qualit\u00e9 et de la gouvernance avant acquisition. Notre objectif est d&#8217;identifier les risques critiques, d&#8217;\u00e9valuer les co\u00fbts d&#8217;alignement n\u00e9cessaires, et de r\u00e9v\u00e9ler les leviers d&#8217;am\u00e9lioration disponibles, afin de fournir une vision claire et prioris\u00e9e des forces et faiblesses de l\u2019actif cibl\u00e9.<\/p>\n<p>[\/vc_column_text][vc_btn title=&#8221;En savoir plus&#8221; style=&#8221;custom&#8221; custom_background=&#8221;#658c1c&#8221; custom_text=&#8221;#ffffff&#8221; shape=&#8221;square&#8221; size=&#8221;sm&#8221; link=&#8221;url:https%3A%2F%2Fosicsnetwork.com%2Ffr%2Fprivate-equity-pharma%2Fdue-diligence-pharma%2F&#8221;][vc_separator][vc_column_text]<\/p>\n<h3><strong>Post-acquisition et transformation : maximisez la valeur de vos actifs<\/strong> :<\/h3>\n<p style=\"text-align: justify;\">Une fois l\u2019acquisition finalis\u00e9e, nous \u00e9laborons des plans de transformation pragmatiques (TIP &#8211; Transformation &amp; Integration Plan) pour activer les leviers de cr\u00e9ation de valeur identifi\u00e9s, restructurer les processus critiques, et acc\u00e9l\u00e9rer la mont\u00e9e en performance de l&#8217;actif.<\/p>\n<p>[\/vc_column_text][vc_btn title=&#8221;En savoir plus&#8221; style=&#8221;custom&#8221; custom_background=&#8221;#658c1c&#8221; custom_text=&#8221;#ffffff&#8221; shape=&#8221;square&#8221; size=&#8221;sm&#8221; link=&#8221;url:https%3A%2F%2Fosicsnetwork.com%2Ffr%2Fprivate-equity-pharma%2Fpost-acquisition-transformation%2F&#8221;][\/vc_column_inner][vc_column_inner width=&#8221;1\/2&#8243;][vc_column_text]<\/p>\n<h3><strong>Optimisation et performance : r\u00e9duction des co\u00fbts et synergies industrielles<\/strong> :<\/h3>\n<p style=\"text-align: justify;\">Nous d\u00e9ployons des strat\u00e9gies cibl\u00e9es pour maximiser la rentabilit\u00e9 des sites industriels : refonte des cha\u00eenes d\u2019approvisionnement, standardisation des op\u00e9rations, agilit\u00e9 des ressources, automatisation des processus, et capture rapide des synergies post-fusion-acquisition.<\/p>\n<p>[\/vc_column_text][vc_btn title=&#8221;En savoir plus&#8221; style=&#8221;custom&#8221; custom_background=&#8221;#658c1c&#8221; custom_text=&#8221;#ffffff&#8221; shape=&#8221;square&#8221; size=&#8221;sm&#8221; link=&#8221;url:https%3A%2F%2Fosicsnetwork.com%2Ffr%2Fprivate-equity-pharma%2Foptimisation-et-performance%2F&#8221;][vc_separator][vc_column_text]<\/p>\n<h3><strong>Pilotage de l&#8217;int\u00e9gration : gouvernance et PMO op\u00e9rationnel<\/strong> :<\/h3>\n<p style=\"text-align: justify;\">Nous assurons la structuration de la gouvernance post-acquisition et le pilotage op\u00e9rationnel de l\u2019int\u00e9gration gr\u00e2ce \u00e0 des PMO sp\u00e9cialis\u00e9s. Notre approche garantit l\u2019ex\u00e9cution rigoureuse des plans de transformation, l\u2019alignement strat\u00e9gique des \u00e9quipes, et la s\u00e9curisation des r\u00e9sultats financiers attendus.<\/p>\n<p>[\/vc_column_text][vc_btn title=&#8221;En savoir plus&#8221; style=&#8221;custom&#8221; custom_background=&#8221;#658c1c&#8221; custom_text=&#8221;#ffffff&#8221; shape=&#8221;square&#8221; size=&#8221;sm&#8221; link=&#8221;url:https%3A%2F%2Fosicsnetwork.com%2Ffr%2Fprivate-equity-pharma%2Fpilotage-de-integration%2F&#8221;][\/vc_column_inner][\/vc_row_inner][stm_spacing lg_spacing=&#8221;30&#8243; md_spacing=&#8221;30&#8243; sm_spacing=&#8221;18&#8243; xs_spacing=&#8221;12&#8243;][\/vc_column][\/vc_row][vc_row full_width=&#8221;stretch_row&#8221; css=&#8221;.vc_custom_1698969300816{background-image: url(https:\/\/osicsnetwork.com\/wp-content\/uploads\/2023\/11\/shutterstock_1931518415BIS.jpg?id=8007) !important;background-position: center !important;background-repeat: no-repeat !important;background-size: cover !important;}&#8221; el_class=&#8221;overlay_4 fixed_bg&#8221;][vc_column][stm_spacing lg_spacing=&#8221;75&#8243; md_spacing=&#8221;75&#8243; sm_spacing=&#8221;60&#8243; xs_spacing=&#8221;60&#8243;][vc_custom_heading stripe_pos=&#8221;hide&#8221; text=&#8221;LE R\u00c9SEAU OSICS&#8221; font_container=&#8221;tag:h2|text_align:center|color:%23ffffff|line_height:64px&#8221; use_theme_fonts=&#8221;yes&#8221; subtitle=&#8221;LES EXPERTS EN TRANSFORMATION DE LA PERFORMANCE DES OP\u00c9RATIONS.&#8221; stripe_hide=&#8221;yes&#8221; subtitle_color=&#8221;#ffffff&#8221;][stm_spacing lg_spacing=&#8221;67&#8243; md_spacing=&#8221;67&#8243; sm_spacing=&#8221;60&#8243; xs_spacing=&#8221;60&#8243;][\/vc_column][\/vc_row][vc_row css=&#8221;.vc_custom_1697673798322{padding-top: 80px !important;padding-bottom: 80px !important;background-color: #ffffff !important;}&#8221;][vc_column][stm_spacing lg_spacing=&#8221;30&#8243; md_spacing=&#8221;30&#8243; sm_spacing=&#8221;18&#8243; xs_spacing=&#8221;12&#8243;][vc_row_inner content_placement=&#8221;middle&#8221; gap=&#8221;20&#8243;][vc_column_inner width=&#8221;1\/2&#8243;][vc_column_text]<\/p>\n<h3 style=\"text-align: left;\"><strong>Notre expertise sectorielle : un facteur cl\u00e9 de s\u00e9curisation et de cr\u00e9ation de valeur<\/strong><\/h3>\n<p style=\"text-align: justify;\">Le positionnement unique d\u2019OSICS repose sur une combinaison rare dans le monde du conseil : <strong>l\u2019expertise industrielle op\u00e9rationnelle<\/strong> alli\u00e9e \u00e0 une compr\u00e9hension strat\u00e9gique des enjeux financiers des fonds de private equity. Nos consultants sont des anciens dirigeants d\u2019usines pharmaceutiques, de d\u00e9partements qualit\u00e9, de cha\u00eenes d&#8217;approvisionnement strat\u00e9giques ou de directions op\u00e9rationnelles globales dans les plus grands groupes pharmaceutiques et biotechnologiques.<\/p>\n<p style=\"text-align: justify;\">Ce v\u00e9cu op\u00e9rationnel nous permet de proposer des diagnostics r\u00e9alistes, fond\u00e9s sur des donn\u00e9es de terrain, et de recommander des actions directement applicables. Notre capacit\u00e9 \u00e0 comprendre les contraintes qualit\u00e9, r\u00e9glementaires, industrielles et humaines sp\u00e9cifiques \u00e0 chaque actif nous permet d\u2019anticiper les risques avant qu&#8217;ils ne se mat\u00e9rialisent et de proposer des solutions adapt\u00e9es aux enjeux r\u00e9els de l&#8217;int\u00e9gration et de l&#8217;optimisation.<\/p>\n<p style=\"text-align: justify;\">Nous accompagnons nos analyses de benchmarks sectoriels pr\u00e9cis, issus de notre r\u00e9seau international, et de comparables de performance industrielle. Chaque mission est ainsi ancr\u00e9e dans une vision r\u00e9aliste et pragmatique des standards de performance attendus dans la pharma et la biotech, \u00e9vitant toute d\u00e9rive th\u00e9orique ou toute sous-estimation des d\u00e9fis op\u00e9rationnels post-acquisition.<\/p>\n<p>[\/vc_column_text][\/vc_column_inner][vc_column_inner width=&#8221;1\/2&#8243;][vc_single_image image=&#8221;11902&#8243; img_size=&#8221;full&#8221; alignment=&#8221;center&#8221;][\/vc_column_inner][\/vc_row_inner][stm_spacing lg_spacing=&#8221;30&#8243; md_spacing=&#8221;30&#8243; sm_spacing=&#8221;18&#8243; xs_spacing=&#8221;12&#8243;][\/vc_column][\/vc_row][vc_row css=&#8221;.vc_custom_1749167881151{padding-top: 60px !important;padding-bottom: 100px !important;background-color: #ffffff !important;}&#8221;][vc_column][vc_row_inner content_placement=&#8221;middle&#8221; gap=&#8221;20&#8243;][vc_column_inner width=&#8221;1\/2&#8243;][vc_column_text]<\/p>\n<h2 style=\"text-align: left;\"><strong>Pourquoi les fonds de private equity font confiance \u00e0 OSICS Network ?<\/strong><\/h2>\n<p style=\"text-align: justify;\">Dans un environnement o\u00f9 la r\u00e9ussite d\u2019une acquisition d\u00e9pend de plus en plus de l&#8217;excellence op\u00e9rationnelle post-deal, OSICS se positionne comme un partenaire strat\u00e9gique essentiel. Nos clients en private equity choisissent OSICS pour trois raisons majeures :<\/p>\n<ul style=\"text-align: justify;\">\n<li><strong>Notre capacit\u00e9 \u00e0 intervenir sur toute la cha\u00eene de valeur<\/strong> de l&#8217;acquisition, du diagnostic initial \u00e0 l&#8217;ex\u00e9cution de la transformation industrielle ;<\/li>\n<li><strong>Notre orientation r\u00e9sultats<\/strong>, qui privil\u00e9gie des actions r\u00e9alistes et concr\u00e8tes, quantifiables et directement align\u00e9es sur les objectifs financiers de l\u2019investissement ;<\/li>\n<li><strong>Notre flexibilit\u00e9<\/strong>, qui nous permet d\u2019adapter nos \u00e9quipes, nos m\u00e9thodes et nos rythmes d\u2019intervention aux besoins sp\u00e9cifiques de chaque projet et aux particularit\u00e9s de chaque actif.<\/li>\n<\/ul>\n<p style=\"text-align: justify;\">Gr\u00e2ce \u00e0 cette approche, nous avons aid\u00e9 nos clients \u00e0 s\u00e9curiser des acquisitions complexes, \u00e0 capter des synergies industrielles substantielles, \u00e0 acc\u00e9l\u00e9rer la mont\u00e9e en conformit\u00e9 qualit\u00e9 et \u00e0 optimiser durablement la performance financi\u00e8re de leurs actifs.<\/p>\n<p>[\/vc_column_text][\/vc_column_inner][vc_column_inner width=&#8221;1\/2&#8243; css=&#8221;.vc_custom_1698598658443{padding-top: 50px !important;padding-right: 50px !important;padding-bottom: 50px !important;padding-left: 50px !important;background-color: #f9f9f9 !important;}&#8221;][vc_column_text]<\/p>\n<h3 style=\"text-align: left;\"><strong>Acc\u00e9l\u00e9rez votre r\u00e9ussite dans la pharma et la biotech avec le r\u00e9seau OSICS<\/strong><\/h3>\n<p style=\"text-align: justify;\">Dans la pharma et la biotech, le temps est un facteur critique. Chaque jour qui passe apr\u00e8s une acquisition sans pilotage efficace repr\u00e9sente une perte de valeur potentielle.<\/p>\n<blockquote>\n<p style=\"text-align: justify;\">Chaque inertie organisationnelle ou industrielle non trait\u00e9e peut se traduire par un retard de synergie, un \u00e9cart de conformit\u00e9, ou une sous-performance financi\u00e8re.<\/p>\n<\/blockquote>\n<p style=\"text-align: justify;\">Avec OSICS, vous b\u00e9n\u00e9ficiez d\u2019un partenaire capable d\u2019anticiper ces risques, de structurer vos plans de cr\u00e9ation de valeur, et de piloter leur ex\u00e9cution de mani\u00e8re op\u00e9rationnelle et rigoureuse. Notre approche est con\u00e7ue pour transformer la complexit\u00e9 industrielle en leviers de croissance, et pour maximiser le retour sur investissement de vos projets d\u2019acquisition dans la pharma et la biotech.<\/p>\n<p>[\/vc_column_text][\/vc_column_inner][\/vc_row_inner][stm_spacing lg_spacing=&#8221;30&#8243; md_spacing=&#8221;30&#8243; sm_spacing=&#8221;18&#8243; xs_spacing=&#8221;12&#8243;][\/vc_column][\/vc_row][vc_row full_width=&#8221;stretch_row&#8221; equal_height=&#8221;yes&#8221; css=&#8221;.vc_custom_1698505019463{margin-bottom: -60px !important;background-color: #f4f4f4 !important;}&#8221;][vc_column width=&#8221;1\/2&#8243; css=&#8221;.vc_custom_1553422640194{padding-right: 15px !important;}&#8221;][stm_spacing lg_spacing=&#8221;85&#8243; md_spacing=&#8221;85&#8243; sm_spacing=&#8221;70&#8243; xs_spacing=&#8221;70&#8243;][vc_custom_heading stripe_pos=&#8221;hide&#8221; text=&#8221;Vous cherchez \u00e0 mieux<br \/>\ncadrer vos enjeux strat\u00e9giques ?&#8221; font_container=&#8221;tag:h2|text_align:left|color:%23658a1d&#8221; use_theme_fonts=&#8221;yes&#8221;][stm_spacing lg_spacing=&#8221;6&#8243; md_spacing=&#8221;6&#8243; sm_spacing=&#8221;6&#8243; xs_spacing=&#8221;6&#8243;][vc_column_text css=&#8221;.vc_custom_1749167624396{padding-right: 20px !important;padding-left: 0px !important;}&#8221;]Chez OSICS, chaque mission de conseil s\u2019appuie sur une compr\u00e9hension fine de vos objectifs d\u2019affaires, de votre secteur et de votre r\u00e9alit\u00e9 op\u00e9rationnelle. Notre approche sur mesure aide les organisations \u00e0 prendre les bonnes d\u00e9cisions, au bon moment, avec les bons partenaires.[\/vc_column_text][vc_column_text]<\/p>\n<ul>\n<li><a href=\"https:\/\/osicsnetwork.com\/fr\/contextes-et-defis\/\">D\u00e9fis commerciaux<\/a><\/li>\n<li><a href=\"https:\/\/osicsnetwork.com\/fr\/objectifs-projets\/\">Objectifs et buts d&#8217;entreprise<\/a><\/li>\n<li><a href=\"https:\/\/osicsnetwork.com\/fr\/ressources\/\">Experts et consultants ind\u00e9pendants<\/a><\/li>\n<li><a href=\"https:\/\/osicsnetwork.com\/fr\/services\/\">Les services d&#8217;OSICS<\/a><\/li>\n<\/ul>\n<p>[\/vc_column_text][vc_btn title=&#8221;Contact&#8221; style=&#8221;custom&#8221; custom_background=&#8221;#658c1c&#8221; custom_text=&#8221;#ffffff&#8221; shape=&#8221;square&#8221; size=&#8221;sm&#8221; link=&#8221;url:https%3A%2F%2Fosicsnetwork.com%2Ffr%2Fcontact%2F&#8221;][stm_spacing lg_spacing=&#8221;80&#8243; md_spacing=&#8221;80&#8243; sm_spacing=&#8221;60&#8243; xs_spacing=&#8221;60&#8243;][\/vc_column][vc_column stretch=&#8221;right&#8221; width=&#8221;1\/2&#8243; css=&#8221;.vc_custom_1698969367227{background-image: url(https:\/\/osicsnetwork.com\/wp-content\/uploads\/2023\/11\/shutterstock_313766822BIS.jpg?id=8012) !important;background-position: center !important;background-repeat: no-repeat !important;background-size: cover !important;}&#8221; offset=&#8221;vc_hidden-xs&#8221;][\/vc_column][\/vc_row]<\/p>\n<\/div>","protected":false},"excerpt":{"rendered":"<p>[vc_row css=&#8221;.vc_custom_1697673798322{padding-top: 80px !important;padding-bottom: 80px !important;background-color: #ffffff !important;}&#8221;][vc_column][vc_custom_heading text=&#8221;Private Equity et pharma : maximisez vos investissements avec OSICS Network&#8221; font_container=&#8221;tag:h1|text_align:center|color:%23658a1d&#8221; use_theme_fonts=&#8221;yes&#8221; subtitle=&#8221;Organisation sana in corporation sano&#8221;][stm_spacing lg_spacing=&#8221;30&#8243; md_spacing=&#8221;30&#8243; sm_spacing=&#8221;18&#8243; xs_spacing=&#8221;12&#8243;][vc_row_inner content_placement=&#8221;middle&#8221; gap=&#8221;20&#8243;][vc_column_inner width=&#8221;1\/2&#8243;][vc_column_text] Cr\u00e9er de la valeur durable dans un environnement pharmaceutique complexe Investir dans les secteurs pharmaceutique et biotechnologique repr\u00e9sente une opportunit\u00e9 strat\u00e9gique consid\u00e9rable<\/p>\n","protected":false},"author":1,"featured_media":11902,"parent":0,"menu_order":0,"comment_status":"closed","ping_status":"closed","template":"","meta":{"footnotes":""},"class_list":["post-11866","page","type-page","status-publish","has-post-thumbnail","hentry"],"yoast_head":"<!-- This site is optimized with the Yoast SEO plugin v27.1.1 - https:\/\/yoast.com\/product\/yoast-seo-wordpress\/ -->\n<title>Private Equity Pharma : Due Diligence, Optimisation et Transformation | OSICS Network<\/title>\n<meta name=\"description\" content=\"Le r\u00e9seau OSICS accompagne les fonds de Private Equity dans leurs investissements Pharma\/Biotech : Due Diligence, Transformation, Optimisation et Pilotage post-M&amp;A.\" \/>\n<meta name=\"robots\" content=\"index, follow, max-snippet:-1, max-image-preview:large, max-video-preview:-1\" \/>\n<link rel=\"canonical\" href=\"https:\/\/osicsnetwork.com\/fr\/private-equity-pharma\/\" \/>\n<meta property=\"og:locale\" content=\"fr_FR\" \/>\n<meta property=\"og:type\" content=\"article\" \/>\n<meta property=\"og:title\" content=\"Private Equity Pharma : Due Diligence, Optimisation et Transformation | OSICS Network\" \/>\n<meta property=\"og:description\" content=\"Le r\u00e9seau OSICS accompagne les fonds de Private Equity dans leurs investissements Pharma\/Biotech : Due Diligence, Transformation, Optimisation et Pilotage post-M&amp;A.\" \/>\n<meta property=\"og:url\" content=\"https:\/\/osicsnetwork.com\/fr\/private-equity-pharma\/\" \/>\n<meta property=\"og:site_name\" content=\"Osicsnetwork.com\" \/>\n<meta property=\"article:modified_time\" content=\"2026-03-17T21:36:58+00:00\" \/>\n<meta property=\"og:image\" content=\"https:\/\/osicsnetwork.com\/wp-content\/uploads\/2025\/06\/PRIVATE.webp\" \/>\n\t<meta property=\"og:image:width\" content=\"928\" \/>\n\t<meta property=\"og:image:height\" content=\"1232\" \/>\n\t<meta property=\"og:image:type\" content=\"image\/png\" \/>\n<meta name=\"twitter:card\" content=\"summary_large_image\" \/>\n<meta name=\"twitter:label1\" content=\"Dur\u00e9e de lecture estim\u00e9e\" \/>\n\t<meta name=\"twitter:data1\" content=\"4 minutes\" \/>\n<!-- \/ Yoast SEO plugin. -->","yoast_head_json":{"title":"Private Equity Pharma : Due Diligence, Optimisation et Transformation | OSICS Network","description":"Le r\u00e9seau OSICS accompagne les fonds de Private Equity dans leurs investissements Pharma\/Biotech : Due Diligence, Transformation, Optimisation et Pilotage post-M&A.","robots":{"index":"index","follow":"follow","max-snippet":"max-snippet:-1","max-image-preview":"max-image-preview:large","max-video-preview":"max-video-preview:-1"},"canonical":"https:\/\/osicsnetwork.com\/fr\/private-equity-pharma\/","og_locale":"fr_FR","og_type":"article","og_title":"Private Equity Pharma : Due Diligence, Optimisation et Transformation | OSICS Network","og_description":"Le r\u00e9seau OSICS accompagne les fonds de Private Equity dans leurs investissements Pharma\/Biotech : Due Diligence, Transformation, Optimisation et Pilotage post-M&A.","og_url":"https:\/\/osicsnetwork.com\/fr\/private-equity-pharma\/","og_site_name":"Osicsnetwork.com","article_modified_time":"2026-03-17T21:36:58+00:00","og_image":[{"width":928,"height":1232,"url":"https:\/\/osicsnetwork.com\/wp-content\/uploads\/2025\/06\/PRIVATE.webp","type":"image\/png"}],"twitter_card":"summary_large_image","twitter_misc":{"Dur\u00e9e de lecture estim\u00e9e":"4 minutes"},"schema":{"@context":"https:\/\/schema.org","@graph":[{"@type":"WebPage","@id":"https:\/\/osicsnetwork.com\/fr\/private-equity-pharma\/","url":"https:\/\/osicsnetwork.com\/fr\/private-equity-pharma\/","name":"Private Equity Pharma : Due Diligence, Optimisation et Transformation | OSICS Network","isPartOf":{"@id":"https:\/\/osicsnetwork.com\/fr\/#website"},"primaryImageOfPage":{"@id":"https:\/\/osicsnetwork.com\/fr\/private-equity-pharma\/#primaryimage"},"image":{"@id":"https:\/\/osicsnetwork.com\/fr\/private-equity-pharma\/#primaryimage"},"thumbnailUrl":"https:\/\/osicsnetwork.com\/wp-content\/uploads\/2025\/06\/PRIVATE.webp","datePublished":"2025-06-05T16:33:38+00:00","dateModified":"2026-03-17T21:36:58+00:00","description":"Le r\u00e9seau OSICS accompagne les fonds de Private Equity dans leurs investissements Pharma\/Biotech : Due Diligence, Transformation, Optimisation et Pilotage post-M&A.","breadcrumb":{"@id":"https:\/\/osicsnetwork.com\/fr\/private-equity-pharma\/#breadcrumb"},"inLanguage":"fr-FR","potentialAction":[{"@type":"ReadAction","target":["https:\/\/osicsnetwork.com\/fr\/private-equity-pharma\/"]}]},{"@type":"ImageObject","inLanguage":"fr-FR","@id":"https:\/\/osicsnetwork.com\/fr\/private-equity-pharma\/#primaryimage","url":"https:\/\/osicsnetwork.com\/wp-content\/uploads\/2025\/06\/PRIVATE.webp","contentUrl":"https:\/\/osicsnetwork.com\/wp-content\/uploads\/2025\/06\/PRIVATE.webp","width":928,"height":1232},{"@type":"BreadcrumbList","@id":"https:\/\/osicsnetwork.com\/fr\/private-equity-pharma\/#breadcrumb","itemListElement":[{"@type":"ListItem","position":1,"name":"Home","item":"https:\/\/osicsnetwork.com\/fr\/"},{"@type":"ListItem","position":2,"name":"Private Equity &#038; Pharma"}]},{"@type":"WebSite","@id":"https:\/\/osicsnetwork.com\/fr\/#website","url":"https:\/\/osicsnetwork.com\/fr\/","name":"Osicsnetwork.com","description":"Consulting firm","publisher":{"@id":"https:\/\/osicsnetwork.com\/fr\/#organization"},"alternateName":"Osics Network","potentialAction":[{"@type":"SearchAction","target":{"@type":"EntryPoint","urlTemplate":"https:\/\/osicsnetwork.com\/fr\/?s={search_term_string}"},"query-input":{"@type":"PropertyValueSpecification","valueRequired":true,"valueName":"search_term_string"}}],"inLanguage":"fr-FR"},{"@type":"Organization","@id":"https:\/\/osicsnetwork.com\/fr\/#organization","name":"Osics Network","alternateName":"Osics consulting firm","url":"https:\/\/osicsnetwork.com\/fr\/","logo":{"@type":"ImageObject","inLanguage":"fr-FR","@id":"https:\/\/osicsnetwork.com\/fr\/#\/schema\/logo\/image\/","url":"https:\/\/osicsnetwork.com\/wp-content\/uploads\/2023\/09\/IMG_E0240-1.jpg","contentUrl":"https:\/\/osicsnetwork.com\/wp-content\/uploads\/2023\/09\/IMG_E0240-1.jpg","width":1040,"height":532,"caption":"Osics Network"},"image":{"@id":"https:\/\/osicsnetwork.com\/fr\/#\/schema\/logo\/image\/"}}]}},"_links":{"self":[{"href":"https:\/\/osicsnetwork.com\/fr\/wp-json\/wp\/v2\/pages\/11866","targetHints":{"allow":["GET"]}}],"collection":[{"href":"https:\/\/osicsnetwork.com\/fr\/wp-json\/wp\/v2\/pages"}],"about":[{"href":"https:\/\/osicsnetwork.com\/fr\/wp-json\/wp\/v2\/types\/page"}],"author":[{"embeddable":true,"href":"https:\/\/osicsnetwork.com\/fr\/wp-json\/wp\/v2\/users\/1"}],"replies":[{"embeddable":true,"href":"https:\/\/osicsnetwork.com\/fr\/wp-json\/wp\/v2\/comments?post=11866"}],"version-history":[{"count":0,"href":"https:\/\/osicsnetwork.com\/fr\/wp-json\/wp\/v2\/pages\/11866\/revisions"}],"wp:featuredmedia":[{"embeddable":true,"href":"https:\/\/osicsnetwork.com\/fr\/wp-json\/wp\/v2\/media\/11902"}],"wp:attachment":[{"href":"https:\/\/osicsnetwork.com\/fr\/wp-json\/wp\/v2\/media?parent=11866"}],"curies":[{"name":"wp","href":"https:\/\/api.w.org\/{rel}","templated":true}]}}